{"id":12601,"date":"2026-05-08T14:24:00","date_gmt":"2026-05-08T11:24:00","guid":{"rendered":"https:\/\/jyvaskylankesa.fi\/?post_type=product&#038;p=12601"},"modified":"2026-05-15T10:39:29","modified_gmt":"2026-05-15T07:39:29","slug":"kapun-kesaklubi-heikki-salo-lasse-hirvi","status":"publish","type":"product","link":"https:\/\/jyvaskylankesa.fi\/en\/tuote\/kapun-kesaklubi-heikki-salo-lasse-hirvi\/","title":{"rendered":"Kapun kes\u00e4klubi: Heikki Salo &#038; Lasse Hirvi"},"content":{"rendered":"<p><strong>Heikki Salo<\/strong> tunnetaan parhaiten<strong> Miljoonasade<\/strong> -yhtyeen keulakuvana, mutta h\u00e4n on toiminut my\u00f6s monissa muissa yhtyeiss\u00e4 kuten <strong>SaloRantala Soi<\/strong> yhdess\u00e4 <strong>Iiro Rantalan<\/strong> kanssa ja <strong>Herra Hein\u00e4m\u00e4en<\/strong> <strong>Lato-orkesterissa<\/strong>. H\u00e4n on julkaissut soololevyj\u00e4, kirjoja, n\u00e4ytelmi\u00e4, elokuva- ja tv-k\u00e4sikirjoituksia. Salo on palkittu <strong>Junnu Vainio<\/strong>&#8211; ja <strong>Reino Helismaa<\/strong> -palkinnoilla sek\u00e4 Taiteen valtionpalkinnolla. Salo kirjoittaa parhaillaan musikaalia, jonka musiikkimateriaali koostuu Miljoonasateen biiseist\u00e4. Musikaalin ensi-ilta on syksyll\u00e4 2027. Yhdess\u00e4 Salon kanssa esiintyy Kapu, eli kapellimestari-pianisti<strong> Lasse Hirvi<\/strong>.<\/p>\n<p>Tervetuloa tunnelmoimaan kauniiseen milj\u00f6\u00f6seen!<\/p>\n<p>Lis\u00e4tietoja ja liput: <a href=\"https:\/\/toivolanpiha.fi\/tapahtumat\/7-7-2026-kapun-kesaklubi-solistina-heikki-salo\/\">toivolanpiha.fi<\/a><\/p>\n<p>Kuva: Jussi-Pekka Arkkola<\/p>","protected":false},"excerpt":{"rendered":"<p>Heikki Salo tunnetaan parhaiten Miljoonasade -yhtyeen keulakuvana, mutta h\u00e4n on toiminut my\u00f6s monissa muissa yhtyeiss\u00e4 kuten SaloRantala Soi yhdess\u00e4 Iiro Rantalan kanssa ja Herra Hein\u00e4m\u00e4en Lato-orkesterissa. H\u00e4n on julkaissut soololevyj\u00e4, kirjoja, n\u00e4ytelmi\u00e4, elokuva- ja tv-k\u00e4sikirjoituksia. Salo on palkittu Junnu Vainio&#8211; ja Reino Helismaa -palkinnoilla sek\u00e4 Taiteen valtionpalkinnolla. Salo kirjoittaa parhaillaan musikaalia, jonka musiikkimateriaali koostuu Miljoonasateen [&hellip;]<\/p>\n","protected":false},"author":13,"featured_media":12602,"comment_status":"closed","ping_status":"closed","template":"","meta":{"_acf_changed":false},"product_brand":[],"product_cat":[549],"product_tag":[],"ticket_category":[550],"class_list":{"0":"post-12601","1":"product","2":"type-product","3":"status-publish","4":"has-post-thumbnail","6":"product_cat-liput","8":"first","9":"instock","10":"taxable","11":"shipping-taxable","12":"product-type-external"},"acf":[],"_links":{"self":[{"href":"https:\/\/jyvaskylankesa.fi\/en\/wp-json\/wp\/v2\/product\/12601","targetHints":{"allow":["GET"]}}],"collection":[{"href":"https:\/\/jyvaskylankesa.fi\/en\/wp-json\/wp\/v2\/product"}],"about":[{"href":"https:\/\/jyvaskylankesa.fi\/en\/wp-json\/wp\/v2\/types\/product"}],"author":[{"embeddable":true,"href":"https:\/\/jyvaskylankesa.fi\/en\/wp-json\/wp\/v2\/users\/13"}],"replies":[{"embeddable":true,"href":"https:\/\/jyvaskylankesa.fi\/en\/wp-json\/wp\/v2\/comments?post=12601"}],"wp:featuredmedia":[{"embeddable":true,"href":"https:\/\/jyvaskylankesa.fi\/en\/wp-json\/wp\/v2\/media\/12602"}],"wp:attachment":[{"href":"https:\/\/jyvaskylankesa.fi\/en\/wp-json\/wp\/v2\/media?parent=12601"}],"wp:term":[{"taxonomy":"product_brand","embeddable":true,"href":"https:\/\/jyvaskylankesa.fi\/en\/wp-json\/wp\/v2\/product_brand?post=12601"},{"taxonomy":"product_cat","embeddable":true,"href":"https:\/\/jyvaskylankesa.fi\/en\/wp-json\/wp\/v2\/product_cat?post=12601"},{"taxonomy":"product_tag","embeddable":true,"href":"https:\/\/jyvaskylankesa.fi\/en\/wp-json\/wp\/v2\/product_tag?post=12601"},{"taxonomy":"ticket_category","embeddable":true,"href":"https:\/\/jyvaskylankesa.fi\/en\/wp-json\/wp\/v2\/ticket_category?post=12601"}],"curies":[{"name":"wp","href":"https:\/\/api.w.org\/{rel}","templated":true}]}}