{"id":12598,"date":"2026-05-08T14:19:04","date_gmt":"2026-05-08T11:19:04","guid":{"rendered":"https:\/\/jyvaskylankesa.fi\/?post_type=product&#038;p=12598"},"modified":"2026-05-15T10:34:25","modified_gmt":"2026-05-15T07:34:25","slug":"kapun-kesaklubi-johanna-forsti-lasse-hirvi","status":"publish","type":"product","link":"https:\/\/jyvaskylankesa.fi\/en\/tuote\/kapun-kesaklubi-johanna-forsti-lasse-hirvi\/","title":{"rendered":"Kapun kes\u00e4klubi: Johanna F\u00f6rsti &#038; Lasse Hirvi"},"content":{"rendered":"<p>Soul-musiikin Suomen kuningatar <strong>Johanna F\u00f6rsti<\/strong> saapuu solistivieraaksi Kapun kes\u00e4klubille 5.7. klo 20.30. Johannan kanssa lavalla n\u00e4hd\u00e4\u00e4n Kapu, eli kapellimestari ja pianisti <strong>Lasse Hirvi<\/strong>.<\/p>\n<p>Johanna tarjoaa Suomen mittakaavassa poikkeuksellisen v\u00e4kevi\u00e4 tulkintoja kotimaisista ja kansainv\u00e4lisist\u00e4 rytmimusiikin helmist\u00e4. N\u00e4iden tulkintojen \u00e4\u00e4rell\u00e4 kuulijan on hyv\u00e4 olla.<\/p>\n<p>Lis\u00e4tietoja ja liput: <a href=\"https:\/\/toivolanpiha.fi\/tapahtumat\/5-7-2026-kapun-kesaklubi-solistina-johanna-forsti\/\">toivolanpiha.fi<\/a><\/p>\n<p>Kuva: Tero Ahonen<\/p>","protected":false},"excerpt":{"rendered":"<p>Soul-musiikin Suomen kuningatar Johanna F\u00f6rsti saapuu solistivieraaksi Kapun kes\u00e4klubille 5.7. klo 20.30. Johannan kanssa lavalla n\u00e4hd\u00e4\u00e4n Kapu, eli kapellimestari ja pianisti Lasse Hirvi. Johanna tarjoaa Suomen mittakaavassa poikkeuksellisen v\u00e4kevi\u00e4 tulkintoja kotimaisista ja kansainv\u00e4lisist\u00e4 rytmimusiikin helmist\u00e4. N\u00e4iden tulkintojen \u00e4\u00e4rell\u00e4 kuulijan on hyv\u00e4 olla. Lis\u00e4tietoja ja liput: toivolanpiha.fi Kuva: Tero Ahonen<\/p>","protected":false},"author":13,"featured_media":12599,"comment_status":"closed","ping_status":"closed","template":"","meta":{"_acf_changed":false},"product_brand":[],"product_cat":[549],"product_tag":[],"ticket_category":[550],"class_list":{"0":"post-12598","1":"product","2":"type-product","3":"status-publish","4":"has-post-thumbnail","6":"product_cat-liput","8":"first","9":"instock","10":"taxable","11":"shipping-taxable","12":"product-type-external"},"acf":[],"_links":{"self":[{"href":"https:\/\/jyvaskylankesa.fi\/en\/wp-json\/wp\/v2\/product\/12598","targetHints":{"allow":["GET"]}}],"collection":[{"href":"https:\/\/jyvaskylankesa.fi\/en\/wp-json\/wp\/v2\/product"}],"about":[{"href":"https:\/\/jyvaskylankesa.fi\/en\/wp-json\/wp\/v2\/types\/product"}],"author":[{"embeddable":true,"href":"https:\/\/jyvaskylankesa.fi\/en\/wp-json\/wp\/v2\/users\/13"}],"replies":[{"embeddable":true,"href":"https:\/\/jyvaskylankesa.fi\/en\/wp-json\/wp\/v2\/comments?post=12598"}],"wp:featuredmedia":[{"embeddable":true,"href":"https:\/\/jyvaskylankesa.fi\/en\/wp-json\/wp\/v2\/media\/12599"}],"wp:attachment":[{"href":"https:\/\/jyvaskylankesa.fi\/en\/wp-json\/wp\/v2\/media?parent=12598"}],"wp:term":[{"taxonomy":"product_brand","embeddable":true,"href":"https:\/\/jyvaskylankesa.fi\/en\/wp-json\/wp\/v2\/product_brand?post=12598"},{"taxonomy":"product_cat","embeddable":true,"href":"https:\/\/jyvaskylankesa.fi\/en\/wp-json\/wp\/v2\/product_cat?post=12598"},{"taxonomy":"product_tag","embeddable":true,"href":"https:\/\/jyvaskylankesa.fi\/en\/wp-json\/wp\/v2\/product_tag?post=12598"},{"taxonomy":"ticket_category","embeddable":true,"href":"https:\/\/jyvaskylankesa.fi\/en\/wp-json\/wp\/v2\/ticket_category?post=12598"}],"curies":[{"name":"wp","href":"https:\/\/api.w.org\/{rel}","templated":true}]}}