{"id":12552,"date":"2026-05-07T13:26:24","date_gmt":"2026-05-07T10:26:24","guid":{"rendered":"https:\/\/jyvaskylankesa.fi\/?post_type=product&#038;p=12552"},"modified":"2026-05-15T10:30:10","modified_gmt":"2026-05-15T07:30:10","slug":"kapun-kesaklubi-paleface-lasse-hirvi","status":"publish","type":"product","link":"https:\/\/jyvaskylankesa.fi\/en\/tuote\/kapun-kesaklubi-paleface-lasse-hirvi\/","title":{"rendered":"Kapun kes\u00e4klubi: Paleface &#038; Lasse Hirvi"},"content":{"rendered":"<p><strong>Paleface<\/strong> eli <strong>Karri Miettinen<\/strong> esiintyy yhdess\u00e4 kapu <strong>Lasse Hirven<\/strong> kanssa Toivolan vanhalla pihalla Jyv\u00e4skyl\u00e4n Kes\u00e4n avajaisp\u00e4iv\u00e4n\u00e4 1.7. klo 20.30.<\/p>\n<p>Karri on mittavan rap-artistin uransa lis\u00e4ksi ansioitunut my\u00f6s laulajana, kirjailijana, radio- ja podcast toimittajana, n\u00e4yttelij\u00e4n\u00e4 sek\u00e4 aktiivisena ihmisoikeuksien puolestapuhujana.<\/p>\n<p>T\u00e4ss\u00e4 v\u00e4kev\u00e4ss\u00e4 lauluillassa Karri vet\u00e4\u00e4 vahvan kokonaisuuden lauluja ja tarinoita musiikin eri genreiss\u00e4!<\/p>\n<p>Lue lis\u00e4\u00e4 ja osta liput: <a href=\"https:\/\/toivolanpiha.fi\/tapahtumat\/1-7-2026-kapun-kesaklubi-solistina-paleface\/\">toivolanpiha.fi<\/a><\/p>\n<p>Kuva: Joni Sarkki<\/p>","protected":false},"excerpt":{"rendered":"<p>Paleface eli Karri Miettinen esiintyy yhdess\u00e4 kapu Lasse Hirven kanssa Toivolan vanhalla pihalla Jyv\u00e4skyl\u00e4n Kes\u00e4n avajaisp\u00e4iv\u00e4n\u00e4 1.7. klo 20.30. Karri on mittavan rap-artistin uransa lis\u00e4ksi ansioitunut my\u00f6s laulajana, kirjailijana, radio- ja podcast toimittajana, n\u00e4yttelij\u00e4n\u00e4 sek\u00e4 aktiivisena ihmisoikeuksien puolestapuhujana. T\u00e4ss\u00e4 v\u00e4kev\u00e4ss\u00e4 lauluillassa Karri vet\u00e4\u00e4 vahvan kokonaisuuden lauluja ja tarinoita musiikin eri genreiss\u00e4! Lue lis\u00e4\u00e4 ja osta [&hellip;]<\/p>\n","protected":false},"author":13,"featured_media":12596,"comment_status":"closed","ping_status":"closed","template":"","meta":{"_acf_changed":false},"product_brand":[],"product_cat":[549],"product_tag":[],"ticket_category":[550],"class_list":{"0":"post-12552","1":"product","2":"type-product","3":"status-publish","4":"has-post-thumbnail","6":"product_cat-liput","8":"first","9":"instock","10":"taxable","11":"shipping-taxable","12":"product-type-external"},"acf":[],"_links":{"self":[{"href":"https:\/\/jyvaskylankesa.fi\/en\/wp-json\/wp\/v2\/product\/12552","targetHints":{"allow":["GET"]}}],"collection":[{"href":"https:\/\/jyvaskylankesa.fi\/en\/wp-json\/wp\/v2\/product"}],"about":[{"href":"https:\/\/jyvaskylankesa.fi\/en\/wp-json\/wp\/v2\/types\/product"}],"author":[{"embeddable":true,"href":"https:\/\/jyvaskylankesa.fi\/en\/wp-json\/wp\/v2\/users\/13"}],"replies":[{"embeddable":true,"href":"https:\/\/jyvaskylankesa.fi\/en\/wp-json\/wp\/v2\/comments?post=12552"}],"wp:featuredmedia":[{"embeddable":true,"href":"https:\/\/jyvaskylankesa.fi\/en\/wp-json\/wp\/v2\/media\/12596"}],"wp:attachment":[{"href":"https:\/\/jyvaskylankesa.fi\/en\/wp-json\/wp\/v2\/media?parent=12552"}],"wp:term":[{"taxonomy":"product_brand","embeddable":true,"href":"https:\/\/jyvaskylankesa.fi\/en\/wp-json\/wp\/v2\/product_brand?post=12552"},{"taxonomy":"product_cat","embeddable":true,"href":"https:\/\/jyvaskylankesa.fi\/en\/wp-json\/wp\/v2\/product_cat?post=12552"},{"taxonomy":"product_tag","embeddable":true,"href":"https:\/\/jyvaskylankesa.fi\/en\/wp-json\/wp\/v2\/product_tag?post=12552"},{"taxonomy":"ticket_category","embeddable":true,"href":"https:\/\/jyvaskylankesa.fi\/en\/wp-json\/wp\/v2\/ticket_category?post=12552"}],"curies":[{"name":"wp","href":"https:\/\/api.w.org\/{rel}","templated":true}]}}