{"id":12359,"date":"2026-04-28T10:13:59","date_gmt":"2026-04-28T07:13:59","guid":{"rendered":"https:\/\/jyvaskylankesa.fi\/?post_type=product&#038;p=12359"},"modified":"2026-05-05T12:41:29","modified_gmt":"2026-05-05T09:41:29","slug":"maaviisautta-tarinateatteriesitys-puutarhassa","status":"publish","type":"product","link":"https:\/\/jyvaskylankesa.fi\/en\/tuote\/maaviisautta-tarinateatteriesitys-puutarhassa\/","title":{"rendered":"Storytelling in the garden!"},"content":{"rendered":"<p><span data-contrast=\"auto\">The soil breathes beneath our feet \u2013 and calls to us. Vibrant soil is the foundation of all life and the core of planetary well-being. A storytelling theater performance, born in the heart of the garden, invites us to share emotions and thoughts about the significance of soil. The performance will be created through improvisation, together with the rest of nature.<\/span><span data-ccp-props=\"{}\">\u00a0<\/span><\/p>\n<p><span data-contrast=\"auto\">An artist from Pirkanmaa <strong>Story Theater Raakku<\/strong> together with researchers of environmental education and eco- and environmental psychology <strong>Anna Lehtonen<\/strong> yes <strong>Kirsi Salonen<\/strong> with. In charge of <strong>Tanja Parantainen<\/strong> I love music <strong>Risto H\u00e4rk\u00f6nen<\/strong>.<\/span><span data-ccp-props=\"{}\">\u00a0<\/span><\/p>\n<p><span data-contrast=\"auto\">Let's attune ourselves to the rhythm of the soil \u2013 and hear the voice of nature and yours.<\/span><span data-ccp-props=\"{}\">\u00a0<\/span><\/p>\n<p><span data-contrast=\"auto\">The event will take place rain or shine.<\/span><span data-ccp-props=\"{}\">\u00a0<\/span><\/p>\n<p>&nbsp;<\/p>\n<p><img loading=\"lazy\" decoding=\"async\" class=\"alignnone wp-image-12362\" src=\"https:\/\/jyvaskylankesa.fi\/wp-content\/uploads\/2026\/04\/Anna-Lehtonen-1.jpg\" alt=\"\" width=\"350\" height=\"263\" srcset=\"https:\/\/jyvaskylankesa.fi\/wp-content\/uploads\/2026\/04\/Anna-Lehtonen-1.jpg 912w, https:\/\/jyvaskylankesa.fi\/wp-content\/uploads\/2026\/04\/Anna-Lehtonen-1-400x300.jpg 400w, https:\/\/jyvaskylankesa.fi\/wp-content\/uploads\/2026\/04\/Anna-Lehtonen-1-768x576.jpg 768w, https:\/\/jyvaskylankesa.fi\/wp-content\/uploads\/2026\/04\/Anna-Lehtonen-1-600x450.jpg 600w\" sizes=\"auto, (max-width: 350px) 100vw, 350px\" \/><\/p>\n<p><span data-contrast=\"auto\"><strong>Anna Lehtonen<\/strong>\u00a0works as a researcher in education for sustainable development at the Finnish Institute for Educational Research at the University of Jyv\u00e4skyl\u00e4. She practices narrative theatre with Raaku and loves nature.<\/span><span data-ccp-props=\"{}\">\u00a0<\/span><\/p>\n<p>&nbsp;<\/p>\n<p><img loading=\"lazy\" decoding=\"async\" class=\"alignnone wp-image-12363\" src=\"https:\/\/jyvaskylankesa.fi\/wp-content\/uploads\/2026\/04\/Kirsi-Salonen-1024x576.jpg\" alt=\"\" width=\"407\" height=\"229\" srcset=\"https:\/\/jyvaskylankesa.fi\/wp-content\/uploads\/2026\/04\/Kirsi-Salonen-1024x576.jpg 1024w, https:\/\/jyvaskylankesa.fi\/wp-content\/uploads\/2026\/04\/Kirsi-Salonen-400x225.jpg 400w, https:\/\/jyvaskylankesa.fi\/wp-content\/uploads\/2026\/04\/Kirsi-Salonen-768x432.jpg 768w, https:\/\/jyvaskylankesa.fi\/wp-content\/uploads\/2026\/04\/Kirsi-Salonen-600x338.jpg 600w, https:\/\/jyvaskylankesa.fi\/wp-content\/uploads\/2026\/04\/Kirsi-Salonen.jpg 1280w\" sizes=\"auto, (max-width: 407px) 100vw, 407px\" \/><\/p>\n<p><span data-contrast=\"auto\"><strong>Kirsi Salonen<\/strong> is an eco- and environmental psychologist, psychotherapist, and postdoctoral researcher at the University of Tampere. Nature in its various forms is both a passion and a life's work for Kirsi.\u00a0<\/span><span data-ccp-props=\"{}\">\u00a0<\/span><\/p>\n<p>&nbsp;<\/p>\n<p><img loading=\"lazy\" decoding=\"async\" class=\"alignnone wp-image-12364\" src=\"https:\/\/jyvaskylankesa.fi\/wp-content\/uploads\/2026\/04\/Tanja-Parantainen-1024x769.jpg\" alt=\"\" width=\"367\" height=\"275\" srcset=\"https:\/\/jyvaskylankesa.fi\/wp-content\/uploads\/2026\/04\/Tanja-Parantainen-1024x769.jpg 1024w, https:\/\/jyvaskylankesa.fi\/wp-content\/uploads\/2026\/04\/Tanja-Parantainen-1300x977.jpg 1300w, https:\/\/jyvaskylankesa.fi\/wp-content\/uploads\/2026\/04\/Tanja-Parantainen-400x301.jpg 400w, https:\/\/jyvaskylankesa.fi\/wp-content\/uploads\/2026\/04\/Tanja-Parantainen-768x577.jpg 768w, https:\/\/jyvaskylankesa.fi\/wp-content\/uploads\/2026\/04\/Tanja-Parantainen-1536x1154.jpg 1536w, https:\/\/jyvaskylankesa.fi\/wp-content\/uploads\/2026\/04\/Tanja-Parantainen-2048x1539.jpg 2048w, https:\/\/jyvaskylankesa.fi\/wp-content\/uploads\/2026\/04\/Tanja-Parantainen-600x451.jpg 600w\" sizes=\"auto, (max-width: 367px) 100vw, 367px\" \/><\/p>\n<p><span data-contrast=\"auto\"><strong>Tanja Parantainen<\/strong> is a community theater maker and story theater director from Teatteri ILMI \u00d6. Nature story theater is her favorite way to spend time with nature and people.<\/span><span data-ccp-props=\"{}\">\u00a0<\/span><\/p>\n<p>&nbsp;<\/p>\n<p><img loading=\"lazy\" decoding=\"async\" class=\"alignnone  wp-image-12365\" src=\"https:\/\/jyvaskylankesa.fi\/wp-content\/uploads\/2026\/04\/Risto-Ha\u0308rko\u0308nen.png\" alt=\"\" width=\"436\" height=\"197\" srcset=\"https:\/\/jyvaskylankesa.fi\/wp-content\/uploads\/2026\/04\/Risto-Ha\u0308rko\u0308nen.png 602w, https:\/\/jyvaskylankesa.fi\/wp-content\/uploads\/2026\/04\/Risto-Ha\u0308rko\u0308nen-400x181.png 400w, https:\/\/jyvaskylankesa.fi\/wp-content\/uploads\/2026\/04\/Risto-Ha\u0308rko\u0308nen-600x271.png 600w\" sizes=\"auto, (max-width: 436px) 100vw, 436px\" \/><\/p>\n<p><span data-contrast=\"auto\"><strong>Risto H\u00e4rk\u00f6nen<\/strong> He is a musician, a speech coach, and a vocologist, meaning an expert in the human voice, who also tunes his ear to other natural sounds.<\/span><span data-ccp-props=\"{}\">\u00a0<\/span><\/p>\n<p>&nbsp;<\/p>\n<p><img loading=\"lazy\" decoding=\"async\" class=\"alignnone  wp-image-12366\" src=\"https:\/\/jyvaskylankesa.fi\/wp-content\/uploads\/2026\/04\/Tarinateatteri-Raakku.jpg\" alt=\"\" width=\"467\" height=\"362\" srcset=\"https:\/\/jyvaskylankesa.fi\/wp-content\/uploads\/2026\/04\/Tarinateatteri-Raakku.jpg 960w, https:\/\/jyvaskylankesa.fi\/wp-content\/uploads\/2026\/04\/Tarinateatteri-Raakku-400x310.jpg 400w, https:\/\/jyvaskylankesa.fi\/wp-content\/uploads\/2026\/04\/Tarinateatteri-Raakku-768x596.jpg 768w, https:\/\/jyvaskylankesa.fi\/wp-content\/uploads\/2026\/04\/Tarinateatteri-Raakku-600x466.jpg 600w\" sizes=\"auto, (max-width: 467px) 100vw, 467px\" \/><\/p>\n<p><span data-contrast=\"auto\"><strong>Story Theater Raakku<\/strong> Raakku is a performing theater group from Pirkanmaa. In recent years, Raakku has specialized in nature storytelling theater. Raakku also features <strong>Aila Aho<\/strong>, <strong>Heikkinen Tanskanen<\/strong>, <strong>Milja Ventola\u00a0<\/strong>yes\u00a0<strong>Sanja Riihim\u00e4ki<\/strong>.\u00a0\u00a0<\/span><span data-ccp-props=\"{}\">\u00a0<\/span><\/p>\n<p>&nbsp;<\/p>","protected":false},"excerpt":{"rendered":"<p>Maaper\u00e4 hengitt\u00e4\u00e4 jalkojemme alla \u2013 ja kutsuu meit\u00e4. Elinvoimainen maaper\u00e4 on kaiken el\u00e4m\u00e4n perusta ja planetaarisen hyvinvoinnin ydin. Puutarhan keskelle syntyv\u00e4 tarinateatteriesitys kutsuu jakamaan tunteita ja ajatuksia maaper\u00e4n merkityksest\u00e4. Esitys syntyy improvisoiden yhdess\u00e4 muun luonnon kanssa.\u202f\u00a0 Esityksen luo pirkanmaalainen Tarinateatteri Raakku yhdess\u00e4 ymp\u00e4rist\u00f6kasvatuksen ja\u00a0eko-\u00a0ja ymp\u00e4rist\u00f6psykologian tutkijoiden Anna Lehtosen ja Kirsi Salosen kanssa. Ohjauksesta vastaa Tanja [&hellip;]<\/p>\n","protected":false},"author":13,"featured_media":12367,"comment_status":"closed","ping_status":"closed","template":"","meta":{"_acf_changed":false},"product_brand":[],"product_cat":[549],"product_tag":[],"ticket_category":[606,607],"class_list":{"0":"post-12359","1":"product","2":"type-product","3":"status-publish","4":"has-post-thumbnail","6":"product_cat-liput","8":"first","9":"instock","10":"taxable","11":"shipping-taxable","12":"product-type-simple"},"acf":[],"_links":{"self":[{"href":"https:\/\/jyvaskylankesa.fi\/en\/wp-json\/wp\/v2\/product\/12359","targetHints":{"allow":["GET"]}}],"collection":[{"href":"https:\/\/jyvaskylankesa.fi\/en\/wp-json\/wp\/v2\/product"}],"about":[{"href":"https:\/\/jyvaskylankesa.fi\/en\/wp-json\/wp\/v2\/types\/product"}],"author":[{"embeddable":true,"href":"https:\/\/jyvaskylankesa.fi\/en\/wp-json\/wp\/v2\/users\/13"}],"replies":[{"embeddable":true,"href":"https:\/\/jyvaskylankesa.fi\/en\/wp-json\/wp\/v2\/comments?post=12359"}],"wp:featuredmedia":[{"embeddable":true,"href":"https:\/\/jyvaskylankesa.fi\/en\/wp-json\/wp\/v2\/media\/12367"}],"wp:attachment":[{"href":"https:\/\/jyvaskylankesa.fi\/en\/wp-json\/wp\/v2\/media?parent=12359"}],"wp:term":[{"taxonomy":"product_brand","embeddable":true,"href":"https:\/\/jyvaskylankesa.fi\/en\/wp-json\/wp\/v2\/product_brand?post=12359"},{"taxonomy":"product_cat","embeddable":true,"href":"https:\/\/jyvaskylankesa.fi\/en\/wp-json\/wp\/v2\/product_cat?post=12359"},{"taxonomy":"product_tag","embeddable":true,"href":"https:\/\/jyvaskylankesa.fi\/en\/wp-json\/wp\/v2\/product_tag?post=12359"},{"taxonomy":"ticket_category","embeddable":true,"href":"https:\/\/jyvaskylankesa.fi\/en\/wp-json\/wp\/v2\/ticket_category?post=12359"}],"curies":[{"name":"wp","href":"https:\/\/api.w.org\/{rel}","templated":true}]}}