{"id":12352,"date":"2026-04-28T10:10:30","date_gmt":"2026-04-28T07:10:30","guid":{"rendered":"https:\/\/jyvaskylankesa.fi\/?post_type=product&#038;p=12352"},"modified":"2026-05-05T12:41:19","modified_gmt":"2026-05-05T09:41:19","slug":"vastuullisuus-on-viisautta-tyopaja","status":"publish","type":"product","link":"https:\/\/jyvaskylankesa.fi\/en\/tuote\/vastuullisuus-on-viisautta-tyopaja\/","title":{"rendered":"Responsibility is Wisdom Workshop"},"content":{"rendered":"<p><span data-contrast=\"auto\">In the workshop, participants will observe, understand, and practice how responsible action builds wisdom as individuals and community members. The workshop introduces Hellison's model of responsibility, which offers a concrete and progressively developing structure for learning responsibility. The model can be widely applied in various areas of life, from decision-making to interaction and everyday choices.\u00a0<\/span><span data-ccp-props=\"{}\">\u00a0<\/span><\/p>\n<p><span data-contrast=\"auto\">Tools for responsibility will be presented by visiting expert, PhD, rector, and coach\u00a0<\/span><b><span data-contrast=\"auto\">Seppo Pulkkinen<\/span><\/b><span data-contrast=\"auto\">,University Teacher of Sport Psychology at the University of Jyv\u00e4skyl\u00e4<\/span><b><span data-contrast=\"auto\">Hanna-Mari Toivonen,\u00a0<\/span><\/b><span data-contrast=\"auto\">University lecturer at the University of Jyv\u00e4skyl\u00e4<\/span><b><span data-contrast=\"auto\">Tommi M\u00e4kinen\u00a0<\/span><\/b>yes\u00a0<span data-contrast=\"auto\">Lecturer at Laurea University of Applied Sciences<\/span><b><span data-contrast=\"auto\">\u00a0Laura Otsala<\/span><\/b><span data-contrast=\"auto\">. The chairperson of the event will be Professor Emerita of the University of Jyv\u00e4skyl\u00e4.<\/span><b><span data-contrast=\"auto\">Taru Lintunen<\/span><\/b><span data-contrast=\"auto\">\u202f<\/span><span data-ccp-props=\"{}\">\u00a0<\/span><\/p>\n<p><span data-contrast=\"auto\">The workshop is organized by the University of Jyv\u00e4skyl\u00e4's \"Behavioral Change, Well-being and Health in the Life Course\" profiling area (BC-Well).<\/span><span data-ccp-props=\"{}\">\u00a0<\/span><\/p>\n<p>&nbsp;<\/p>\n<p><img loading=\"lazy\" decoding=\"async\" class=\"alignnone wp-image-12353\" src=\"https:\/\/jyvaskylankesa.fi\/wp-content\/uploads\/2026\/04\/Taru-Lintunen-1024x683.jpg\" alt=\"\" width=\"353\" height=\"235\" srcset=\"https:\/\/jyvaskylankesa.fi\/wp-content\/uploads\/2026\/04\/Taru-Lintunen-1024x683.jpg 1024w, https:\/\/jyvaskylankesa.fi\/wp-content\/uploads\/2026\/04\/Taru-Lintunen-1300x867.jpg 1300w, https:\/\/jyvaskylankesa.fi\/wp-content\/uploads\/2026\/04\/Taru-Lintunen-400x267.jpg 400w, https:\/\/jyvaskylankesa.fi\/wp-content\/uploads\/2026\/04\/Taru-Lintunen-768x512.jpg 768w, https:\/\/jyvaskylankesa.fi\/wp-content\/uploads\/2026\/04\/Taru-Lintunen-1536x1024.jpg 1536w, https:\/\/jyvaskylankesa.fi\/wp-content\/uploads\/2026\/04\/Taru-Lintunen-2048x1365.jpg 2048w, https:\/\/jyvaskylankesa.fi\/wp-content\/uploads\/2026\/04\/Taru-Lintunen-600x400.jpg 600w\" sizes=\"auto, (max-width: 353px) 100vw, 353px\" \/><\/p>\n<p><span data-contrast=\"auto\">Professor Emerita\u00a0<\/span><b><span data-contrast=\"auto\">Taru Lintunen<\/span><\/b><span data-contrast=\"auto\">\u00a0She specializes in researching the teaching of emotional and interaction skills and in developing training in this field among teachers, students, school management, and sports professionals.<\/span><span data-ccp-props=\"{}\">\u00a0<\/span><\/p>\n<p><span data-contrast=\"auto\">Motto: \u201c<em>Being human means being responsible for another.<\/em>\u201d<\/span><span data-ccp-props=\"{}\">\u00a0<\/span><\/p>\n<p><span data-ccp-props=\"{}\">\u00a0<\/span><\/p>\n<p><img loading=\"lazy\" decoding=\"async\" class=\"alignnone wp-image-12354\" src=\"https:\/\/jyvaskylankesa.fi\/wp-content\/uploads\/2026\/04\/Seppo-Pulkkinen-768x1024.jpg\" alt=\"\" width=\"245\" height=\"326\" srcset=\"https:\/\/jyvaskylankesa.fi\/wp-content\/uploads\/2026\/04\/Seppo-Pulkkinen-768x1024.jpg 768w, https:\/\/jyvaskylankesa.fi\/wp-content\/uploads\/2026\/04\/Seppo-Pulkkinen-300x400.jpg 300w, https:\/\/jyvaskylankesa.fi\/wp-content\/uploads\/2026\/04\/Seppo-Pulkkinen-600x800.jpg 600w, https:\/\/jyvaskylankesa.fi\/wp-content\/uploads\/2026\/04\/Seppo-Pulkkinen.jpg 960w\" sizes=\"auto, (max-width: 245px) 100vw, 245px\" \/><\/p>\n<p><span data-contrast=\"auto\">FT\u00a0<\/span><b><span data-contrast=\"auto\">To Seppo Pulkkinen<\/span><\/b><span data-contrast=\"auto\">\u00a0has extensive experience working in educational institutions in various roles, as well as a long career as a sports coach at both national and international levels.<\/span><span data-ccp-props=\"{}\">\u00a0<\/span><\/p>\n<p><span data-contrast=\"auto\">\u201d<em>Freedom is responsibility.<\/em>\u201d<\/span><span data-ccp-props=\"{}\">\u00a0<\/span><\/p>\n<p><span data-ccp-props=\"{}\">\u00a0<\/span><\/p>\n<p><img loading=\"lazy\" decoding=\"async\" class=\"alignnone wp-image-12355\" src=\"https:\/\/jyvaskylankesa.fi\/wp-content\/uploads\/2026\/04\/Hanna-Mari-Toivonen-1-970x1024.jpg\" alt=\"\" width=\"265\" height=\"280\" srcset=\"https:\/\/jyvaskylankesa.fi\/wp-content\/uploads\/2026\/04\/Hanna-Mari-Toivonen-1-970x1024.jpg 970w, https:\/\/jyvaskylankesa.fi\/wp-content\/uploads\/2026\/04\/Hanna-Mari-Toivonen-1-1231x1300.jpg 1231w, https:\/\/jyvaskylankesa.fi\/wp-content\/uploads\/2026\/04\/Hanna-Mari-Toivonen-1-379x400.jpg 379w, https:\/\/jyvaskylankesa.fi\/wp-content\/uploads\/2026\/04\/Hanna-Mari-Toivonen-1-768x811.jpg 768w, https:\/\/jyvaskylankesa.fi\/wp-content\/uploads\/2026\/04\/Hanna-Mari-Toivonen-1-1455x1536.jpg 1455w, https:\/\/jyvaskylankesa.fi\/wp-content\/uploads\/2026\/04\/Hanna-Mari-Toivonen-1-600x633.jpg 600w, https:\/\/jyvaskylankesa.fi\/wp-content\/uploads\/2026\/04\/Hanna-Mari-Toivonen-1.jpg 1937w\" sizes=\"auto, (max-width: 265px) 100vw, 265px\" \/><\/p>\n<p><b><span data-contrast=\"auto\">Hanna-Mari Toivonen<\/span><\/b><span data-contrast=\"auto\">\u00a0is a university lecturer in sport psychology at the University of Jyv\u00e4skyl\u00e4. She teaches and researches emotional and interaction skills, group phenomena, and responsibility in sports.<\/span><span data-ccp-props=\"{}\">\u00a0<\/span><\/p>\n<p><span data-ccp-props=\"{}\">\u00a0<\/span><\/p>\n<p><img loading=\"lazy\" decoding=\"async\" class=\"alignnone wp-image-12356\" src=\"https:\/\/jyvaskylankesa.fi\/wp-content\/uploads\/2026\/04\/Tommi-Ma\u0308kinen-1-768x1024.jpg\" alt=\"\" width=\"274\" height=\"366\" srcset=\"https:\/\/jyvaskylankesa.fi\/wp-content\/uploads\/2026\/04\/Tommi-Ma\u0308kinen-1-768x1024.jpg 768w, https:\/\/jyvaskylankesa.fi\/wp-content\/uploads\/2026\/04\/Tommi-Ma\u0308kinen-1-975x1300.jpg 975w, https:\/\/jyvaskylankesa.fi\/wp-content\/uploads\/2026\/04\/Tommi-Ma\u0308kinen-1-300x400.jpg 300w, https:\/\/jyvaskylankesa.fi\/wp-content\/uploads\/2026\/04\/Tommi-Ma\u0308kinen-1-1152x1536.jpg 1152w, https:\/\/jyvaskylankesa.fi\/wp-content\/uploads\/2026\/04\/Tommi-Ma\u0308kinen-1-600x800.jpg 600w, https:\/\/jyvaskylankesa.fi\/wp-content\/uploads\/2026\/04\/Tommi-Ma\u0308kinen-1.jpg 1500w\" sizes=\"auto, (max-width: 274px) 100vw, 274px\" \/><\/p>\n<p><span data-contrast=\"auto\">University lecturer\u00a0<\/span><b><span data-contrast=\"auto\">Tommi M\u00e4kinen<\/span><\/b><span data-contrast=\"auto\">\u00a0teaches and researches at the University of Jyv\u00e4skyl\u00e4, including emotional and interaction skills, and has trained parents, teachers, and professionals in other fields on topics related to humanity.<\/span><span data-ccp-props=\"{}\">\u00a0<\/span><\/p>\n<p>&nbsp;<\/p>\n<p><span data-ccp-props=\"{}\"> <img loading=\"lazy\" decoding=\"async\" class=\"alignnone wp-image-12357\" src=\"https:\/\/jyvaskylankesa.fi\/wp-content\/uploads\/2026\/04\/Laura-Otsala-763x1024.png\" alt=\"\" width=\"235\" height=\"316\" srcset=\"https:\/\/jyvaskylankesa.fi\/wp-content\/uploads\/2026\/04\/Laura-Otsala-763x1024.png 763w, https:\/\/jyvaskylankesa.fi\/wp-content\/uploads\/2026\/04\/Laura-Otsala-968x1300.png 968w, https:\/\/jyvaskylankesa.fi\/wp-content\/uploads\/2026\/04\/Laura-Otsala-298x400.png 298w, https:\/\/jyvaskylankesa.fi\/wp-content\/uploads\/2026\/04\/Laura-Otsala-768x1031.png 768w, https:\/\/jyvaskylankesa.fi\/wp-content\/uploads\/2026\/04\/Laura-Otsala-1144x1536.png 1144w, https:\/\/jyvaskylankesa.fi\/wp-content\/uploads\/2026\/04\/Laura-Otsala-1525x2048.png 1525w, https:\/\/jyvaskylankesa.fi\/wp-content\/uploads\/2026\/04\/Laura-Otsala-600x806.png 600w, https:\/\/jyvaskylankesa.fi\/wp-content\/uploads\/2026\/04\/Laura-Otsala-scaled.png 1907w\" sizes=\"auto, (max-width: 235px) 100vw, 235px\" \/><\/span><\/p>\n<p><span data-contrast=\"auto\">Nursing Lecturer\u00a0<\/span><b><span data-contrast=\"auto\">Laura Otsala<\/span><\/b><span data-contrast=\"auto\">\u00a0teach emotional and interaction skills to university students, and is interested in continuously developing their own expertise in them.<\/span><span data-ccp-props=\"{}\">\u00a0<\/span><\/p>\n<p><span data-contrast=\"auto\">\u201d<em>People are not affected by our knowledge, but by how we encounter them.<\/em>\u201d\u202f<\/span><span data-ccp-props=\"{}\">\u00a0<\/span><\/p>","protected":false},"excerpt":{"rendered":"<p>Ty\u00f6pajassa osallistujat p\u00e4\u00e4sev\u00e4t havainnoimaan,\u00a0oivaltamaan\u00a0ja harjoittelemaan\u00a0miten vastuullinen toiminta rakentaa viisautta yksil\u00f6n\u00e4 ja yhteis\u00f6n j\u00e4senen\u00e4.\u00a0Ty\u00f6pajassa esitell\u00e4\u00e4n\u00a0Hellisonin\u00a0vastuuntuntoisuuden malli, joka\u00a0tarjoaa konkreettisen ja asteittain etenev\u00e4n rakenteen vastuullisuuteen oppimiseen.\u00a0\u00a0Mallia\u00a0voi soveltaa laajasti eri el\u00e4m\u00e4nalueilla, p\u00e4\u00e4t\u00f6ksenteosta vuorovaikutukseen ja arjen valintoihin.\u00a0\u00a0 Ty\u00f6kaluja\u00a0vastuullisuuteen\u202ftulee antamaan\u202fvieraileva asiantuntija\u202fFT,\u00a0rehtori ja valmentaja\u00a0Seppo Pulkkinen,\u202f Jyv\u00e4skyl\u00e4n yliopiston\u202fliikuntapsykologian yliopistonopettaja\u202fHanna-Mari Toivonen,\u00a0Jyv\u00e4skyl\u00e4n yliopiston yliopistonopettaja\u202fTommi M\u00e4kinen\u00a0ja\u00a0Laurea-ammattikorkeakoulun lehtori\u00a0Laura\u00a0Otsala. Tilaisuuden puheenjohtajana toimii Jyv\u00e4skyl\u00e4n yliopiston professori emerita\u202fTaru Lintunen.\u202f\u202f\u00a0 Ty\u00f6pajan [&hellip;]<\/p>\n","protected":false},"author":13,"featured_media":12358,"comment_status":"closed","ping_status":"closed","template":"","meta":{"_acf_changed":false},"product_brand":[],"product_cat":[549],"product_tag":[],"ticket_category":[609,606,607],"class_list":{"0":"post-12352","1":"product","2":"type-product","3":"status-publish","4":"has-post-thumbnail","6":"product_cat-liput","8":"first","9":"instock","10":"taxable","11":"shipping-taxable","12":"product-type-simple"},"acf":[],"_links":{"self":[{"href":"https:\/\/jyvaskylankesa.fi\/en\/wp-json\/wp\/v2\/product\/12352","targetHints":{"allow":["GET"]}}],"collection":[{"href":"https:\/\/jyvaskylankesa.fi\/en\/wp-json\/wp\/v2\/product"}],"about":[{"href":"https:\/\/jyvaskylankesa.fi\/en\/wp-json\/wp\/v2\/types\/product"}],"author":[{"embeddable":true,"href":"https:\/\/jyvaskylankesa.fi\/en\/wp-json\/wp\/v2\/users\/13"}],"replies":[{"embeddable":true,"href":"https:\/\/jyvaskylankesa.fi\/en\/wp-json\/wp\/v2\/comments?post=12352"}],"wp:featuredmedia":[{"embeddable":true,"href":"https:\/\/jyvaskylankesa.fi\/en\/wp-json\/wp\/v2\/media\/12358"}],"wp:attachment":[{"href":"https:\/\/jyvaskylankesa.fi\/en\/wp-json\/wp\/v2\/media?parent=12352"}],"wp:term":[{"taxonomy":"product_brand","embeddable":true,"href":"https:\/\/jyvaskylankesa.fi\/en\/wp-json\/wp\/v2\/product_brand?post=12352"},{"taxonomy":"product_cat","embeddable":true,"href":"https:\/\/jyvaskylankesa.fi\/en\/wp-json\/wp\/v2\/product_cat?post=12352"},{"taxonomy":"product_tag","embeddable":true,"href":"https:\/\/jyvaskylankesa.fi\/en\/wp-json\/wp\/v2\/product_tag?post=12352"},{"taxonomy":"ticket_category","embeddable":true,"href":"https:\/\/jyvaskylankesa.fi\/en\/wp-json\/wp\/v2\/ticket_category?post=12352"}],"curies":[{"name":"wp","href":"https:\/\/api.w.org\/{rel}","templated":true}]}}