{"id":12348,"date":"2026-04-28T09:48:04","date_gmt":"2026-04-28T06:48:04","guid":{"rendered":"https:\/\/jyvaskylankesa.fi\/?post_type=product&#038;p=12348"},"modified":"2026-05-05T12:41:02","modified_gmt":"2026-05-05T09:41:02","slug":"nurmikosta-niityksi-talkoot","status":"publish","type":"product","link":"https:\/\/jyvaskylankesa.fi\/en\/tuote\/nurmikosta-niityksi-talkoot\/","title":{"rendered":"From Lawn to Meadow - Work Party"},"content":{"rendered":"<p><span data-contrast=\"auto\">Would you like to do a small deed for biodiversity and, at the same time, learn how you could transform unnecessary lawn areas in your own yard into species-rich meadow areas?<\/span><br \/>\n<span data-contrast=\"auto\">\u202f<\/span><br \/>\n<span data-contrast=\"auto\">This year, a patch of urban lawn on the grounds of the University of Jyv\u00e4skyl\u00e4's Botanical Garden will once again be transformed into a blooming urban meadow, loved by pollinators and butterflies, through volunteer work. The \"From Lawn to Meadow\" volunteer event will be held this year <strong>At the western end of Aallonpuisto on Seminaarinm\u00e4ki, in the grassy area between the Sports building (L) and the tennis court\u00a0<\/strong>Saturday, July 4, from 10:00\u201314:00. You can come for the whole duration or for a shorter period! At the same time, you can come and ask the botanical garden designer for tips on establishing and maintaining meadow areas in your own yard.<\/span><br \/>\n<span data-contrast=\"auto\">\u202f<\/span><br \/>\n<span data-contrast=\"auto\">Tools and cold drinks provided by the organizer.<\/span><span data-contrast=\"auto\">\u202f<\/span><span data-ccp-props=\"{&quot;134233117&quot;:false,&quot;134233118&quot;:false,&quot;201341983&quot;:0,&quot;335559738&quot;:0,&quot;335559739&quot;:0,&quot;335559740&quot;:240}\">\u00a0<\/span><\/p>\n<p><span data-contrast=\"auto\">No weather reservation.\u00a0<\/span><span data-ccp-props=\"{&quot;134233117&quot;:false,&quot;134233118&quot;:false,&quot;201341983&quot;:0,&quot;335559738&quot;:0,&quot;335559739&quot;:0,&quot;335559740&quot;:240}\">\u00a0<\/span><\/p>\n<p><span data-ccp-props=\"{&quot;134233117&quot;:false,&quot;134233118&quot;:false,&quot;201341983&quot;:0,&quot;335559738&quot;:0,&quot;335559739&quot;:0,&quot;335559740&quot;:240}\">\u00a0<\/span><\/p>\n<p><span data-contrast=\"auto\">The volunteer work event is organized in collaboration with the University of Jyv\u00e4skyl\u00e4 Botanical Garden, Jyv\u00e4skyl\u00e4n Kes\u00e4n, University Properties of Finland (SYK Oy), and TL-Maint Property Services, which manages the university\u2019s parks.\u202f<\/span><br \/>\n<span data-contrast=\"auto\">\u202f<\/span><br \/>\n<span data-contrast=\"auto\">The volunteer workday leader is the planner and garden expert of the University of Jyv\u00e4skyl\u00e4's Botanical Garden.<strong>Hanna Keljo<\/strong>.<\/span><span data-contrast=\"auto\">\u202f<\/span><span data-ccp-props=\"{&quot;134233117&quot;:false,&quot;134233118&quot;:false,&quot;201341983&quot;:0,&quot;335559738&quot;:0,&quot;335559739&quot;:0,&quot;335559740&quot;:240}\">\u00a0<\/span><\/p>\n<p>&nbsp;<\/p>\n<p><img loading=\"lazy\" decoding=\"async\" class=\"alignnone wp-image-12349\" src=\"https:\/\/jyvaskylankesa.fi\/wp-content\/uploads\/2026\/04\/HannaKeljo1000x1000.jpg\" alt=\"\" width=\"276\" height=\"276\" srcset=\"https:\/\/jyvaskylankesa.fi\/wp-content\/uploads\/2026\/04\/HannaKeljo1000x1000.jpg 1000w, https:\/\/jyvaskylankesa.fi\/wp-content\/uploads\/2026\/04\/HannaKeljo1000x1000-400x400.jpg 400w, https:\/\/jyvaskylankesa.fi\/wp-content\/uploads\/2026\/04\/HannaKeljo1000x1000-768x768.jpg 768w, https:\/\/jyvaskylankesa.fi\/wp-content\/uploads\/2026\/04\/HannaKeljo1000x1000-60x60.jpg 60w, https:\/\/jyvaskylankesa.fi\/wp-content\/uploads\/2026\/04\/HannaKeljo1000x1000-300x300.jpg 300w, https:\/\/jyvaskylankesa.fi\/wp-content\/uploads\/2026\/04\/HannaKeljo1000x1000-600x600.jpg 600w, https:\/\/jyvaskylankesa.fi\/wp-content\/uploads\/2026\/04\/HannaKeljo1000x1000-100x100.jpg 100w\" sizes=\"auto, (max-width: 276px) 100vw, 276px\" \/><\/p>\n<p><span class=\"TextRun SCXW15309688 BCX0\" lang=\"FI-FI\" xml:lang=\"FI-FI\" data-contrast=\"auto\"><span class=\"NormalTextRun SCXW15309688 BCX0\"><strong>Hanna Keljo<\/strong> is the designer of the University of Jyv\u00e4skyl\u00e4's Botanical Garden and the university's garden expert.<\/span><\/span><span class=\"EOP Selected SCXW15309688 BCX0\" data-ccp-props=\"{}\">\u00a0<\/span><\/p>\n<p>&nbsp;<\/p>","protected":false},"excerpt":{"rendered":"<p>Haluatko tehd\u00e4 pienen teon luonnon monimuotoisuuden eteen ja oppia samalla, miten omassa pihassasi voisit muuttaa turhia nurmialueita monilajisiksi niittyalueiksi?\u202f\u202f\u202f\u202f \u202f Jyv\u00e4skyl\u00e4n yliopiston kasvitieteellisen puutarhan mailla lapioidaan t\u00e4n\u00e4kin vuonna talkoovoimin pala kaupunkinurmikkoa kukkivaksi p\u00f6lytt\u00e4jien ja perhosten rakastamaksi kaupunkiniityksi. Nurmikosta niityksi -talkoot j\u00e4rjestet\u00e4\u00e4n t\u00e4n\u00e4 vuonna Seminaarinm\u00e4en Aallonpuiston l\u00e4nsip\u00e4\u00e4dyss\u00e4,\u202fLiikunta-rakennuksen (L) ja tenniskent\u00e4n v\u00e4lisell\u00e4 nurmialueella\u00a0lauantaina 4.7. klo 10.00\u201314.00.\u202fMukaan voi [&hellip;]<\/p>\n","protected":false},"author":13,"featured_media":12351,"comment_status":"closed","ping_status":"closed","template":"","meta":{"_acf_changed":false},"product_brand":[],"product_cat":[549],"product_tag":[],"ticket_category":[606,607],"class_list":{"0":"post-12348","1":"product","2":"type-product","3":"status-publish","4":"has-post-thumbnail","6":"product_cat-liput","8":"first","9":"instock","10":"taxable","11":"shipping-taxable","12":"product-type-simple"},"acf":[],"_links":{"self":[{"href":"https:\/\/jyvaskylankesa.fi\/en\/wp-json\/wp\/v2\/product\/12348","targetHints":{"allow":["GET"]}}],"collection":[{"href":"https:\/\/jyvaskylankesa.fi\/en\/wp-json\/wp\/v2\/product"}],"about":[{"href":"https:\/\/jyvaskylankesa.fi\/en\/wp-json\/wp\/v2\/types\/product"}],"author":[{"embeddable":true,"href":"https:\/\/jyvaskylankesa.fi\/en\/wp-json\/wp\/v2\/users\/13"}],"replies":[{"embeddable":true,"href":"https:\/\/jyvaskylankesa.fi\/en\/wp-json\/wp\/v2\/comments?post=12348"}],"wp:featuredmedia":[{"embeddable":true,"href":"https:\/\/jyvaskylankesa.fi\/en\/wp-json\/wp\/v2\/media\/12351"}],"wp:attachment":[{"href":"https:\/\/jyvaskylankesa.fi\/en\/wp-json\/wp\/v2\/media?parent=12348"}],"wp:term":[{"taxonomy":"product_brand","embeddable":true,"href":"https:\/\/jyvaskylankesa.fi\/en\/wp-json\/wp\/v2\/product_brand?post=12348"},{"taxonomy":"product_cat","embeddable":true,"href":"https:\/\/jyvaskylankesa.fi\/en\/wp-json\/wp\/v2\/product_cat?post=12348"},{"taxonomy":"product_tag","embeddable":true,"href":"https:\/\/jyvaskylankesa.fi\/en\/wp-json\/wp\/v2\/product_tag?post=12348"},{"taxonomy":"ticket_category","embeddable":true,"href":"https:\/\/jyvaskylankesa.fi\/en\/wp-json\/wp\/v2\/ticket_category?post=12348"}],"curies":[{"name":"wp","href":"https:\/\/api.w.org\/{rel}","templated":true}]}}