{"id":12206,"date":"2026-04-23T11:47:08","date_gmt":"2026-04-23T08:47:08","guid":{"rendered":"https:\/\/jyvaskylankesa.fi\/?post_type=product&#038;p=12206"},"modified":"2026-05-05T12:40:36","modified_gmt":"2026-05-05T09:40:36","slug":"onko-viisaus-enaa-viisasta","status":"publish","type":"product","link":"https:\/\/jyvaskylankesa.fi\/en\/tuote\/onko-viisaus-enaa-viisasta\/","title":{"rendered":"Is wisdom still wise?"},"content":{"rendered":"<p><span data-contrast=\"auto\">Wisdom isn't always about the subject matter and content, but also about the speaker's position and rhetoric. Therefore, it's worth considering what all is being done today under the guidance of seemingly wise and loud rhetoric\u2014and whether it's even wise to be wise anymore. And how do we recognize true wisdom, and is it appreciated in our society?<\/span><span data-contrast=\"auto\">\u202f<\/span><span data-contrast=\"auto\">How can we create space for wisdom through upbringing and culture? A researcher reflects on the tense relationship between wisdom and power. <strong>Minni Matikainen<\/strong>,rap artist<strong>Karri Miettinen<\/strong>alias<strong>Paleface<\/strong>and author, freelance philosopher <strong>Pontus Purokuru<\/strong>.\u202f\u202f<\/span><span data-ccp-props=\"{}\">\u00a0<\/span><\/p>\n<p><span data-contrast=\"auto\">The program is chaired by a researcher<strong> Marleena Mustola<\/strong>, and the researchers included in the working group <strong>Tiia-Mari Hovila<\/strong>, <strong>Simo Monto<\/strong>, <strong>Tiia Heikkil\u00e4<\/strong>\u00a0and <strong>Tuomo Virtanen<\/strong>.<\/span><\/p>\n<p>&nbsp;<\/p>\n<p><img loading=\"lazy\" decoding=\"async\" class=\"wp-image-12208\" src=\"https:\/\/jyvaskylankesa.fi\/wp-content\/uploads\/2026\/04\/MinniMatikainen_kuvaajaEveliinaStolp-1024x683.jpg\" alt=\"\" width=\"397\" height=\"265\" srcset=\"https:\/\/jyvaskylankesa.fi\/wp-content\/uploads\/2026\/04\/MinniMatikainen_kuvaajaEveliinaStolp-1024x683.jpg 1024w, https:\/\/jyvaskylankesa.fi\/wp-content\/uploads\/2026\/04\/MinniMatikainen_kuvaajaEveliinaStolp-1300x867.jpg 1300w, https:\/\/jyvaskylankesa.fi\/wp-content\/uploads\/2026\/04\/MinniMatikainen_kuvaajaEveliinaStolp-400x267.jpg 400w, https:\/\/jyvaskylankesa.fi\/wp-content\/uploads\/2026\/04\/MinniMatikainen_kuvaajaEveliinaStolp-768x512.jpg 768w, https:\/\/jyvaskylankesa.fi\/wp-content\/uploads\/2026\/04\/MinniMatikainen_kuvaajaEveliinaStolp-1536x1024.jpg 1536w, https:\/\/jyvaskylankesa.fi\/wp-content\/uploads\/2026\/04\/MinniMatikainen_kuvaajaEveliinaStolp-2048x1365.jpg 2048w, https:\/\/jyvaskylankesa.fi\/wp-content\/uploads\/2026\/04\/MinniMatikainen_kuvaajaEveliinaStolp-600x400.jpg 600w\" sizes=\"auto, (max-width: 397px) 100vw, 397px\" \/><\/p>\n<p><span class=\"TextRun SCXW197963738 BCX0\" lang=\"FI-FI\" xml:lang=\"FI-FI\" data-contrast=\"auto\"><span class=\"NormalTextRun SCXW197963738 BCX0\"><strong>Minni Matikainen<\/strong> works as a researcher at the University of Jyv\u00e4skyl\u00e4's Teacher Education Faculty. His research focuses on<\/span><span class=\"NormalTextRun SpellingErrorV2Themed SCXW197963738 BCX0\">transformative<\/span><span class=\"NormalTextRun SCXW197963738 BCX0\">into learning processes for becoming a teacher and the development of thinking.<\/span><\/span><span class=\"EOP Selected SCXW197963738 BCX0\" data-ccp-props=\"{}\">\u00a0<\/span><\/p>\n<p>&nbsp;<\/p>\n<p><img loading=\"lazy\" decoding=\"async\" class=\"alignnone wp-image-12209\" src=\"https:\/\/jyvaskylankesa.fi\/wp-content\/uploads\/2026\/04\/pale3_kuvaajaJoniSarkki-1024x683.jpg\" alt=\"\" width=\"401\" height=\"267\" srcset=\"https:\/\/jyvaskylankesa.fi\/wp-content\/uploads\/2026\/04\/pale3_kuvaajaJoniSarkki-1024x683.jpg 1024w, https:\/\/jyvaskylankesa.fi\/wp-content\/uploads\/2026\/04\/pale3_kuvaajaJoniSarkki-1300x867.jpg 1300w, https:\/\/jyvaskylankesa.fi\/wp-content\/uploads\/2026\/04\/pale3_kuvaajaJoniSarkki-400x267.jpg 400w, https:\/\/jyvaskylankesa.fi\/wp-content\/uploads\/2026\/04\/pale3_kuvaajaJoniSarkki-768x512.jpg 768w, https:\/\/jyvaskylankesa.fi\/wp-content\/uploads\/2026\/04\/pale3_kuvaajaJoniSarkki-1536x1024.jpg 1536w, https:\/\/jyvaskylankesa.fi\/wp-content\/uploads\/2026\/04\/pale3_kuvaajaJoniSarkki-2048x1366.jpg 2048w, https:\/\/jyvaskylankesa.fi\/wp-content\/uploads\/2026\/04\/pale3_kuvaajaJoniSarkki-600x400.jpg 600w\" sizes=\"auto, (max-width: 401px) 100vw, 401px\" \/><\/p>\n<p><span class=\"TextRun SCXW204289398 BCX0\" lang=\"FI-FI\" xml:lang=\"FI-FI\" data-contrast=\"auto\"><span class=\"NormalTextRun SCXW204289398 BCX0\"><strong>Karri Miettinen<\/strong> alias<\/span><strong><span class=\"NormalTextRun SpellingErrorV2Themed SCXW204289398 BCX0\">Paleface<\/span><\/strong><span class=\"NormalTextRun SCXW204289398 BCX0\">is Finnish<\/span><span class=\"NormalTextRun SCXW204289398 BCX0\">n\u00a0<\/span><span class=\"NormalTextRun SCXW204289398 BCX0\">pioneers of rap. In addition, he has, among other things, written non-fiction books and researched the music of the Finnish-American labor movement as part of the Laulava Unioni group.<\/span><\/span><span class=\"EOP Selected SCXW204289398 BCX0\" data-ccp-props=\"{}\">\u00a0<\/span><\/p>\n<p>&nbsp;<\/p>\n<p><img loading=\"lazy\" decoding=\"async\" class=\"wp-image-12210\" src=\"https:\/\/jyvaskylankesa.fi\/wp-content\/uploads\/2026\/04\/PontusPurokuru_kuvaajaMeriBjo\u0308rn-1024x683.jpg\" alt=\"\" width=\"404\" height=\"269\" srcset=\"https:\/\/jyvaskylankesa.fi\/wp-content\/uploads\/2026\/04\/PontusPurokuru_kuvaajaMeriBjo\u0308rn-1024x683.jpg 1024w, https:\/\/jyvaskylankesa.fi\/wp-content\/uploads\/2026\/04\/PontusPurokuru_kuvaajaMeriBjo\u0308rn-1300x867.jpg 1300w, https:\/\/jyvaskylankesa.fi\/wp-content\/uploads\/2026\/04\/PontusPurokuru_kuvaajaMeriBjo\u0308rn-400x267.jpg 400w, https:\/\/jyvaskylankesa.fi\/wp-content\/uploads\/2026\/04\/PontusPurokuru_kuvaajaMeriBjo\u0308rn-768x512.jpg 768w, https:\/\/jyvaskylankesa.fi\/wp-content\/uploads\/2026\/04\/PontusPurokuru_kuvaajaMeriBjo\u0308rn-1536x1024.jpg 1536w, https:\/\/jyvaskylankesa.fi\/wp-content\/uploads\/2026\/04\/PontusPurokuru_kuvaajaMeriBjo\u0308rn-2048x1365.jpg 2048w, https:\/\/jyvaskylankesa.fi\/wp-content\/uploads\/2026\/04\/PontusPurokuru_kuvaajaMeriBjo\u0308rn-600x400.jpg 600w\" sizes=\"auto, (max-width: 404px) 100vw, 404px\" \/><\/p>\n<p><span class=\"TextRun SCXW261950020 BCX0\" lang=\"FI-FI\" xml:lang=\"FI-FI\" data-contrast=\"auto\"><span class=\"NormalTextRun SCXW261950020 BCX0\"><strong>Pontus Purokuru<\/strong> is a writer and philosophy freelancer who makes podcasts called Selit\u00e4<\/span><span class=\"NormalTextRun SpellingErrorV2Themed SCXW261950020 BCX0\">mulle<\/span><span class=\"NormalTextRun SCXW261950020 BCX0\">Yes, what's bothering us. His newest work is The Archive of Interruptions.<\/span><\/span><span class=\"EOP Selected SCXW261950020 BCX0\" data-ccp-props=\"{}\">\u00a0<\/span><\/p>\n<p>&nbsp;<\/p>\n<p><img loading=\"lazy\" decoding=\"async\" class=\"wp-image-12211\" src=\"https:\/\/jyvaskylankesa.fi\/wp-content\/uploads\/2026\/04\/MustolaMarleena_kuvaajaPetteriKivima\u0308ki-1024x683.jpg\" alt=\"\" width=\"408\" height=\"272\" srcset=\"https:\/\/jyvaskylankesa.fi\/wp-content\/uploads\/2026\/04\/MustolaMarleena_kuvaajaPetteriKivima\u0308ki-1024x683.jpg 1024w, https:\/\/jyvaskylankesa.fi\/wp-content\/uploads\/2026\/04\/MustolaMarleena_kuvaajaPetteriKivima\u0308ki-1300x867.jpg 1300w, https:\/\/jyvaskylankesa.fi\/wp-content\/uploads\/2026\/04\/MustolaMarleena_kuvaajaPetteriKivima\u0308ki-400x267.jpg 400w, https:\/\/jyvaskylankesa.fi\/wp-content\/uploads\/2026\/04\/MustolaMarleena_kuvaajaPetteriKivima\u0308ki-768x512.jpg 768w, https:\/\/jyvaskylankesa.fi\/wp-content\/uploads\/2026\/04\/MustolaMarleena_kuvaajaPetteriKivima\u0308ki-1536x1024.jpg 1536w, https:\/\/jyvaskylankesa.fi\/wp-content\/uploads\/2026\/04\/MustolaMarleena_kuvaajaPetteriKivima\u0308ki-2048x1365.jpg 2048w, https:\/\/jyvaskylankesa.fi\/wp-content\/uploads\/2026\/04\/MustolaMarleena_kuvaajaPetteriKivima\u0308ki-600x400.jpg 600w\" sizes=\"auto, (max-width: 408px) 100vw, 408px\" \/><\/p>\n<p><span class=\"TextRun SCXW77042732 BCX0\" lang=\"FI-FI\" xml:lang=\"FI-FI\" data-contrast=\"auto\"><span class=\"NormalTextRun SCXW77042732 BCX0\"><strong>Marleena Mustola<\/strong> on educational philosophy<\/span><span class=\"NormalTextRun SCXW77042732 BCX0\">\u00a0and early childhood education<\/span><span class=\"NormalTextRun SCXW77042732 BCX0\">\u00a0specialized<\/span><span class=\"NormalTextRun SCXW77042732 BCX0\">\u00a0researcher<\/span><span class=\"NormalTextRun SCXW77042732 BCX0\">\u00a0From the University of Jyv\u00e4skyl\u00e4<\/span><span class=\"NormalTextRun SCXW77042732 BCX0\">.\u00a0<\/span><span class=\"NormalTextRun SCXW77042732 BCX0\">They are interested in children's rights<\/span><span class=\"NormalTextRun SCXW77042732 BCX0\">\u00a0<\/span><span class=\"NormalTextRun SCXW77042732 BCX0\">and\u00a0<\/span><span class=\"NormalTextRun SCXW77042732 BCX0\">Imagining a more sustainable future.\u00a0<\/span><\/span><span class=\"EOP Selected SCXW77042732 BCX0\" data-ccp-props=\"{}\">\u00a0<\/span><\/p>\n<p>&nbsp;<\/p>","protected":false},"excerpt":{"rendered":"<p>Viisaudessa ei\u202faina\u202fole kyse asiasta ja sis\u00e4ll\u00f6st\u00e4,\u202fvaan\u202fmy\u00f6s\u202fpuhujan\u202fpositiosta ja retoriikasta.\u202fOnkin syyt\u00e4\u202fmietti\u00e4, mit\u00e4 kaikkea n\u00e4enn\u00e4isesti viisaan ja \u00e4\u00e4nekk\u00e4\u00e4n puheenparren johdattamana nyky\u00e4\u00e4n tehd\u00e4\u00e4n\u00a0\u2013\u00a0ja onko\u202fen\u00e4\u00e4\u202fylip\u00e4\u00e4t\u00e4\u00e4n viisasta olla\u202fviisas. Ent\u00e4 mist\u00e4 tunnistamme todellisen viisauden\u202fja osataanko sit\u00e4 arvostaa yhteiskunnassamme?\u202fMiten voimme\u202fkasvatuksen ja kulttuurin keinoin luoda tilaa viisaudelle?\u202f Viisauden ja vallan\u202fj\u00e4nnitteist\u00e4 suhdetta pohtivat\u202f tutkija Minni Matikainen,\u202f r\u00e4p-artisti\u202fKarri Miettinen\u202falias\u202fPaleface\u202fsek\u00e4\u202fkirjailija, filosofian freelancer Pontus Purokuru.\u202f\u202f\u00a0 Ohjelman puheenjohtajana toimii [&hellip;]<\/p>\n","protected":false},"author":13,"featured_media":12212,"comment_status":"closed","ping_status":"closed","template":"","meta":{"_acf_changed":false},"product_brand":[],"product_cat":[549],"product_tag":[],"ticket_category":[609,606,607],"class_list":{"0":"post-12206","1":"product","2":"type-product","3":"status-publish","4":"has-post-thumbnail","6":"product_cat-liput","8":"first","9":"instock","10":"taxable","11":"shipping-taxable","12":"product-type-simple"},"acf":[],"_links":{"self":[{"href":"https:\/\/jyvaskylankesa.fi\/en\/wp-json\/wp\/v2\/product\/12206","targetHints":{"allow":["GET"]}}],"collection":[{"href":"https:\/\/jyvaskylankesa.fi\/en\/wp-json\/wp\/v2\/product"}],"about":[{"href":"https:\/\/jyvaskylankesa.fi\/en\/wp-json\/wp\/v2\/types\/product"}],"author":[{"embeddable":true,"href":"https:\/\/jyvaskylankesa.fi\/en\/wp-json\/wp\/v2\/users\/13"}],"replies":[{"embeddable":true,"href":"https:\/\/jyvaskylankesa.fi\/en\/wp-json\/wp\/v2\/comments?post=12206"}],"wp:featuredmedia":[{"embeddable":true,"href":"https:\/\/jyvaskylankesa.fi\/en\/wp-json\/wp\/v2\/media\/12212"}],"wp:attachment":[{"href":"https:\/\/jyvaskylankesa.fi\/en\/wp-json\/wp\/v2\/media?parent=12206"}],"wp:term":[{"taxonomy":"product_brand","embeddable":true,"href":"https:\/\/jyvaskylankesa.fi\/en\/wp-json\/wp\/v2\/product_brand?post=12206"},{"taxonomy":"product_cat","embeddable":true,"href":"https:\/\/jyvaskylankesa.fi\/en\/wp-json\/wp\/v2\/product_cat?post=12206"},{"taxonomy":"product_tag","embeddable":true,"href":"https:\/\/jyvaskylankesa.fi\/en\/wp-json\/wp\/v2\/product_tag?post=12206"},{"taxonomy":"ticket_category","embeddable":true,"href":"https:\/\/jyvaskylankesa.fi\/en\/wp-json\/wp\/v2\/ticket_category?post=12206"}],"curies":[{"name":"wp","href":"https:\/\/api.w.org\/{rel}","templated":true}]}}