{"id":12195,"date":"2026-04-23T11:28:04","date_gmt":"2026-04-23T08:28:04","guid":{"rendered":"https:\/\/jyvaskylankesa.fi\/?post_type=product&#038;p=12195"},"modified":"2026-05-05T12:40:04","modified_gmt":"2026-05-05T09:40:04","slug":"viisaus-ja-typeryys","status":"publish","type":"product","link":"https:\/\/jyvaskylankesa.fi\/en\/tuote\/viisaus-ja-typeryys\/","title":{"rendered":"Wisdom and foolishness"},"content":{"rendered":"<p><span data-contrast=\"auto\">When you look around, it seems that the state of the world is not guided by wisdom, at least. But perhaps wisdom can be found better if one realizes where its absence is noticed.<\/span><span data-ccp-props=\"{}\">\u00a0<\/span><\/p>\n<p><span data-contrast=\"auto\">In this talk show, a philosophy doctoral student explores wisdom and its absence. <strong>Anu Virtanen<\/strong>, Associate Professor of Literary Studies <strong>Maria Laakso<\/strong> yes, professor of philosophy <strong>Arto Laitinen<\/strong>. In addition to them, the EDUCA flagship coordinator will participate in the program <strong>Anna Roikonen<\/strong> and youth researcher <strong>Tomi Kiilakoski<\/strong>. The event's planning is the responsibility of the world's first Associate Professor of the Philosophy of Humor. <strong>Jarno Hietalahti<\/strong> Yes, professor <strong>Hannu L. T. Heikkinen<\/strong>, which leads the Academy of Finland research project Wisdom in Practice.<\/span><span data-ccp-props=\"{}\">\u00a0<\/span><\/p>\n<p>&nbsp;<\/p>\n<p>&nbsp;<\/p>\n<p><img loading=\"lazy\" decoding=\"async\" class=\"alignnone wp-image-12199\" src=\"https:\/\/jyvaskylankesa.fi\/wp-content\/uploads\/2026\/04\/Hannu-Heikkinen.png\" alt=\"\" width=\"296\" height=\"294\" srcset=\"https:\/\/jyvaskylankesa.fi\/wp-content\/uploads\/2026\/04\/Hannu-Heikkinen.png 761w, https:\/\/jyvaskylankesa.fi\/wp-content\/uploads\/2026\/04\/Hannu-Heikkinen-400x397.png 400w, https:\/\/jyvaskylankesa.fi\/wp-content\/uploads\/2026\/04\/Hannu-Heikkinen-60x60.png 60w, https:\/\/jyvaskylankesa.fi\/wp-content\/uploads\/2026\/04\/Hannu-Heikkinen-600x596.png 600w, https:\/\/jyvaskylankesa.fi\/wp-content\/uploads\/2026\/04\/Hannu-Heikkinen-100x100.png 100w\" sizes=\"auto, (max-width: 296px) 100vw, 296px\" \/><\/p>\n<p><span class=\"TextRun SCXW48720576 BCX0\" lang=\"FI-FI\" xml:lang=\"FI-FI\" data-contrast=\"auto\"><span class=\"NormalTextRun SCXW48720576 BCX0\"><strong>Hannu Heikkinen<\/strong> is a professor at the University of Jyv\u00e4skyl\u00e4's Finnish Institute for Educational Research. She leads an Academy of Finland research project.\u00a0<\/span><\/span><span class=\"TextRun SCXW48720576 BCX0\" lang=\"FI-FI\" xml:lang=\"FI-FI\" data-contrast=\"auto\"><span class=\"NormalTextRun SCXW48720576 BCX0\">Wisdom in practice<\/span><\/span><span class=\"TextRun SCXW48720576 BCX0\" lang=\"FI-FI\" xml:lang=\"FI-FI\" data-contrast=\"auto\"><span class=\"NormalTextRun SCXW48720576 BCX0\">.\u00a0<\/span><\/span><span class=\"EOP Selected SCXW48720576 BCX0\" data-ccp-props=\"{}\">\u00a0<\/span><\/p>\n<p>&nbsp;<\/p>\n<p><img loading=\"lazy\" decoding=\"async\" class=\"wp-image-12200\" src=\"https:\/\/jyvaskylankesa.fi\/wp-content\/uploads\/2026\/04\/HietalahtiJarno_012-1024x683.jpg\" alt=\"\" width=\"461\" height=\"307\" srcset=\"https:\/\/jyvaskylankesa.fi\/wp-content\/uploads\/2026\/04\/HietalahtiJarno_012-1024x683.jpg 1024w, https:\/\/jyvaskylankesa.fi\/wp-content\/uploads\/2026\/04\/HietalahtiJarno_012-1300x867.jpg 1300w, https:\/\/jyvaskylankesa.fi\/wp-content\/uploads\/2026\/04\/HietalahtiJarno_012-400x267.jpg 400w, https:\/\/jyvaskylankesa.fi\/wp-content\/uploads\/2026\/04\/HietalahtiJarno_012-768x512.jpg 768w, https:\/\/jyvaskylankesa.fi\/wp-content\/uploads\/2026\/04\/HietalahtiJarno_012-1536x1024.jpg 1536w, https:\/\/jyvaskylankesa.fi\/wp-content\/uploads\/2026\/04\/HietalahtiJarno_012-2048x1365.jpg 2048w, https:\/\/jyvaskylankesa.fi\/wp-content\/uploads\/2026\/04\/HietalahtiJarno_012-600x400.jpg 600w\" sizes=\"auto, (max-width: 461px) 100vw, 461px\" \/><\/p>\n<p><span class=\"TextRun SCXW151593712 BCX0\" lang=\"FI-FI\" xml:lang=\"FI-FI\" data-contrast=\"auto\"><span class=\"NormalTextRun SCXW151593712 BCX0\"><strong>Jarno Hietalahti<\/strong> is the world's first associate professor of the philosophy of humor. Recently, he has focused particularly on\u00a0<\/span><span class=\"NormalTextRun SpellingErrorV2Themed SCXW151593712 BCX0\">tricksters<\/span><span class=\"NormalTextRun SCXW151593712 BCX0\">\u00a0of the mythological tricksters being pondered.<\/span><\/span><span class=\"EOP Selected SCXW151593712 BCX0\" data-ccp-props=\"{}\">\u00a0<\/span><\/p>\n<p>&nbsp;<\/p>\n<p><img loading=\"lazy\" decoding=\"async\" class=\"alignnone wp-image-12202\" src=\"https:\/\/jyvaskylankesa.fi\/wp-content\/uploads\/2026\/04\/Tomi_Kiilakoski_kuvaaja_Sami_Perttila\u0308-1024x681.jpg\" alt=\"\" width=\"456\" height=\"303\" srcset=\"https:\/\/jyvaskylankesa.fi\/wp-content\/uploads\/2026\/04\/Tomi_Kiilakoski_kuvaaja_Sami_Perttila\u0308-1024x681.jpg 1024w, https:\/\/jyvaskylankesa.fi\/wp-content\/uploads\/2026\/04\/Tomi_Kiilakoski_kuvaaja_Sami_Perttila\u0308-1300x865.jpg 1300w, https:\/\/jyvaskylankesa.fi\/wp-content\/uploads\/2026\/04\/Tomi_Kiilakoski_kuvaaja_Sami_Perttila\u0308-400x266.jpg 400w, https:\/\/jyvaskylankesa.fi\/wp-content\/uploads\/2026\/04\/Tomi_Kiilakoski_kuvaaja_Sami_Perttila\u0308-768x511.jpg 768w, https:\/\/jyvaskylankesa.fi\/wp-content\/uploads\/2026\/04\/Tomi_Kiilakoski_kuvaaja_Sami_Perttila\u0308-1536x1022.jpg 1536w, https:\/\/jyvaskylankesa.fi\/wp-content\/uploads\/2026\/04\/Tomi_Kiilakoski_kuvaaja_Sami_Perttila\u0308-2048x1363.jpg 2048w, https:\/\/jyvaskylankesa.fi\/wp-content\/uploads\/2026\/04\/Tomi_Kiilakoski_kuvaaja_Sami_Perttila\u0308-600x399.jpg 600w\" sizes=\"auto, (max-width: 456px) 100vw, 456px\" \/><\/p>\n<p><span class=\"TextRun SCXW252299371 BCX0\" lang=\"FI-FI\" xml:lang=\"FI-FI\" data-contrast=\"auto\"><span class=\"NormalTextRun SCXW252299371 BCX0\"><strong>Tomi Kiilakoski<\/strong> is a postdoctoral researcher at the Finnish Youth Research Society. She researches youth participation, youth work, and cultural-philosophical issues.<\/span><\/span><span class=\"EOP Selected SCXW252299371 BCX0\" data-ccp-props=\"{}\"> Image: Sami Perttil\u00e4<\/span><\/p>\n<p>&nbsp;<\/p>\n<p><img loading=\"lazy\" decoding=\"async\" class=\"alignnone wp-image-12197\" src=\"https:\/\/jyvaskylankesa.fi\/wp-content\/uploads\/2026\/04\/E01Q1416muotokuva-iso-arto-laitinen-683x1024.jpg\" alt=\"\" width=\"258\" height=\"387\" srcset=\"https:\/\/jyvaskylankesa.fi\/wp-content\/uploads\/2026\/04\/E01Q1416muotokuva-iso-arto-laitinen-683x1024.jpg 683w, https:\/\/jyvaskylankesa.fi\/wp-content\/uploads\/2026\/04\/E01Q1416muotokuva-iso-arto-laitinen-867x1300.jpg 867w, https:\/\/jyvaskylankesa.fi\/wp-content\/uploads\/2026\/04\/E01Q1416muotokuva-iso-arto-laitinen-267x400.jpg 267w, https:\/\/jyvaskylankesa.fi\/wp-content\/uploads\/2026\/04\/E01Q1416muotokuva-iso-arto-laitinen-768x1151.jpg 768w, https:\/\/jyvaskylankesa.fi\/wp-content\/uploads\/2026\/04\/E01Q1416muotokuva-iso-arto-laitinen-1025x1536.jpg 1025w, https:\/\/jyvaskylankesa.fi\/wp-content\/uploads\/2026\/04\/E01Q1416muotokuva-iso-arto-laitinen-600x900.jpg 600w, https:\/\/jyvaskylankesa.fi\/wp-content\/uploads\/2026\/04\/E01Q1416muotokuva-iso-arto-laitinen.jpg 1334w\" sizes=\"auto, (max-width: 258px) 100vw, 258px\" \/><\/p>\n<p><span class=\"TextRun SCXW92775885 BCX0\" lang=\"FI-FI\" xml:lang=\"FI-FI\" data-contrast=\"auto\"><span class=\"NormalTextRun SCXW92775885 BCX0\"><strong>Arto Laitinen<\/strong> is a professor of social philosophy who is interested in social ideals and pathologies.<\/span><\/span><\/p>\n<p>&nbsp;<\/p>\n<p><img loading=\"lazy\" decoding=\"async\" class=\"alignnone wp-image-12201\" src=\"https:\/\/jyvaskylankesa.fi\/wp-content\/uploads\/2026\/04\/Marian-kuva-Jonne-Renvall-Tampereen-yliopisto-1024x683.jpg\" alt=\"\" width=\"453\" height=\"302\" srcset=\"https:\/\/jyvaskylankesa.fi\/wp-content\/uploads\/2026\/04\/Marian-kuva-Jonne-Renvall-Tampereen-yliopisto-1024x683.jpg 1024w, https:\/\/jyvaskylankesa.fi\/wp-content\/uploads\/2026\/04\/Marian-kuva-Jonne-Renvall-Tampereen-yliopisto-1300x867.jpg 1300w, https:\/\/jyvaskylankesa.fi\/wp-content\/uploads\/2026\/04\/Marian-kuva-Jonne-Renvall-Tampereen-yliopisto-400x267.jpg 400w, https:\/\/jyvaskylankesa.fi\/wp-content\/uploads\/2026\/04\/Marian-kuva-Jonne-Renvall-Tampereen-yliopisto-768x512.jpg 768w, https:\/\/jyvaskylankesa.fi\/wp-content\/uploads\/2026\/04\/Marian-kuva-Jonne-Renvall-Tampereen-yliopisto-1536x1024.jpg 1536w, https:\/\/jyvaskylankesa.fi\/wp-content\/uploads\/2026\/04\/Marian-kuva-Jonne-Renvall-Tampereen-yliopisto-2048x1365.jpg 2048w, https:\/\/jyvaskylankesa.fi\/wp-content\/uploads\/2026\/04\/Marian-kuva-Jonne-Renvall-Tampereen-yliopisto-600x400.jpg 600w\" sizes=\"auto, (max-width: 453px) 100vw, 453px\" \/><\/p>\n<p><span class=\"TextRun SCXW231117812 BCX0\" lang=\"FI-FI\" xml:lang=\"FI-FI\" data-contrast=\"auto\"><span class=\"NormalTextRun SCXW231117812 BCX0\"><strong>Maria Laakso<\/strong> is a literary scholar (Ph.D.,\u00a0<\/span><span class=\"NormalTextRun SpellingErrorV2Themed SCXW231117812 BCX0\">two<\/span><span class=\"NormalTextRun SCXW231117812 BCX0\">.and author of non-fiction books. Her research focuses particularly on the diverse forms of fictional humor.<\/span><\/span><span class=\"EOP Selected SCXW231117812 BCX0\" data-ccp-props=\"{}\"> Photo: Jonne Renvall<\/span><\/p>\n<p>&nbsp;<\/p>\n<p><img loading=\"lazy\" decoding=\"async\" class=\"alignnone wp-image-12198\" src=\"https:\/\/jyvaskylankesa.fi\/wp-content\/uploads\/2026\/04\/Educa-13-1024x683.jpg\" alt=\"\" width=\"451\" height=\"300\" srcset=\"https:\/\/jyvaskylankesa.fi\/wp-content\/uploads\/2026\/04\/Educa-13-1024x683.jpg 1024w, https:\/\/jyvaskylankesa.fi\/wp-content\/uploads\/2026\/04\/Educa-13-1300x867.jpg 1300w, https:\/\/jyvaskylankesa.fi\/wp-content\/uploads\/2026\/04\/Educa-13-400x267.jpg 400w, https:\/\/jyvaskylankesa.fi\/wp-content\/uploads\/2026\/04\/Educa-13-768x512.jpg 768w, https:\/\/jyvaskylankesa.fi\/wp-content\/uploads\/2026\/04\/Educa-13-1536x1024.jpg 1536w, https:\/\/jyvaskylankesa.fi\/wp-content\/uploads\/2026\/04\/Educa-13-2048x1366.jpg 2048w, https:\/\/jyvaskylankesa.fi\/wp-content\/uploads\/2026\/04\/Educa-13-600x400.jpg 600w\" sizes=\"auto, (max-width: 451px) 100vw, 451px\" \/><\/p>\n<p><span class=\"TextRun SCXW239215100 BCX0\" lang=\"FI-FI\" xml:lang=\"FI-FI\" data-contrast=\"auto\"><span class=\"NormalTextRun SCXW239215100 BCX0\"><strong>Anna Roikonen<\/strong> at the University of Jyv\u00e4skyl\u00e4\u00a0<\/span><span class=\"NormalTextRun SpellingErrorV2Themed SCXW239215100 BCX0\">JYU.Edu<\/span><span class=\"NormalTextRun SCXW239215100 BCX0\">- Impact pillar project manager and\u00a0<\/span><span class=\"NormalTextRun SpellingErrorV2Themed SCXW239215100 BCX0\">EDUCATION<\/span><\/span><span class=\"NoBreakHyphenBlob BlobObject DragDrop SpellingErrorV2Themed SCXW239215100 BCX0\">\u2011<\/span><span class=\"TextRun SCXW239215100 BCX0\" lang=\"FI-FI\" xml:lang=\"FI-FI\" data-contrast=\"auto\"><span class=\"NormalTextRun SpellingErrorV2Themed SCXW239215100 BCX0\">flagship<\/span><span class=\"NormalTextRun SCXW239215100 BCX0\">\u00a0Coordinator. He is a sworn advocate for early childhood education, an enthusiastic stage performer, and\u00a0<\/span><span class=\"NormalTextRun SpellingErrorV2Themed SCXW239215100 BCX0\">Foxy<\/span><span class=\"NormalTextRun SCXW239215100 BCX0\">-choir member.<\/span><\/span><span class=\"EOP Selected SCXW239215100 BCX0\" data-ccp-props=\"{}\">\u00a0<\/span><\/p>\n<p>&nbsp;<\/p>\n<p>\u2019<img loading=\"lazy\" decoding=\"async\" class=\"alignnone wp-image-12196\" src=\"https:\/\/jyvaskylankesa.fi\/wp-content\/uploads\/2026\/04\/AnuVirtanen-684x1024.jpg\" alt=\"\" width=\"259\" height=\"387\" srcset=\"https:\/\/jyvaskylankesa.fi\/wp-content\/uploads\/2026\/04\/AnuVirtanen-684x1024.jpg 684w, https:\/\/jyvaskylankesa.fi\/wp-content\/uploads\/2026\/04\/AnuVirtanen-868x1300.jpg 868w, https:\/\/jyvaskylankesa.fi\/wp-content\/uploads\/2026\/04\/AnuVirtanen-267x400.jpg 267w, https:\/\/jyvaskylankesa.fi\/wp-content\/uploads\/2026\/04\/AnuVirtanen-768x1150.jpg 768w, https:\/\/jyvaskylankesa.fi\/wp-content\/uploads\/2026\/04\/AnuVirtanen-1025x1536.jpg 1025w, https:\/\/jyvaskylankesa.fi\/wp-content\/uploads\/2026\/04\/AnuVirtanen-1367x2048.jpg 1367w, https:\/\/jyvaskylankesa.fi\/wp-content\/uploads\/2026\/04\/AnuVirtanen-600x899.jpg 600w, https:\/\/jyvaskylankesa.fi\/wp-content\/uploads\/2026\/04\/AnuVirtanen-scaled.jpg 1709w\" sizes=\"auto, (max-width: 259px) 100vw, 259px\" \/><\/p>\n<p><span class=\"TextRun SCXW90792748 BCX0\" lang=\"FI-FI\" xml:lang=\"FI-FI\" data-contrast=\"auto\"><span class=\"NormalTextRun SCXW90792748 BCX0\"><strong>Anu Virtanen<\/strong> is a doctoral candidate in philosophy and works as a project researcher at the National Institute for Educational Research. Her research focuses on philosophical dialogue in the context of personal growth and the acquisition of wisdom\u00a0<\/span><span class=\"NormalTextRun SpellingErrorV2Themed SCXW90792748 BCX0\">transformative<\/span><span class=\"NormalTextRun SCXW90792748 BCX0\">\u00a0as a policy<\/span><span class=\"NormalTextRun SCXW90792748 BCX0\">.<\/span><\/span><span class=\"EOP Selected SCXW90792748 BCX0\" data-ccp-props=\"{}\">\u00a0<\/span><\/p>\n<p>&nbsp;<\/p>\n<p>&nbsp;<\/p>\n<p>&nbsp;<\/p>","protected":false},"excerpt":{"rendered":"<p>Kun ymp\u00e4rilleen katsoo, n\u00e4ytt\u00e4\u00e4 silt\u00e4, ett\u00e4 maailman menoa\u00a0ei ohjaa\u00a0ainakaan\u00a0viisaus. Mutta\u00a0ehk\u00e4\u00a0viisautta\u00a0voi l\u00f6yt\u00e4\u00e4 paremmin, jos oivaltaa, mist\u00e4 sen puuttumisen huomaa.\u00a0 T\u00e4ss\u00e4 keskusteluohjelmassa viisauteen ja sen puutteeseen paneutuvat filosofian v\u00e4it\u00f6skirjatutkija Anu Virtanen, kirjallisuustieteen dosentti Maria Laakso ja filosofian professori Arto Laitinen. Heid\u00e4n lis\u00e4kseen ohjelmaan osallistuvat EDUCA-lippulaivan koordinaattori Anna Roikonen ja nuorisotutkija Tomi Kiilakoski. Tapahtuman juonittelusta vastaavat maailman ensimm\u00e4inen [&hellip;]<\/p>\n","protected":false},"author":13,"featured_media":12204,"comment_status":"closed","ping_status":"closed","template":"","meta":{"_acf_changed":false},"product_brand":[],"product_cat":[549],"product_tag":[],"ticket_category":[609,606,607],"class_list":{"0":"post-12195","1":"product","2":"type-product","3":"status-publish","4":"has-post-thumbnail","6":"product_cat-liput","8":"first","9":"instock","10":"taxable","11":"shipping-taxable","12":"product-type-simple"},"acf":[],"_links":{"self":[{"href":"https:\/\/jyvaskylankesa.fi\/en\/wp-json\/wp\/v2\/product\/12195","targetHints":{"allow":["GET"]}}],"collection":[{"href":"https:\/\/jyvaskylankesa.fi\/en\/wp-json\/wp\/v2\/product"}],"about":[{"href":"https:\/\/jyvaskylankesa.fi\/en\/wp-json\/wp\/v2\/types\/product"}],"author":[{"embeddable":true,"href":"https:\/\/jyvaskylankesa.fi\/en\/wp-json\/wp\/v2\/users\/13"}],"replies":[{"embeddable":true,"href":"https:\/\/jyvaskylankesa.fi\/en\/wp-json\/wp\/v2\/comments?post=12195"}],"wp:featuredmedia":[{"embeddable":true,"href":"https:\/\/jyvaskylankesa.fi\/en\/wp-json\/wp\/v2\/media\/12204"}],"wp:attachment":[{"href":"https:\/\/jyvaskylankesa.fi\/en\/wp-json\/wp\/v2\/media?parent=12195"}],"wp:term":[{"taxonomy":"product_brand","embeddable":true,"href":"https:\/\/jyvaskylankesa.fi\/en\/wp-json\/wp\/v2\/product_brand?post=12195"},{"taxonomy":"product_cat","embeddable":true,"href":"https:\/\/jyvaskylankesa.fi\/en\/wp-json\/wp\/v2\/product_cat?post=12195"},{"taxonomy":"product_tag","embeddable":true,"href":"https:\/\/jyvaskylankesa.fi\/en\/wp-json\/wp\/v2\/product_tag?post=12195"},{"taxonomy":"ticket_category","embeddable":true,"href":"https:\/\/jyvaskylankesa.fi\/en\/wp-json\/wp\/v2\/ticket_category?post=12195"}],"curies":[{"name":"wp","href":"https:\/\/api.w.org\/{rel}","templated":true}]}}