{"id":12180,"date":"2026-04-23T10:27:52","date_gmt":"2026-04-23T07:27:52","guid":{"rendered":"https:\/\/jyvaskylankesa.fi\/?post_type=product&#038;p=12180"},"modified":"2026-05-05T12:39:30","modified_gmt":"2026-05-05T09:39:30","slug":"avajaisseminaari-keta-kiinnostaa-journalismin-rooli-muuttuvassa-maailmassa","status":"publish","type":"product","link":"https:\/\/jyvaskylankesa.fi\/en\/tuote\/avajaisseminaari-keta-kiinnostaa-journalismin-rooli-muuttuvassa-maailmassa\/","title":{"rendered":"Opening Seminar: WHO'S INTERESTED? The Role of Journalism in a Changing World"},"content":{"rendered":"<p><span data-contrast=\"auto\">Jyv\u00e4skyl\u00e4n Kes\u00e4n avajaisseminaari pohtii mediaymp\u00e4rist\u00f6n ja erityisesti journalistisen median roolia tulevaisuudessa.<\/span><\/p>\n<p><span data-contrast=\"auto\"> Avajaisseminaarissa kysyt\u00e4\u00e4n, onko journalismilla merkityst\u00e4 ja jos niin kenelle. Mit\u00e4 journalismilla nyky\u00e4\u00e4n oikeastaan ymm\u00e4rret\u00e4\u00e4n ja mik\u00e4 erottaa journalistisen sis\u00e4ll\u00f6n muusta, esimerkiksi digitaalisilla alustoilla levi\u00e4v\u00e4st\u00e4 sis\u00e4ll\u00f6st\u00e4? Mik\u00e4 pit\u00e4\u00e4 journalistisen median elossa, ent\u00e4 keill\u00e4 ylip\u00e4\u00e4ns\u00e4 on p\u00e4\u00e4sy journalistisen media \u00e4\u00e4relle? Kenen tarinat kerrotaan vai j\u00e4\u00e4v\u00e4tk\u00f6 maakunnat uutiser\u00e4maiksi?\u00a0Kysymyksi\u00e4 pohtimassa\u00a0<\/span><span data-contrast=\"none\">mediap\u00e4\u00e4tt\u00e4j\u00e4<\/span><span data-contrast=\"auto\">\u00a0ja johtaja <strong>Merja Yl\u00e4-Anttila<\/strong>, konsernijohtaja <strong>Vesa-Pekka Kangaskorpi<\/strong> (Mediakonserni Keskisuomalainen), toimittaja <strong>Oskari Onninen<\/strong> (Uusi Juttu), p\u00e4\u00e4toimittaja <strong>Nikke\u00a0Sillanp\u00e4\u00e4<\/strong> (Rare Media), tilaisuuden puheenjohtajana median ja viestinn\u00e4n tutkimuksen apulaisprofessori <strong>Karoliina Talvitie-Lamberg<\/strong>.<\/span><span data-ccp-props=\"{&quot;134233279&quot;:true,&quot;201341983&quot;:0,&quot;335559740&quot;:240}\"> <span class=\"TextRun MacChromeBold SCXW234689054 BCX0\" lang=\"FI-FI\" xml:lang=\"FI-FI\" data-contrast=\"auto\"><span class=\"NormalTextRun SCXW234689054 BCX0\">Keskustelun livekuvittaa <\/span><\/span><span class=\"TextRun SCXW234689054 BCX0\" lang=\"FI-FI\" xml:lang=\"FI-FI\" data-contrast=\"auto\"><span class=\"NormalTextRun SCXW234689054 BCX0\">kuvittaja\u00a0<\/span><\/span><strong><span class=\"TextRun MacChromeBold SCXW234689054 BCX0\" lang=\"FI-FI\" xml:lang=\"FI-FI\" data-contrast=\"auto\"><span class=\"NormalTextRun SCXW234689054 BCX0\">Linda Saukko-Rauta<\/span><\/span><\/strong><span class=\"TextRun MacChromeBold SCXW234689054 BCX0\" lang=\"FI-FI\" xml:lang=\"FI-FI\" data-contrast=\"auto\"><span class=\"NormalTextRun SCXW234689054 BCX0\">.<\/span><\/span><\/span><\/p>\n<p>&nbsp;<\/p>\n<p><img loading=\"lazy\" decoding=\"async\" class=\"alignnone wp-image-12181\" src=\"https:\/\/jyvaskylankesa.fi\/wp-content\/uploads\/2026\/04\/4F35708D-C496-423D-A43E-508A360CC032.jpeg\" alt=\"\" width=\"462\" height=\"308\" srcset=\"https:\/\/jyvaskylankesa.fi\/wp-content\/uploads\/2026\/04\/4F35708D-C496-423D-A43E-508A360CC032.jpeg 864w, https:\/\/jyvaskylankesa.fi\/wp-content\/uploads\/2026\/04\/4F35708D-C496-423D-A43E-508A360CC032-400x267.jpeg 400w, https:\/\/jyvaskylankesa.fi\/wp-content\/uploads\/2026\/04\/4F35708D-C496-423D-A43E-508A360CC032-768x512.jpeg 768w, https:\/\/jyvaskylankesa.fi\/wp-content\/uploads\/2026\/04\/4F35708D-C496-423D-A43E-508A360CC032-600x400.jpeg 600w\" sizes=\"auto, (max-width: 462px) 100vw, 462px\" \/><\/p>\n<p><strong><span class=\"TextRun MacChromeBold SCXW15309150 BCX0\" lang=\"FI-FI\" xml:lang=\"FI-FI\" data-contrast=\"none\"><span class=\"NormalTextRun SCXW15309150 BCX0\">Merja Yl\u00e4-Anttila<\/span><\/span><\/strong><span class=\"TextRun SCXW15309150 BCX0\" lang=\"FI-FI\" xml:lang=\"FI-FI\" data-contrast=\"none\"><span class=\"NormalTextRun SCXW15309150 BCX0\"> on kokenut mediap\u00e4\u00e4tt\u00e4j\u00e4 ja -vaikuttaja. H\u00e4nen pitk\u00e4 uransa MTV:n uutisten vastaavana p\u00e4\u00e4toimittajana ja Yleisradion toimitusjohtajana on tarjonnut n\u00e4k\u00f6alapaikan suomalaiseen yhteiskuntaan ja kansainv\u00e4liseen median toimintaymp\u00e4rist\u00f6\u00f6n.<\/span><\/span><\/p>\n<p>&nbsp;<\/p>\n<p><img loading=\"lazy\" decoding=\"async\" class=\"alignnone wp-image-12182\" src=\"https:\/\/jyvaskylankesa.fi\/wp-content\/uploads\/2026\/04\/P1000174-1024x769.jpg\" alt=\"\" width=\"462\" height=\"347\" srcset=\"https:\/\/jyvaskylankesa.fi\/wp-content\/uploads\/2026\/04\/P1000174-1024x769.jpg 1024w, https:\/\/jyvaskylankesa.fi\/wp-content\/uploads\/2026\/04\/P1000174-1300x976.jpg 1300w, https:\/\/jyvaskylankesa.fi\/wp-content\/uploads\/2026\/04\/P1000174-400x300.jpg 400w, https:\/\/jyvaskylankesa.fi\/wp-content\/uploads\/2026\/04\/P1000174-768x577.jpg 768w, https:\/\/jyvaskylankesa.fi\/wp-content\/uploads\/2026\/04\/P1000174-1536x1153.jpg 1536w, https:\/\/jyvaskylankesa.fi\/wp-content\/uploads\/2026\/04\/P1000174-2048x1537.jpg 2048w, https:\/\/jyvaskylankesa.fi\/wp-content\/uploads\/2026\/04\/P1000174-600x450.jpg 600w\" sizes=\"auto, (max-width: 462px) 100vw, 462px\" \/><\/p>\n<p><strong><span class=\"TextRun MacChromeBold SCXW261861199 BCX0\" lang=\"FI-FI\" xml:lang=\"FI-FI\" data-contrast=\"none\"><span class=\"NormalTextRun SCXW261861199 BCX0\">Vesa-Pekka Kangaskorpi<\/span><\/span><\/strong><span class=\"TextRun SCXW261861199 BCX0\" lang=\"FI-FI\" xml:lang=\"FI-FI\" data-contrast=\"none\"><span class=\"NormalTextRun SCXW261861199 BCX0\">\u00a0on Mediakonserni Keskisuomalaisen konsernijohtaja. H\u00e4net tunnetaan vahvana \u00e4\u00e4nenk\u00e4ytt\u00e4j\u00e4n\u00e4 kotimaisen uutismedian merkityksest\u00e4 ja median roolista demokratian tukijana, paikallisen elinvoiman rakentajana ja yhteiskunnallisen keskustelun mahdollistajana.<\/span><\/span><span class=\"EOP Selected SCXW261861199 BCX0\" data-ccp-props=\"{&quot;134233117&quot;:false,&quot;134233118&quot;:false,&quot;335559738&quot;:0,&quot;335559739&quot;:0}\">\u00a0<\/span><\/p>\n<p>&nbsp;<\/p>\n<p><img loading=\"lazy\" decoding=\"async\" class=\"alignnone wp-image-12183\" src=\"https:\/\/jyvaskylankesa.fi\/wp-content\/uploads\/2026\/04\/Oskari-Onninen-2000-683x1024.jpg\" alt=\"\" width=\"244\" height=\"366\" srcset=\"https:\/\/jyvaskylankesa.fi\/wp-content\/uploads\/2026\/04\/Oskari-Onninen-2000-683x1024.jpg 683w, https:\/\/jyvaskylankesa.fi\/wp-content\/uploads\/2026\/04\/Oskari-Onninen-2000-867x1300.jpg 867w, https:\/\/jyvaskylankesa.fi\/wp-content\/uploads\/2026\/04\/Oskari-Onninen-2000-267x400.jpg 267w, https:\/\/jyvaskylankesa.fi\/wp-content\/uploads\/2026\/04\/Oskari-Onninen-2000-768x1152.jpg 768w, https:\/\/jyvaskylankesa.fi\/wp-content\/uploads\/2026\/04\/Oskari-Onninen-2000-1024x1536.jpg 1024w, https:\/\/jyvaskylankesa.fi\/wp-content\/uploads\/2026\/04\/Oskari-Onninen-2000-1366x2048.jpg 1366w, https:\/\/jyvaskylankesa.fi\/wp-content\/uploads\/2026\/04\/Oskari-Onninen-2000-600x900.jpg 600w, https:\/\/jyvaskylankesa.fi\/wp-content\/uploads\/2026\/04\/Oskari-Onninen-2000-scaled.jpg 1707w\" sizes=\"auto, (max-width: 244px) 100vw, 244px\" \/><\/p>\n<p><strong><span class=\"TextRun MacChromeBold SCXW107436338 BCX0\" lang=\"FI-FI\" xml:lang=\"FI-FI\" data-contrast=\"none\"><span class=\"NormalTextRun SCXW107436338 BCX0\" data-ccp-charstyle=\"outlook-search-highlight\" data-ccp-charstyle-defn=\"{&quot;ObjectId&quot;:&quot;e34a15b7-a04f-54a3-a57e-676c9f0e3a6d|1&quot;,&quot;ClassId&quot;:1073872969,&quot;Properties&quot;:[201342446,&quot;1&quot;,201342447,&quot;5&quot;,201342448,&quot;1&quot;,201342449,&quot;1&quot;,469777841,&quot;Calibri&quot;,469777842,&quot;&quot;,469777843,&quot;Calibri&quot;,469777844,&quot;Calibri&quot;,201341986,&quot;1&quot;,469769226,&quot;Calibri&quot;,268442635,&quot;24&quot;,469775450,&quot;outlook-search-highlight&quot;,201340122,&quot;1&quot;,134233614,&quot;true&quot;,469778129,&quot;outlook-search-highlight&quot;,335572020,&quot;1&quot;,469778324,&quot;Default Paragraph Font&quot;]}\">Oskari<\/span><span class=\"NormalTextRun SCXW107436338 BCX0\" data-ccp-charstyle=\"apple-converted-space\" data-ccp-charstyle-defn=\"{&quot;ObjectId&quot;:&quot;2fd183b4-ad5c-5199-9fc7-89a6d0356079|1&quot;,&quot;ClassId&quot;:1073872969,&quot;Properties&quot;:[201342446,&quot;1&quot;,201342447,&quot;5&quot;,201342448,&quot;1&quot;,201342449,&quot;1&quot;,469777841,&quot;Calibri&quot;,469777842,&quot;&quot;,469777843,&quot;Calibri&quot;,469777844,&quot;Calibri&quot;,201341986,&quot;1&quot;,469769226,&quot;Calibri&quot;,268442635,&quot;24&quot;,469775450,&quot;apple-converted-space&quot;,201340122,&quot;1&quot;,134233614,&quot;true&quot;,469778129,&quot;apple-converted-space&quot;,335572020,&quot;1&quot;,469778324,&quot;Default Paragraph Font&quot;]}\">\u202f<\/span><span class=\"NormalTextRun SCXW107436338 BCX0\" data-ccp-charstyle=\"outlook-search-highlight\">Onninen<\/span><\/span><\/strong><span class=\"TextRun SCXW107436338 BCX0\" lang=\"FI-FI\" xml:lang=\"FI-FI\" data-contrast=\"none\"><span class=\"NormalTextRun SCXW107436338 BCX0\" data-ccp-charstyle=\"apple-converted-space\">\u202f<\/span><span class=\"NormalTextRun SCXW107436338 BCX0\">on Uuden Jutun toimittaja ja\u00a0<\/span><span class=\"NormalTextRun SpellingErrorV2Themed SCXW107436338 BCX0\">popkriitikko<\/span><span class=\"NormalTextRun SCXW107436338 BCX0\">, joka on erikoistunut kulttuuria ja teknologiaa k\u00e4sitteleviin aiheisiin.<\/span><\/span><span class=\"EOP Selected SCXW107436338 BCX0\" data-ccp-props=\"{&quot;201341983&quot;:0,&quot;335559740&quot;:240}\">\u00a0<\/span><\/p>\n<p>&nbsp;<\/p>\n<p><img loading=\"lazy\" decoding=\"async\" class=\"alignnone wp-image-12184\" src=\"https:\/\/jyvaskylankesa.fi\/wp-content\/uploads\/2026\/04\/Nikke-Sillanpa\u0308a\u0308_RARE-Media.jpg\" alt=\"\" width=\"438\" height=\"438\" srcset=\"https:\/\/jyvaskylankesa.fi\/wp-content\/uploads\/2026\/04\/Nikke-Sillanpa\u0308a\u0308_RARE-Media.jpg 1000w, https:\/\/jyvaskylankesa.fi\/wp-content\/uploads\/2026\/04\/Nikke-Sillanpa\u0308a\u0308_RARE-Media-400x400.jpg 400w, https:\/\/jyvaskylankesa.fi\/wp-content\/uploads\/2026\/04\/Nikke-Sillanpa\u0308a\u0308_RARE-Media-768x768.jpg 768w, https:\/\/jyvaskylankesa.fi\/wp-content\/uploads\/2026\/04\/Nikke-Sillanpa\u0308a\u0308_RARE-Media-60x60.jpg 60w, https:\/\/jyvaskylankesa.fi\/wp-content\/uploads\/2026\/04\/Nikke-Sillanpa\u0308a\u0308_RARE-Media-300x300.jpg 300w, https:\/\/jyvaskylankesa.fi\/wp-content\/uploads\/2026\/04\/Nikke-Sillanpa\u0308a\u0308_RARE-Media-600x600.jpg 600w, https:\/\/jyvaskylankesa.fi\/wp-content\/uploads\/2026\/04\/Nikke-Sillanpa\u0308a\u0308_RARE-Media-100x100.jpg 100w\" sizes=\"auto, (max-width: 438px) 100vw, 438px\" \/><\/p>\n<p><strong><span class=\"TextRun MacChromeBold SCXW2797908 BCX0\" lang=\"FI-FI\" xml:lang=\"FI-FI\" data-contrast=\"auto\"><span class=\"NormalTextRun SpellingErrorV2Themed SCXW2797908 BCX0\">Nikke<\/span><span class=\"NormalTextRun SCXW2797908 BCX0\">\u00a0Sillanp\u00e4\u00e4<\/span><\/span><\/strong><span class=\"TextRun SCXW2797908 BCX0\" lang=\"FI-FI\" xml:lang=\"FI-FI\" data-contrast=\"auto\"><span class=\"NormalTextRun SCXW2797908 BCX0\">\u00a0on uuden sukupolven\u00a0<\/span><span class=\"NormalTextRun SpellingErrorV2Themed SCXW2797908 BCX0\">aikakausmedia<\/span><span class=\"NormalTextRun SCXW2797908 BCX0\">\u00a0RARE Median p\u00e4\u00e4toimittaja. RARE on Suomen ensimm\u00e4inen journalismia pelk\u00e4st\u00e4\u00e4n someen tuottava media, joka kuuluu Julkisen sanan neuvoston itses\u00e4\u00e4ntelyn piiriin.<\/span><\/span><span class=\"EOP Selected SCXW2797908 BCX0\" data-ccp-props=\"{&quot;201341983&quot;:0,&quot;335559739&quot;:0,&quot;335559740&quot;:276}\">\u00a0<\/span><\/p>\n<p>&nbsp;<\/p>\n<p><img loading=\"lazy\" decoding=\"async\" class=\" wp-image-12185\" src=\"https:\/\/jyvaskylankesa.fi\/wp-content\/uploads\/2026\/04\/Talvitie-LambergKaroliina_027-728x1024.jpg\" alt=\"\" width=\"289\" height=\"406\" srcset=\"https:\/\/jyvaskylankesa.fi\/wp-content\/uploads\/2026\/04\/Talvitie-LambergKaroliina_027-728x1024.jpg 728w, https:\/\/jyvaskylankesa.fi\/wp-content\/uploads\/2026\/04\/Talvitie-LambergKaroliina_027-924x1300.jpg 924w, https:\/\/jyvaskylankesa.fi\/wp-content\/uploads\/2026\/04\/Talvitie-LambergKaroliina_027-284x400.jpg 284w, https:\/\/jyvaskylankesa.fi\/wp-content\/uploads\/2026\/04\/Talvitie-LambergKaroliina_027-768x1081.jpg 768w, https:\/\/jyvaskylankesa.fi\/wp-content\/uploads\/2026\/04\/Talvitie-LambergKaroliina_027-1092x1536.jpg 1092w, https:\/\/jyvaskylankesa.fi\/wp-content\/uploads\/2026\/04\/Talvitie-LambergKaroliina_027-1456x2048.jpg 1456w, https:\/\/jyvaskylankesa.fi\/wp-content\/uploads\/2026\/04\/Talvitie-LambergKaroliina_027-600x844.jpg 600w, https:\/\/jyvaskylankesa.fi\/wp-content\/uploads\/2026\/04\/Talvitie-LambergKaroliina_027-scaled.jpg 1819w\" sizes=\"auto, (max-width: 289px) 100vw, 289px\" \/><\/p>\n<p>&nbsp;<\/p>\n<p><span data-ccp-props=\"{&quot;134233279&quot;:true,&quot;201341983&quot;:0,&quot;335559740&quot;:240}\"><strong><span class=\"TextRun MacChromeBold SCXW82740458 BCX0\" lang=\"FI-FI\" xml:lang=\"FI-FI\" data-contrast=\"none\"><span class=\"NormalTextRun SCXW82740458 BCX0\">Karoliina Talvitie-Lamberg<\/span><\/span><\/strong><span class=\"TextRun SCXW82740458 BCX0\" lang=\"FI-FI\" xml:lang=\"FI-FI\" data-contrast=\"none\"><span class=\"NormalTextRun SCXW82740458 BCX0\">\u00a0on median ja viestinn\u00e4n tutkimuksen apulaisprofessori<\/span><span class=\"NormalTextRun SCXW82740458 BCX0\">\u00a0Jyv\u00e4skyl\u00e4n yliopistossa. H\u00e4n<\/span><span class=\"NormalTextRun SCXW82740458 BCX0\">\u00a0tutkii<\/span><span class=\"NormalTextRun SCXW82740458 BCX0\">\u00a0<\/span><span class=\"NormalTextRun SCXW82740458 BCX0\">media<\/span><span class=\"NormalTextRun SCXW82740458 BCX0\">yhteiskun<\/span><span class=\"NormalTextRun SCXW82740458 BCX0\">taa<\/span><span class=\"NormalTextRun SCXW82740458 BCX0\">n<\/span><span class=\"NormalTextRun SCXW82740458 BCX0\">\u00a0kuulumisen\u00a0<\/span><span class=\"NormalTextRun SCXW82740458 BCX0\">sek\u00e4<\/span><span class=\"NormalTextRun SCXW82740458 BCX0\">\u00a0<\/span><span class=\"NormalTextRun SCXW82740458 BCX0\">digitaalisen<\/span><span class=\"NormalTextRun SCXW82740458 BCX0\">\u00a0ja\u00a0<\/span><span class=\"NormalTextRun SCXW82740458 BCX0\">dataistuneen osallisuuden kysymyksi\u00e4<\/span><span class=\"NormalTextRun SCXW82740458 BCX0\">\u00a0<\/span><span class=\"NormalTextRun SCXW82740458 BCX0\">yksil\u00f6iden media-arjessa\u00a0<\/span><span class=\"NormalTextRun SCXW82740458 BCX0\">ja<\/span><span class=\"NormalTextRun SCXW82740458 BCX0\"> journalistisissa mediaymp\u00e4rist\u00f6iss\u00e4.<\/span><\/span><\/span><\/p>\n<p>&nbsp;<\/p>\n<p><span data-contrast=\"auto\">Seminaarin j\u00e4rjest\u00e4v\u00e4t Jyv\u00e4skyl\u00e4n yliopisto, Jyv\u00e4skyl\u00e4n Kes\u00e4, Jyv\u00e4skyl\u00e4n kaupunki ja Mediakonserni Keskisuomalainen.<\/span><span data-ccp-props=\"{&quot;134233279&quot;:true,&quot;201341983&quot;:0,&quot;335559740&quot;:240}\">\u00a0<\/span><\/p>\n","protected":false},"excerpt":{"rendered":"<p>Jyv\u00e4skyl\u00e4n Kes\u00e4n avajaisseminaari pohtii mediaymp\u00e4rist\u00f6n ja erityisesti journalistisen median roolia tulevaisuudessa. Avajaisseminaarissa kysyt\u00e4\u00e4n, onko journalismilla merkityst\u00e4 ja jos niin kenelle. Mit\u00e4 journalismilla nyky\u00e4\u00e4n oikeastaan ymm\u00e4rret\u00e4\u00e4n ja mik\u00e4 erottaa journalistisen sis\u00e4ll\u00f6n muusta, esimerkiksi digitaalisilla alustoilla levi\u00e4v\u00e4st\u00e4 sis\u00e4ll\u00f6st\u00e4? Mik\u00e4 pit\u00e4\u00e4 journalistisen median elossa, ent\u00e4 keill\u00e4 ylip\u00e4\u00e4ns\u00e4 on p\u00e4\u00e4sy journalistisen media \u00e4\u00e4relle? Kenen tarinat kerrotaan vai j\u00e4\u00e4v\u00e4tk\u00f6 maakunnat [&hellip;]<\/p>\n","protected":false},"author":13,"featured_media":12194,"comment_status":"closed","ping_status":"closed","template":"","meta":{"_acf_changed":false},"product_brand":[],"product_cat":[549],"product_tag":[],"ticket_category":[609,606,607],"class_list":{"0":"post-12180","1":"product","2":"type-product","3":"status-publish","4":"has-post-thumbnail","6":"product_cat-liput","8":"first","9":"instock","10":"taxable","11":"shipping-taxable","12":"product-type-simple"},"acf":[],"_links":{"self":[{"href":"https:\/\/jyvaskylankesa.fi\/en\/wp-json\/wp\/v2\/product\/12180","targetHints":{"allow":["GET"]}}],"collection":[{"href":"https:\/\/jyvaskylankesa.fi\/en\/wp-json\/wp\/v2\/product"}],"about":[{"href":"https:\/\/jyvaskylankesa.fi\/en\/wp-json\/wp\/v2\/types\/product"}],"author":[{"embeddable":true,"href":"https:\/\/jyvaskylankesa.fi\/en\/wp-json\/wp\/v2\/users\/13"}],"replies":[{"embeddable":true,"href":"https:\/\/jyvaskylankesa.fi\/en\/wp-json\/wp\/v2\/comments?post=12180"}],"wp:featuredmedia":[{"embeddable":true,"href":"https:\/\/jyvaskylankesa.fi\/en\/wp-json\/wp\/v2\/media\/12194"}],"wp:attachment":[{"href":"https:\/\/jyvaskylankesa.fi\/en\/wp-json\/wp\/v2\/media?parent=12180"}],"wp:term":[{"taxonomy":"product_brand","embeddable":true,"href":"https:\/\/jyvaskylankesa.fi\/en\/wp-json\/wp\/v2\/product_brand?post=12180"},{"taxonomy":"product_cat","embeddable":true,"href":"https:\/\/jyvaskylankesa.fi\/en\/wp-json\/wp\/v2\/product_cat?post=12180"},{"taxonomy":"product_tag","embeddable":true,"href":"https:\/\/jyvaskylankesa.fi\/en\/wp-json\/wp\/v2\/product_tag?post=12180"},{"taxonomy":"ticket_category","embeddable":true,"href":"https:\/\/jyvaskylankesa.fi\/en\/wp-json\/wp\/v2\/ticket_category?post=12180"}],"curies":[{"name":"wp","href":"https:\/\/api.w.org\/{rel}","templated":true}]}}