{"id":10961,"date":"2025-12-03T12:35:19","date_gmt":"2025-12-03T10:35:19","guid":{"rendered":"https:\/\/jyvaskylankesa.fi\/?post_type=product&#038;p=10961"},"modified":"2026-03-10T00:43:52","modified_gmt":"2026-03-09T22:43:52","slug":"jyvaskylan-kesa-tarra","status":"publish","type":"product","link":"https:\/\/jyvaskylankesa.fi\/en\/tuote\/jyvaskylan-kesa-tarra\/","title":{"rendered":"Jyv\u00e4skyl\u00e4n Kes\u00e4 70th Anniversary Sticker"},"content":{"rendered":"<p>The 2025 Jyv\u00e4skyl\u00e4n Kes\u00e4n sticker featuring the festival\u2019s 70th-anniversary design. The graphic was designed by Tero Ahonen.<\/p>\n<p>The light-colored glossy sticker is 5.7 x 8.5 cm. The glossy holographic sticker is 5.5 x 8.5 cm.<\/p>","protected":false},"excerpt":{"rendered":"<p>The 2025 Jyv\u00e4skyl\u00e4n Kes\u00e4n sticker featuring the festival\u2019s 70th-anniversary design. The graphic was designed by Tero Ahonen.<\/p>","protected":false},"author":12,"featured_media":10972,"comment_status":"open","ping_status":"closed","template":"","meta":{"_acf_changed":false},"product_brand":[],"product_cat":[526],"product_tag":[],"ticket_category":[],"class_list":{"0":"post-10961","1":"product","2":"type-product","3":"status-publish","4":"has-post-thumbnail","6":"product_cat-merchandise","8":"first","9":"instock","10":"taxable","11":"shipping-taxable","12":"purchasable","13":"product-type-variable"},"acf":[],"_links":{"self":[{"href":"https:\/\/jyvaskylankesa.fi\/en\/wp-json\/wp\/v2\/product\/10961","targetHints":{"allow":["GET"]}}],"collection":[{"href":"https:\/\/jyvaskylankesa.fi\/en\/wp-json\/wp\/v2\/product"}],"about":[{"href":"https:\/\/jyvaskylankesa.fi\/en\/wp-json\/wp\/v2\/types\/product"}],"author":[{"embeddable":true,"href":"https:\/\/jyvaskylankesa.fi\/en\/wp-json\/wp\/v2\/users\/12"}],"replies":[{"embeddable":true,"href":"https:\/\/jyvaskylankesa.fi\/en\/wp-json\/wp\/v2\/comments?post=10961"}],"wp:featuredmedia":[{"embeddable":true,"href":"https:\/\/jyvaskylankesa.fi\/en\/wp-json\/wp\/v2\/media\/10972"}],"wp:attachment":[{"href":"https:\/\/jyvaskylankesa.fi\/en\/wp-json\/wp\/v2\/media?parent=10961"}],"wp:term":[{"taxonomy":"product_brand","embeddable":true,"href":"https:\/\/jyvaskylankesa.fi\/en\/wp-json\/wp\/v2\/product_brand?post=10961"},{"taxonomy":"product_cat","embeddable":true,"href":"https:\/\/jyvaskylankesa.fi\/en\/wp-json\/wp\/v2\/product_cat?post=10961"},{"taxonomy":"product_tag","embeddable":true,"href":"https:\/\/jyvaskylankesa.fi\/en\/wp-json\/wp\/v2\/product_tag?post=10961"},{"taxonomy":"ticket_category","embeddable":true,"href":"https:\/\/jyvaskylankesa.fi\/en\/wp-json\/wp\/v2\/ticket_category?post=10961"}],"curies":[{"name":"wp","href":"https:\/\/api.w.org\/{rel}","templated":true}]}}