{"id":10700,"date":"2025-11-21T09:58:48","date_gmt":"2025-11-21T07:58:48","guid":{"rendered":"https:\/\/jyvaskylankesa.fi\/?post_type=product&#038;p=10700"},"modified":"2026-03-20T14:19:38","modified_gmt":"2026-03-20T12:19:38","slug":"jyvaskylan-kesa-kangasmerkki","status":"publish","type":"product","link":"https:\/\/jyvaskylankesa.fi\/en\/tuote\/jyvaskylan-kesa-kangasmerkki\/","title":{"rendered":"Jyv\u00e4skyl\u00e4n Kes\u00e4 fabric label"},"content":{"rendered":"<p>A fabric patch featuring the Jyv\u00e4skyl\u00e4n Kes\u00e4n logo, with an embroidered border and an iron-on adhesive backing.<\/p>","protected":false},"excerpt":{"rendered":"<p>A fabric patch featuring the Jyv\u00e4skyl\u00e4n Kes\u00e4n logo, with an embroidered border and an iron-on adhesive backing.<\/p>","protected":false},"author":9,"featured_media":10895,"comment_status":"open","ping_status":"closed","template":"","meta":{"_acf_changed":false},"product_brand":[],"product_cat":[526],"product_tag":[],"ticket_category":[],"class_list":{"0":"post-10700","1":"product","2":"type-product","3":"status-publish","4":"has-post-thumbnail","6":"product_cat-merchandise","8":"first","9":"instock","10":"taxable","11":"shipping-taxable","12":"purchasable","13":"product-type-simple"},"acf":[],"_links":{"self":[{"href":"https:\/\/jyvaskylankesa.fi\/en\/wp-json\/wp\/v2\/product\/10700","targetHints":{"allow":["GET"]}}],"collection":[{"href":"https:\/\/jyvaskylankesa.fi\/en\/wp-json\/wp\/v2\/product"}],"about":[{"href":"https:\/\/jyvaskylankesa.fi\/en\/wp-json\/wp\/v2\/types\/product"}],"author":[{"embeddable":true,"href":"https:\/\/jyvaskylankesa.fi\/en\/wp-json\/wp\/v2\/users\/9"}],"replies":[{"embeddable":true,"href":"https:\/\/jyvaskylankesa.fi\/en\/wp-json\/wp\/v2\/comments?post=10700"}],"wp:featuredmedia":[{"embeddable":true,"href":"https:\/\/jyvaskylankesa.fi\/en\/wp-json\/wp\/v2\/media\/10895"}],"wp:attachment":[{"href":"https:\/\/jyvaskylankesa.fi\/en\/wp-json\/wp\/v2\/media?parent=10700"}],"wp:term":[{"taxonomy":"product_brand","embeddable":true,"href":"https:\/\/jyvaskylankesa.fi\/en\/wp-json\/wp\/v2\/product_brand?post=10700"},{"taxonomy":"product_cat","embeddable":true,"href":"https:\/\/jyvaskylankesa.fi\/en\/wp-json\/wp\/v2\/product_cat?post=10700"},{"taxonomy":"product_tag","embeddable":true,"href":"https:\/\/jyvaskylankesa.fi\/en\/wp-json\/wp\/v2\/product_tag?post=10700"},{"taxonomy":"ticket_category","embeddable":true,"href":"https:\/\/jyvaskylankesa.fi\/en\/wp-json\/wp\/v2\/ticket_category?post=10700"}],"curies":[{"name":"wp","href":"https:\/\/api.w.org\/{rel}","templated":true}]}}