{"id":10686,"date":"2025-11-21T09:54:46","date_gmt":"2025-11-21T07:54:46","guid":{"rendered":"https:\/\/jyvaskylankesa.fi\/?post_type=product&#038;p=10686"},"modified":"2025-12-02T09:25:15","modified_gmt":"2025-12-02T07:25:15","slug":"jyvaskyla-summer-2024-hoodie","status":"publish","type":"product","link":"https:\/\/jyvaskylankesa.fi\/en\/tuote\/jyvaskylan-kesa-2024-huppari\/","title":{"rendered":"Jyv\u00e4skyl\u00e4n Kes\u00e4 2024 Hoodie"},"content":{"rendered":"<p>The 2024 Jyv\u00e4skyl\u00e4n Kes\u00e4n festival T-shirt. The graphic was designed by Tero Ahonen. The print is on the front of the shirt.<\/p>\n<p>This classic zip-free hoodie with side pockets is a unisex style with a medium fit. The shirt is made from 85% organic cotton and 15% recycled polyester, and its inner surface has been brushed for softness. The print is a high-quality, breathable water-based ink print.<\/p>\n<p>Certificates<\/p>\n<ul>\n<li>GOTS \u2013 Global Organic Textile Standard<\/li>\n<li>Fair Wear<\/li>\n<li>OEKO-TEX\u00ae<\/li>\n<li>PETA \u2013 People for the Ethical Treatment of Animals<\/li>\n<\/ul>","protected":false},"excerpt":{"rendered":"<p>Vuoden 2024 Jyv\u00e4skyl\u00e4n Kes\u00e4n festaripaita. Grafiikan on suunnitellut Tero Ahonen. Painatus on paidan takapuolella.<\/p>","protected":false},"author":9,"featured_media":10906,"comment_status":"open","ping_status":"closed","template":"","meta":{"_acf_changed":false},"product_brand":[],"product_cat":[526],"product_tag":[],"ticket_category":[],"class_list":{"0":"post-10686","1":"product","2":"type-product","3":"status-publish","4":"has-post-thumbnail","6":"product_cat-merchandise","8":"first","9":"instock","10":"taxable","11":"shipping-taxable","12":"purchasable","13":"product-type-variable"},"acf":[],"_links":{"self":[{"href":"https:\/\/jyvaskylankesa.fi\/en\/wp-json\/wp\/v2\/product\/10686","targetHints":{"allow":["GET"]}}],"collection":[{"href":"https:\/\/jyvaskylankesa.fi\/en\/wp-json\/wp\/v2\/product"}],"about":[{"href":"https:\/\/jyvaskylankesa.fi\/en\/wp-json\/wp\/v2\/types\/product"}],"author":[{"embeddable":true,"href":"https:\/\/jyvaskylankesa.fi\/en\/wp-json\/wp\/v2\/users\/9"}],"replies":[{"embeddable":true,"href":"https:\/\/jyvaskylankesa.fi\/en\/wp-json\/wp\/v2\/comments?post=10686"}],"wp:featuredmedia":[{"embeddable":true,"href":"https:\/\/jyvaskylankesa.fi\/en\/wp-json\/wp\/v2\/media\/10906"}],"wp:attachment":[{"href":"https:\/\/jyvaskylankesa.fi\/en\/wp-json\/wp\/v2\/media?parent=10686"}],"wp:term":[{"taxonomy":"product_brand","embeddable":true,"href":"https:\/\/jyvaskylankesa.fi\/en\/wp-json\/wp\/v2\/product_brand?post=10686"},{"taxonomy":"product_cat","embeddable":true,"href":"https:\/\/jyvaskylankesa.fi\/en\/wp-json\/wp\/v2\/product_cat?post=10686"},{"taxonomy":"product_tag","embeddable":true,"href":"https:\/\/jyvaskylankesa.fi\/en\/wp-json\/wp\/v2\/product_tag?post=10686"},{"taxonomy":"ticket_category","embeddable":true,"href":"https:\/\/jyvaskylankesa.fi\/en\/wp-json\/wp\/v2\/ticket_category?post=10686"}],"curies":[{"name":"wp","href":"https:\/\/api.w.org\/{rel}","templated":true}]}}