{"id":10580,"date":"2025-11-20T15:33:55","date_gmt":"2025-11-20T13:33:55","guid":{"rendered":"https:\/\/jyvaskylankesa.fi\/?post_type=product&#038;p=10580"},"modified":"2026-03-20T14:29:43","modified_gmt":"2026-03-20T12:29:43","slug":"jyvaskylan-kesa-2025-t-paita","status":"publish","type":"product","link":"https:\/\/jyvaskylankesa.fi\/en\/tuote\/jyvaskylan-kesa-2025-t-paita\/","title":{"rendered":"Jyv\u00e4skyl\u00e4n Kes\u00e4 2025 T-shirt"},"content":{"rendered":"<p>The 2025 Jyv\u00e4skyl\u00e4n Kes\u00e4n festival T-shirt. The graphic was designed by Tero Ahonen. The print is on the front of the shirt.<\/p>\n<p>The shirt is unisex with a medium fit, featuring a standard neckline, regular-length sleeves, and a slightly wide ribbed collar. The T-shirt is made from 100% GOTS-certified organic cotton. The print is high-quality and breathable, using water-based ink.<\/p>\n<p><strong>Certificates<\/strong><\/p>\n<ul>\n<li>GOTS \u2013 Global Organic Textile Standard<\/li>\n<li>Fair Wear<\/li>\n<li>OEKO-TEX\u00ae<\/li>\n<li>PETA \u2013 People for the Ethical Treatment of Animals<\/li>\n<\/ul>\n<h2>Product Information<\/h2>\n<p><strong>Fabric<\/strong> 100% Cotton \u2013 Organic Combed Ring-Spun \/ Heather Haze: 70% Organic Cotton \u2013 30% Recycled Cotton, Combed Ring-Spun, Single Jersey, Fabric-washed, 180 g\/m\u00b2<\/p>\n<p><strong>Color Selection:<\/strong> XXS \u2013 5XL<\/p>\n<p><strong>Product code<\/strong> STTU169<\/p>\n<p><strong>Fit:<\/strong> Medium Fit<\/p>\n<h2 id=\"kokotaulukko\">Size information<\/h2>\n<table border=\"1\">\n<tbody>\n<tr>\n<th>Size<\/th>\n<th>Width (a)<\/th>\n<th>Width (b)<\/th>\n<th>Sleeve length (c)<\/th>\n<\/tr>\n<tr>\n<td>XXS<\/td>\n<td>45.5 cm<\/td>\n<td>62.0 cm<\/td>\n<td>20.0 cm<\/td>\n<\/tr>\n<tr>\n<td>XS<\/td>\n<td>47.5 cm<\/td>\n<td>65.0 cm<\/td>\n<td>8.27 inches<\/td>\n<\/tr>\n<tr>\n<td>S<\/td>\n<td>49.5 centimeters<\/td>\n<td>69.0 cm<\/td>\n<td>22.5 cm<\/td>\n<\/tr>\n<tr>\n<td>M<\/td>\n<td>53.5 cm<\/td>\n<td>73.0 cm<\/td>\n<td>24.0 cm<\/td>\n<\/tr>\n<tr>\n<td>L<\/td>\n<td>56.5 cm<\/td>\n<td>75.0 cm<\/td>\n<td>24.5 cm<\/td>\n<\/tr>\n<tr>\n<td>XL<\/td>\n<td>59.5 cm<\/td>\n<td>77.0 cm<\/td>\n<td>25.0 cm<\/td>\n<\/tr>\n<tr>\n<td>XXL<\/td>\n<td>25 inches<\/td>\n<td>79.0 cm<\/td>\n<td>10.04 inches<\/td>\n<\/tr>\n<tr>\n<td>3XL<\/td>\n<td>67.5 cm<\/td>\n<td>81.0 cm<\/td>\n<td>26.0 cm<\/td>\n<\/tr>\n<tr>\n<td>4XL<\/td>\n<td>72.5 centimeters<\/td>\n<td>83.0 centimeters<\/td>\n<td>26.0 cm<\/td>\n<\/tr>\n<tr>\n<td>5XL<\/td>\n<td>77.5 centimeters<\/td>\n<td>84.0 cm<\/td>\n<td>26.0 cm<\/td>\n<\/tr>\n<\/tbody>\n<\/table>","protected":false},"excerpt":{"rendered":"<p>The 2025 Jyv\u00e4skyl\u00e4n Kes\u00e4n festival T-shirt. The graphic was designed by Tero Ahonen. The print is on the front of the shirt.<\/p>","protected":false},"author":9,"featured_media":10900,"comment_status":"open","ping_status":"closed","template":"","meta":{"_acf_changed":false},"product_brand":[],"product_cat":[526],"product_tag":[],"ticket_category":[],"class_list":{"0":"post-10580","1":"product","2":"type-product","3":"status-publish","4":"has-post-thumbnail","6":"product_cat-merchandise","8":"first","9":"instock","10":"taxable","11":"shipping-taxable","12":"purchasable","13":"product-type-variable"},"acf":[],"_links":{"self":[{"href":"https:\/\/jyvaskylankesa.fi\/en\/wp-json\/wp\/v2\/product\/10580","targetHints":{"allow":["GET"]}}],"collection":[{"href":"https:\/\/jyvaskylankesa.fi\/en\/wp-json\/wp\/v2\/product"}],"about":[{"href":"https:\/\/jyvaskylankesa.fi\/en\/wp-json\/wp\/v2\/types\/product"}],"author":[{"embeddable":true,"href":"https:\/\/jyvaskylankesa.fi\/en\/wp-json\/wp\/v2\/users\/9"}],"replies":[{"embeddable":true,"href":"https:\/\/jyvaskylankesa.fi\/en\/wp-json\/wp\/v2\/comments?post=10580"}],"wp:featuredmedia":[{"embeddable":true,"href":"https:\/\/jyvaskylankesa.fi\/en\/wp-json\/wp\/v2\/media\/10900"}],"wp:attachment":[{"href":"https:\/\/jyvaskylankesa.fi\/en\/wp-json\/wp\/v2\/media?parent=10580"}],"wp:term":[{"taxonomy":"product_brand","embeddable":true,"href":"https:\/\/jyvaskylankesa.fi\/en\/wp-json\/wp\/v2\/product_brand?post=10580"},{"taxonomy":"product_cat","embeddable":true,"href":"https:\/\/jyvaskylankesa.fi\/en\/wp-json\/wp\/v2\/product_cat?post=10580"},{"taxonomy":"product_tag","embeddable":true,"href":"https:\/\/jyvaskylankesa.fi\/en\/wp-json\/wp\/v2\/product_tag?post=10580"},{"taxonomy":"ticket_category","embeddable":true,"href":"https:\/\/jyvaskylankesa.fi\/en\/wp-json\/wp\/v2\/ticket_category?post=10580"}],"curies":[{"name":"wp","href":"https:\/\/api.w.org\/{rel}","templated":true}]}}