{"id":10459,"date":"2025-11-20T11:03:51","date_gmt":"2025-11-20T09:03:51","guid":{"rendered":"https:\/\/jyvaskylankesa.fi\/?post_type=product&#038;p=10459"},"modified":"2026-03-10T00:43:52","modified_gmt":"2026-03-09T22:43:52","slug":"jyvaskylan-kesa-2024-kassi","status":"publish","type":"product","link":"https:\/\/jyvaskylankesa.fi\/en\/tuote\/jyvaskylan-kesa-2024-kassi\/","title":{"rendered":"Jyv\u00e4skyl\u00e4n Kes\u00e4 2024 Tote Bag"},"content":{"rendered":"<p>The 2024 Jyv\u00e4skyl\u00e4n Kes\u00e4n canvas bag. The graphic design is by Tero Ahonen.<\/p>\n<p>A thick, high-quality canvas bag made from recycled organic cotton (80%) and recycled polyester (20%). The bottom of the bag features a narrow gusset, which makes the base approximately 6 cm thick.<\/p>\n<p>Certificates<\/p>\n<ul>\n<li>GOTS \u2013 Global Organic Textile Standard<\/li>\n<li>Fair Wear<\/li>\n<li>OEKO-TEX\u00ae<\/li>\n<li>PETA \u2013 People for the Ethical Treatment of Animals<\/li>\n<\/ul>","protected":false},"excerpt":{"rendered":"<p>The 2024 Jyv\u00e4skyl\u00e4n Kes\u00e4n canvas bag. The graphic design is by Tero Ahonen.<\/p>","protected":false},"author":9,"featured_media":10905,"comment_status":"open","ping_status":"closed","template":"","meta":{"_acf_changed":false},"product_brand":[],"product_cat":[526],"product_tag":[],"ticket_category":[],"class_list":{"0":"post-10459","1":"product","2":"type-product","3":"status-publish","4":"has-post-thumbnail","6":"product_cat-merchandise","8":"first","9":"instock","10":"taxable","11":"shipping-taxable","12":"purchasable","13":"product-type-variable"},"acf":[],"_links":{"self":[{"href":"https:\/\/jyvaskylankesa.fi\/en\/wp-json\/wp\/v2\/product\/10459","targetHints":{"allow":["GET"]}}],"collection":[{"href":"https:\/\/jyvaskylankesa.fi\/en\/wp-json\/wp\/v2\/product"}],"about":[{"href":"https:\/\/jyvaskylankesa.fi\/en\/wp-json\/wp\/v2\/types\/product"}],"author":[{"embeddable":true,"href":"https:\/\/jyvaskylankesa.fi\/en\/wp-json\/wp\/v2\/users\/9"}],"replies":[{"embeddable":true,"href":"https:\/\/jyvaskylankesa.fi\/en\/wp-json\/wp\/v2\/comments?post=10459"}],"wp:featuredmedia":[{"embeddable":true,"href":"https:\/\/jyvaskylankesa.fi\/en\/wp-json\/wp\/v2\/media\/10905"}],"wp:attachment":[{"href":"https:\/\/jyvaskylankesa.fi\/en\/wp-json\/wp\/v2\/media?parent=10459"}],"wp:term":[{"taxonomy":"product_brand","embeddable":true,"href":"https:\/\/jyvaskylankesa.fi\/en\/wp-json\/wp\/v2\/product_brand?post=10459"},{"taxonomy":"product_cat","embeddable":true,"href":"https:\/\/jyvaskylankesa.fi\/en\/wp-json\/wp\/v2\/product_cat?post=10459"},{"taxonomy":"product_tag","embeddable":true,"href":"https:\/\/jyvaskylankesa.fi\/en\/wp-json\/wp\/v2\/product_tag?post=10459"},{"taxonomy":"ticket_category","embeddable":true,"href":"https:\/\/jyvaskylankesa.fi\/en\/wp-json\/wp\/v2\/ticket_category?post=10459"}],"curies":[{"name":"wp","href":"https:\/\/api.w.org\/{rel}","templated":true}]}}