{"id":244,"date":"2023-04-27T18:37:51","date_gmt":"2023-04-27T15:37:51","guid":{"rendered":"https:\/\/beta.teroahonen.co\/umo\/?page_id=244"},"modified":"2026-03-03T10:47:28","modified_gmt":"2026-03-03T08:47:28","slug":"contact-information","status":"publish","type":"page","link":"https:\/\/jyvaskylankesa.fi\/en\/yhteystiedot\/","title":{"rendered":"Contact information"},"content":{"rendered":"<div class=\"wp-block-group width-small is-layout-constrained wp-block-group-is-layout-constrained\">\n<h1 class=\"wp-block-heading has-text-align-center\">Contact information<\/h1>\n\n\n\n<div style=\"height:3em\" aria-hidden=\"true\" class=\"wp-block-spacer\"><\/div>\n\n\n\n<h2 class=\"wp-block-heading has-text-align-center\">Festival Office Contact Information<\/h2>\n\n\n\n<p class=\"has-text-align-center\">Inquiries about all Jyv\u00e4skyl\u00e4n Kes\u00e4n tickets<br><strong><a href=\"mailto:liput@jyvaskylankesa.fi\">liput@jyvaskylankesa.fi<\/a><\/strong> (Reply always within 24 hours)<\/p>\n\n\n\n<p class=\"has-text-align-center\">General inquiries via email<br><strong><a href=\"mailto:kesa@jyvaskylankesa.fi\">kesa@jyvaskylankesa.fi<\/a><\/strong><br><br><\/p>\n\n\n\n<div style=\"height:3em\" aria-hidden=\"true\" class=\"wp-block-spacer\"><\/div>\n\n\n\n<h2 class=\"wp-block-heading has-text-align-center\">Performance offers and collaboration<\/h2>\n\n\n\n<p class=\"has-text-align-center\">Performance offers to<br><strong><a href=\"mailto:ohjelmisto@jyvaskylankesa.fi\" target=\"_blank\" rel=\"noreferrer noopener\">ohjelmisto@jyvaskylankesa.fi<\/a><\/strong><\/p>\n\n\n\n<p class=\"has-text-align-center\">Market places, event location ideas and other cooperation<br><strong><a href=\"mailto:kesa@jyvaskylankesa.fi\" target=\"_blank\" rel=\"noreferrer noopener\">kesa@jyvaskylankesa.fi<\/a><\/strong><\/p>\n\n\n\n<div style=\"height:3em\" aria-hidden=\"true\" class=\"wp-block-spacer\"><\/div>\n\n\n\n<div class=\"wp-block-group is-layout-constrained wp-block-group-is-layout-constrained\">\n<h2 class=\"wp-block-heading has-text-align-center\">Personnel<\/h2>\n\n\n\n<div class=\"wp-block-columns is-layout-flex wp-container-core-columns-is-layout-9d6595d7 wp-block-columns-is-layout-flex\">\n<div class=\"wp-block-column is-layout-flow wp-block-column-is-layout-flow\">\n<p class=\"has-text-align-center\"><strong>Ky\u00f6sti Ylikulju<br><\/strong><em>Festival Director<\/em><br><a href=\"mailto:kyosti.ylikulju@jyvaskylankesa.fi\">kyosti.ylikulju@jyvaskylankesa.fi<\/a><br><a href=\"tel:+358445789485\">+358 (0)44 5789 485<\/a><\/p>\n<\/div>\n\n\n\n<div class=\"wp-block-column is-layout-flow wp-block-column-is-layout-flow\">\n<p class=\"has-text-align-center\"><strong>Anniina Hartikainen<br><\/strong><em>Executive Producer<br><\/em><a href=\"mailto:anniina.hartikainen@jyvaskylankesa.fi\">anniina.hartikainen@jyvaskylankesa.fi<\/a><br><a href=\"tel:+358405859575\">+358 (0)40 585 9575<\/a><\/p>\n<\/div>\n<\/div>\n<\/div>\n<\/div>\n\n\n\n<p><\/p>\n\n\n\n<p class=\"has-text-align-center\"><strong>Noora Takula<br><\/strong><em>Communications specialist<\/em><br><a href=\"mailto:noora.takula@jyvaskylankesa.fi\">noora.takula@jyvaskylankesa.fi<\/a><\/p>\n\n\n\n<h2 class=\"wp-block-heading has-text-align-center\">Festival Association<\/h2>\n\n\n\n<p class=\"has-text-align-center\">Jyv\u00e4skyl\u00e4n Kes\u00e4n is organized by the Jyv\u00e4skyl\u00e4 Festival Association. Our address is:<\/p>\n\n\n\n<p class=\"has-text-align-center\">Culture House Villa Rana<br>Seminaarinkatu 13<br>40100 Jyv\u00e4skyl\u00e4<br><a href=\"mailto:kesa@jyvaskylankesa.fi\">kesa@jyvaskylankesa.fi<\/a><\/p>\n\n\n\n<p class=\"has-text-align-center\">Business ID: 1062184-7<\/p>\n\n\n\n<p class=\"has-text-align-center\">More information about the association and how to join as a member:<\/p>\n\n\n\n<div class=\"wp-block-buttons is-content-justification-center is-layout-flex wp-container-core-buttons-is-layout-16018d1d wp-block-buttons-is-layout-flex\">\n<div class=\"wp-block-button\"><a class=\"wp-block-button__link wp-element-button\" href=\"https:\/\/jyvaskylankesa.fi\/en\/yhdistys\/\">Information about the association<\/a><\/div>\n<\/div>\n\n\n\n<div style=\"height:3em\" aria-hidden=\"true\" class=\"wp-block-spacer\"><\/div>","protected":false},"excerpt":{"rendered":"<p>Yhteystiedot Festivaalitoimiston yhteystiedot Tiedustelut kaikista Jyv\u00e4skyl\u00e4n Kes\u00e4n lipuistaliput@jyvaskylankesa.fi (vastaus aina 24 h sis\u00e4ll\u00e4) Yleiset yhteydenotot s\u00e4hk\u00f6postitsekesa@jyvaskylankesa.fi Esiintymistarjoukset ja yhteisty\u00f6 Esiintymistarjoukset osoitteeseenohjelmisto@jyvaskylankesa.fi Toripaikat, tapahtumapaikkaideat ja muu yhteisty\u00f6kesa@jyvaskylankesa.fi Henkil\u00f6st\u00f6 Ky\u00f6sti YlikuljuFestivaalijohtajakyosti.ylikulju@jyvaskylankesa.fi+358 (0)44 5789 485 Anniina HartikainenVastaava tuottajaanniina.hartikainen@jyvaskylankesa.fi+358 (0)40 585 9575 Noora TakulaViestint\u00e4asiantuntijanoora.takula@jyvaskylankesa.fi Festivaaliyhdistys Jyv\u00e4skyl\u00e4n Kes\u00e4n j\u00e4rjest\u00e4\u00e4 Jyv\u00e4skyl\u00e4n Festivaaliyhdistys ry. Osoitteemme on: Kulttuuritalo Villa RanaSeminaarinkatu 1340100 Jyv\u00e4skyl\u00e4kesa@jyvaskylankesa.fi Y-tunnus:&nbsp;1062184-7 [&hellip;]<\/p>\n","protected":false},"author":1,"featured_media":0,"parent":0,"menu_order":28,"comment_status":"closed","ping_status":"closed","template":"page-unboxed","meta":{"_acf_changed":false,"footnotes":""},"class_list":["post-244","page","type-page","status-publish","hentry"],"acf":[],"_links":{"self":[{"href":"https:\/\/jyvaskylankesa.fi\/en\/wp-json\/wp\/v2\/pages\/244","targetHints":{"allow":["GET"]}}],"collection":[{"href":"https:\/\/jyvaskylankesa.fi\/en\/wp-json\/wp\/v2\/pages"}],"about":[{"href":"https:\/\/jyvaskylankesa.fi\/en\/wp-json\/wp\/v2\/types\/page"}],"author":[{"embeddable":true,"href":"https:\/\/jyvaskylankesa.fi\/en\/wp-json\/wp\/v2\/users\/1"}],"replies":[{"embeddable":true,"href":"https:\/\/jyvaskylankesa.fi\/en\/wp-json\/wp\/v2\/comments?post=244"}],"version-history":[{"count":59,"href":"https:\/\/jyvaskylankesa.fi\/en\/wp-json\/wp\/v2\/pages\/244\/revisions"}],"predecessor-version":[{"id":11826,"href":"https:\/\/jyvaskylankesa.fi\/en\/wp-json\/wp\/v2\/pages\/244\/revisions\/11826"}],"wp:attachment":[{"href":"https:\/\/jyvaskylankesa.fi\/en\/wp-json\/wp\/v2\/media?parent=244"}],"curies":[{"name":"wp","href":"https:\/\/api.w.org\/{rel}","templated":true}]}}