{"id":1637,"date":"2023-11-03T10:52:31","date_gmt":"2023-11-03T08:52:31","guid":{"rendered":"https:\/\/beta.teroahonen.co\/umo\/?page_id=1637"},"modified":"2026-05-08T11:51:34","modified_gmt":"2026-05-08T08:51:34","slug":"info","status":"publish","type":"page","link":"https:\/\/jyvaskylankesa.fi\/en\/info\/","title":{"rendered":"Information"},"content":{"rendered":"<h1 class=\"wp-block-heading has-text-align-center\">Information<\/h1>\n\n\n\n<div class=\"wp-block-group width-small is-layout-constrained wp-block-group-is-layout-constrained\">\n<p class=\"has-text-align-left\">Jyv\u00e4skyl\u00e4n Kes\u00e4 on Pohjoismaiden vanhin yht\u00e4jaksoisesti j\u00e4rjestetty kaupunkifestivaali. Vuonna 1955 keksitty tapahtuma nousi pian perustamisensa j\u00e4lkeen koko Euroopan merkitt\u00e4vimpien kes\u00e4tapahtumien joukkoon. Jyv\u00e4skyl\u00e4ss\u00e4 ovat k\u00e4yneet maailman johtavat s\u00e4velt\u00e4j\u00e4t, arkkitehdit, muusikot, elokuvantekij\u00e4t, filosofit, tutkijat, tanssijat ja teatterintekij\u00e4t. Festivaalin ydin on ollut perustamisesta saakka korkeatasoisissa taidesis\u00e4ll\u00f6iss\u00e4, uusien teosten ja tekij\u00f6iden esiintuomisessa, yhteiskunnallisissa teemoissa ja yleis\u00f6j\u00e4 osallistavassa j\u00e4rjest\u00e4misfilosofiassa.<\/p>\n\n\n\n<p class=\"has-text-align-left\">T\u00e4m\u00e4n vuoden Jyv\u00e4skyl\u00e4n Kes\u00e4 j\u00e4rjestet\u00e4\u00e4n 1.\u20137.7.2026 teemalla&nbsp;<strong>wisdom<\/strong>. Ohjelmistomme julkaisu ja lipunmyynti alkavat tammikuussa. Puistojuhlat-festarin ensimm\u00e4iset esiintyj\u00e4t on julkaistu ja lipunmyynti alkanut. L\u00f6yd\u00e4t lippukaupan osoitteesta <a href=\"https:\/\/puistojuhlat.fi\">https:\/\/puistojuhlat.fi<\/a><\/p>\n\n\n\n<p class=\"has-text-align-left\">Jyv\u00e4skyl\u00e4n Kes\u00e4n 70-vuotisjuhlaa vietettiin 2.\u20138.7. Jyv\u00e4skyl\u00e4ss\u00e4 sek\u00e4 sen l\u00e4hialueilla. Vuoden 2025 festivaalin teema oli&nbsp;<strong>sivistys<\/strong>, ja <a href=\"https:\/\/jyvaskylankesa.fi\/en\/puheohjelma-2025\/\" data-type=\"page\" data-id=\"10978\">p\u00e4\u00e4set yh\u00e4 katsomaan kaikkia puheohjelman tallenteita puheohjelma-sivulta<\/a>.<\/p>\n\n\n\n<div style=\"height:4em\" aria-hidden=\"true\" class=\"wp-block-spacer\"><\/div>\n\n\n\n<h2 class=\"wp-block-heading\">Liput<\/h2>\n\n\n\n<p>T\u00e4ll\u00e4 sivustolla toimivassa verkkokaupassa maksuv\u00e4lineen\u00e4 k\u00e4yv\u00e4t yleisimm\u00e4t Paytrailin maksutavat (verkkopankit, maksukortit ym.) sek\u00e4 kulttuurieduista Epassi ja Smartum Pay. Edenred toimii Mastercardin, Apple Payn ja Google Payn kautta, <a href=\"https:\/\/edenred.fi\/fi\/edunsaaja\/maksutavat\" target=\"_blank\" rel=\"noreferrer noopener\">ohjeet maksamiseen l\u00f6yd\u00e4t t\u00e4st\u00e4.<\/a><\/p>\n\n\n\n<p>Lippuja myyd\u00e4\u00e4n my\u00f6s ovelta kaikkiin tapahtumiin, joita ei ole loppuunmyyty ennakkoon. Myymme kaikkiin tapahtumiimme lippuja rajatun m\u00e4\u00e4r\u00e4n. Suosittelemme lipun ostamista etuk\u00e4teen ruuhkien v\u00e4ltt\u00e4miseksi. Emme ota vastaan varauksia.<\/p>\n\n\n\n<p>Avustaja p\u00e4\u00e4see veloituksetta kaikkiin tapahtumiimme yhdess\u00e4 avustettavansa kanssa. Otathan meihin yhteytt\u00e4 avustajalipun saamiseksi. Vastaamme nopeasti kaikkiin saavutettavuuteen liittyviin kysymyksiin ja autamme kaikkia asiakkaitamme aina parhaamme mukaan.<\/p>\n\n\n\n<p>Varaudu todistamaan oikeutesi alennushintaiseen lippuun festivaalin tapahtumaportilla.<\/p>\n\n\n\n<p>P\u00e4\u00e4sylippuja ei lunasteta takaisin. Muutokset ohjelmaan ja muihin sis\u00e4lt\u00f6ihin ovat mahdollisia.<\/p>\n\n\n\n<p>Tiedustelut kaikista lipuista ja maksutavoista sek\u00e4 asiakaspalvelu:<br><a href=\"mailto:liput@jyvaskylankesa.fi\" target=\"_blank\" rel=\"noreferrer noopener\">liput@jyvaskylankesa.fi<\/a>&nbsp;(vastausviive aina alle 24 h)<\/p>\n\n\n\n<h2 class=\"wp-block-heading\">Tapahtumapaikat<\/h2>\n\n\n\n<figure class=\"wp-block-image size-full\"><img loading=\"lazy\" decoding=\"async\" width=\"1920\" height=\"2560\" src=\"https:\/\/jyvaskylankesa.fi\/wp-content\/uploads\/2026\/05\/jklkesa-2026-kartta-3x4-03-scaled.jpg\" alt=\"\" class=\"wp-image-12589\" srcset=\"https:\/\/jyvaskylankesa.fi\/wp-content\/uploads\/2026\/05\/jklkesa-2026-kartta-3x4-03-scaled.jpg 1920w, https:\/\/jyvaskylankesa.fi\/wp-content\/uploads\/2026\/05\/jklkesa-2026-kartta-3x4-03-768x1024.jpg 768w, https:\/\/jyvaskylankesa.fi\/wp-content\/uploads\/2026\/05\/jklkesa-2026-kartta-3x4-03-975x1300.jpg 975w, https:\/\/jyvaskylankesa.fi\/wp-content\/uploads\/2026\/05\/jklkesa-2026-kartta-3x4-03-300x400.jpg 300w, https:\/\/jyvaskylankesa.fi\/wp-content\/uploads\/2026\/05\/jklkesa-2026-kartta-3x4-03-1152x1536.jpg 1152w, https:\/\/jyvaskylankesa.fi\/wp-content\/uploads\/2026\/05\/jklkesa-2026-kartta-3x4-03-1536x2048.jpg 1536w, https:\/\/jyvaskylankesa.fi\/wp-content\/uploads\/2026\/05\/jklkesa-2026-kartta-3x4-03-600x800.jpg 600w\" sizes=\"auto, (max-width: 1920px) 100vw, 1920px\" \/><\/figure>\n\n\n\n<div style=\"height:4em\" aria-hidden=\"true\" class=\"wp-block-spacer\"><\/div>\n\n\n\n<h2 class=\"wp-block-heading\">Arvot<\/h2>\n\n\n        <div class=\"wp-block-mytheme-accordion\">\n            \n        <div class=\"wp-block-mytheme-collapser mytheme-frontend  heading-h2\" id=\"yhdenvertaisuus-vastuullisuus-ja-laadukas-sisalto\">\n            <a role=\"button\" aria-expanded=\"false\" aria-controls=\"aria-yhdenvertaisuus-vastuullisuus-ja-laadukas-sisalto\" href=\"#yhdenvertaisuus-vastuullisuus-ja-laadukas-sisalto\" class=\"opener\">\n                <h2>\n                    <span class=\"title\">Yhdenvertaisuus, vastuullisuus ja laadukas sis\u00e4lt\u00f6<\/span>\n                    <svg aria-hidden class=\"minus\" viewbox=\"0 0 23 23\" xmlns=\"http:\/\/www.w3.org\/2000\/svg\">\n                        <path d=\"M 0 11 L 23 11 L 23 12 L 0 12 L 0 11 Z\"><\/path>\n                    <\/svg>\n\n                    <svg aria-hidden class=\"plus\" viewbox=\"0 0 23 23\" xmlns=\"http:\/\/www.w3.org\/2000\/svg\">\n                        <path d=\"M11 11v-11h1v11h11v1h-11v11h-1v-11h-11v-1h11z\"><\/path>\n                    <\/svg>\n                <\/h2>\n            <\/a>\n            <div class=\"content\" id=\"aria-yhdenvertaisuus-vastuullisuus-ja-laadukas-sisalto\">\n                <div class=\"padder is-layout-flow\">\n\n<p>Jyv\u00e4skyl\u00e4n Kes\u00e4n arvoja ovat yhdenvertaisuus, vastuullisuus ja laadukas sis\u00e4lt\u00f6. N\u00e4m\u00e4 arvot ohjaavat festivaalin kaikkea toimintaa.<\/p>\n\n\n\n<h3 class=\"wp-block-heading\">Yhdenvertaisuus<\/h3>\n\n\n\n<p>Tavoitteenamme on, ett\u00e4 Jyv\u00e4skyl\u00e4n Kes\u00e4 on avoin kohtaamisten paikka tasavertaisesti kaikille. Haluamme, ett\u00e4 jokainen k\u00e4vij\u00e4, esiintyj\u00e4 ja ty\u00f6ntekij\u00e4 voi osallistua Jyv\u00e4skyl\u00e4n Kes\u00e4n tapahtumiin turvallisesti ja tasavertaisesti omana itsen\u00e4\u00e4n, erilaisine l\u00e4ht\u00f6kohtineen ja ominaisuuksineen.<\/p>\n\n\n\n<p>Tiedostamme, ett\u00e4 ty\u00f6t\u00e4 n\u00e4it\u00e4 tavoitteita kohti on teht\u00e4v\u00e4 jatkuvasti. Turvallisempi festivaali ja paremman toimintakulttuurin kehitt\u00e4minen ovat prosesseja, jotka vaativat pitk\u00e4j\u00e4nteist\u00e4, aktiivista ty\u00f6t\u00e4.<\/p>\n\n\n\n<h3 class=\"wp-block-heading\">Lupaamme<\/h3>\n\n\n\n<ul class=\"wp-block-list\">\n<li>Otamme vakavasti h\u00e4irinn\u00e4n, syrjinn\u00e4n ja ep\u00e4asiallisen k\u00e4yt\u00f6ksen. Puutumme ongelmatilanteisiin.<\/li>\n\n\n\n<li>Olemme valmiita keskustelemaan festivaalin arvoista ja toimintatavoista Jyv\u00e4skyl\u00e4n Kes\u00e4n sidosryhmien kanssa.<\/li>\n\n\n\n<li>Otamme vastaan palautetta toiminnastamme. Suhtaudumme palautteeseen mahdollisuutena kehitt\u00e4\u00e4 festivaalin k\u00e4yt\u00e4nteit\u00e4. Voit antaa palautetta my\u00f6s anonyymisti.<\/li>\n\n\n\n<li>K\u00e4yt\u00e4mme viestinn\u00e4ss\u00e4mme ymm\u00e4rrett\u00e4v\u00e4\u00e4 kielt\u00e4. Verkkosivuillamme tiedot ovat saatavilla my\u00f6s englanniksi.<\/li>\n\n\n\n<li>Kehit\u00e4mme tapahtumapaikkojen saavutettavuustietojen listausta kattavammaksi. P\u00e4ivit\u00e4mme saavutettavuustiedot vuosittain.<\/li>\n<\/ul>\n\n\n\n<h3 class=\"wp-block-heading\">Viime vuosina olemme edist\u00e4neet yhdenvertaisuuden toteutumista esimerkiksi seuraavin keinoin<\/h3>\n\n\n\n<ul class=\"wp-block-list\">\n<li>Henkil\u00f6st\u00f6mme on kouluttautunut turvalliseen tilaan ja h\u00e4irint\u00e4\u00e4n liittyen. Festivaalin ty\u00f6ryhm\u00e4 on sitoutunut tarkastelemaan ja kehitt\u00e4m\u00e4\u00e4n Jyv\u00e4skyl\u00e4n Kes\u00e4n toimintamalleja.<\/li>\n\n\n\n<li>Festivaaliviikon tapahtumista on laadittu riskiarvio turvallisen tilan ja koskemattomuuden n\u00e4k\u00f6kulmasta.<\/li>\n\n\n\n<li>Olemme verkostoituneet keskustelemaan k\u00e4yt\u00e4nn\u00f6ist\u00e4 my\u00f6s muiden tapahtuma-alan toimijoiden kanssa.<\/li>\n\n\n\n<li>Kaikki festivaalin aikana ty\u00f6skentelev\u00e4 henkil\u00f6kuntamme tutustuu Jyv\u00e4skyl\u00e4n Kes\u00e4n yhdenvertaisuusk\u00e4yt\u00e4nt\u00f6ihin. Tapahtumissamme ty\u00f6skentelev\u00e4 henkil\u00f6kunta tiet\u00e4\u00e4, kuinka h\u00e4irint\u00e4tilanteissa toimitaan.<\/li>\n<\/ul>\n\n<\/div>\n            <\/div>\n        <\/div>\n\n\n        <div class=\"wp-block-mytheme-collapser mytheme-frontend  heading-h2\" id=\"turvallinen-tila-ja-hairintaan-puuttuminen\">\n            <a role=\"button\" aria-expanded=\"false\" aria-controls=\"aria-turvallinen-tila-ja-hairintaan-puuttuminen\" href=\"#turvallinen-tila-ja-hairintaan-puuttuminen\" class=\"opener\">\n                <h2>\n                    <span class=\"title\">Turvallinen tila ja h\u00e4irint\u00e4\u00e4n puuttuminen<\/span>\n                    <svg aria-hidden class=\"minus\" viewbox=\"0 0 23 23\" xmlns=\"http:\/\/www.w3.org\/2000\/svg\">\n                        <path d=\"M 0 11 L 23 11 L 23 12 L 0 12 L 0 11 Z\"><\/path>\n                    <\/svg>\n\n                    <svg aria-hidden class=\"plus\" viewbox=\"0 0 23 23\" xmlns=\"http:\/\/www.w3.org\/2000\/svg\">\n                        <path d=\"M11 11v-11h1v11h11v1h-11v11h-1v-11h-11v-1h11z\"><\/path>\n                    <\/svg>\n                <\/h2>\n            <\/a>\n            <div class=\"content\" id=\"aria-turvallinen-tila-ja-hairintaan-puuttuminen\">\n                <div class=\"padder is-layout-flow\">\n\n<p>Festivaaliviikon ajan on k\u00e4yt\u00f6ss\u00e4 yhteydenottolomake, jolla kuka tahansa voi ilmoittaa kokemastaan tai todistamastaan h\u00e4irinn\u00e4st\u00e4 tai ep\u00e4asiallisesta kohtelusta Jyv\u00e4skyl\u00e4n Kes\u00e4n tapahtumissa. Voit t\u00e4ytt\u00e4\u00e4 lomakkeen anonyymisti tai halutessasi pyyt\u00e4\u00e4 Jyv\u00e4skyl\u00e4n Kes\u00e4n tuotantotiimist\u00e4 m\u00e4\u00e4r\u00e4tty\u00e4 vastuuhenkil\u00f6\u00e4 olemaan yhteydess\u00e4 sinuun puhelimitse tai s\u00e4hk\u00f6postilla, valintasi mukaan.<\/p>\n\n\n\n<p><a href=\"https:\/\/docs.google.com\/forms\/d\/e\/1FAIpQLSfssd6LWn5KM9XkHblvRa9_BGQCNqzK7ttEQQAI_xHxxb_tmQ\/viewform\" target=\"_blank\" rel=\"noreferrer noopener\">P\u00e4\u00e4set yhteydenottolomakkeeseen t\u00e4st\u00e4.<\/a><\/p>\n\n\n\n<ul class=\"wp-block-list\">\n<li>Puistojuhlien ajan festivaalialueella p\u00e4ivyst\u00e4\u00e4 h\u00e4irint\u00e4yhteyshenkil\u00f6, jonka puoleen voi k\u00e4\u00e4nty\u00e4, mik\u00e4li kokee tulleensa Jyv\u00e4skyl\u00e4n Kes\u00e4n tapahtumissa h\u00e4irityksi. H\u00e4irint\u00e4yhteyshenkil\u00f6 ei ole viranomainen ja rikosta ep\u00e4ilt\u00e4ess\u00e4 on aina otettava yhteys poliisiin.<\/li>\n\n\n\n<li>Keskustelut h\u00e4irint\u00e4yhteyshenkil\u00f6iden kanssa ovat luottamuksellisia, eik\u00e4 mihink\u00e4\u00e4n toimiin ryhdyt\u00e4 ilman henkil\u00f6n suostumusta.<\/li>\n\n\n\n<li>Puistojuhlien wc:t eiv\u00e4t ole sukupuolitettuja.<\/li>\n<\/ul>\n\n\n\n<p>Kannustamme tutustumaan ennen festivaalia YK-liiton turvallisen tilan periaatteisiin. Turvallisen tilan periaatteet ovat hyv\u00e4 ty\u00f6kalu siihen, miten voimme jokainen omalla toiminnallamme vaikuttaa tapahtumien ilmapiiriin ja turvallisuuteen.&nbsp;<a href=\"https:\/\/www.ykliitto.fi\/turvallinen-tila\" target=\"_blank\" rel=\"noreferrer noopener\">Tutustu turvallisen tilan periaatteisiin t\u00e4\u00e4ll\u00e4.<\/a><\/p>\n\n<\/div>\n            <\/div>\n        <\/div>\n\n\n        <div class=\"wp-block-mytheme-collapser mytheme-frontend  heading-h2\" id=\"ymparistotietoisuus-ja-vastuullisuus\">\n            <a role=\"button\" aria-expanded=\"false\" aria-controls=\"aria-ymparistotietoisuus-ja-vastuullisuus\" href=\"#ymparistotietoisuus-ja-vastuullisuus\" class=\"opener\">\n                <h2>\n                    <span class=\"title\">Ymp\u00e4rist\u00f6tietoisuus ja vastuullisuus<\/span>\n                    <svg aria-hidden class=\"minus\" viewbox=\"0 0 23 23\" xmlns=\"http:\/\/www.w3.org\/2000\/svg\">\n                        <path d=\"M 0 11 L 23 11 L 23 12 L 0 12 L 0 11 Z\"><\/path>\n                    <\/svg>\n\n                    <svg aria-hidden class=\"plus\" viewbox=\"0 0 23 23\" xmlns=\"http:\/\/www.w3.org\/2000\/svg\">\n                        <path d=\"M11 11v-11h1v11h11v1h-11v11h-1v-11h-11v-1h11z\"><\/path>\n                    <\/svg>\n                <\/h2>\n            <\/a>\n            <div class=\"content\" id=\"aria-ymparistotietoisuus-ja-vastuullisuus\">\n                <div class=\"padder is-layout-flow\">\n\n<p>Jyv\u00e4skyl\u00e4n Kes\u00e4 on sitoutunut kehitt\u00e4m\u00e4\u00e4n kest\u00e4v\u00e4mpi\u00e4 toimintatapoja, huomioimaan ymp\u00e4rist\u00f6n sek\u00e4 toimintamme ymp\u00e4rist\u00f6vaikutukset. Tavoittelemme festivaalin aiheuttaman ymp\u00e4rist\u00f6kuorman v\u00e4hent\u00e4mist\u00e4 esimerkiksi seuraavin tavoin:<\/p>\n\n\n\n<ul class=\"wp-block-list\">\n<li>Jyv\u00e4skyl\u00e4n Kes\u00e4ll\u00e4 on ymp\u00e4rist\u00f6suunnitelma, joka p\u00e4ivitet\u00e4\u00e4n vuosittain. Ymp\u00e4rist\u00f6suunnitelma ohjaa valintojamme ymp\u00e4rist\u00f6asioissa.<\/li>\n\n\n\n<li>Valitsemme kumppaneiksemme paikallisia ja arvomme jakavia toimijoita aina, kun se on mahdollista.<\/li>\n\n\n\n<li>Hy\u00f6dynn\u00e4mme olemassa olevia esityspaikkoja tilap\u00e4isten esityspaikkojen rakentamisen sijasta.<\/li>\n\n\n\n<li>V\u00e4lt\u00e4mme kertak\u00e4ytt\u00f6isten materiaalien k\u00e4ytt\u00f6\u00e4 ja panostamme kierr\u00e4tt\u00e4miseen ja materiaalien uusiok\u00e4ytt\u00f6\u00f6n.<\/li>\n\n\n\n<li>Kaikki takahuonetarjoilumme ovat kasvisruokaa. Edellyt\u00e4mme, ett\u00e4 henkil\u00f6kunnan ja artistien lounasravintoloissa on tarjolla my\u00f6s kasvisvaihtoehto.<\/li>\n\n\n\n<li>Olemme mukana festivaalitoimijoiden \u201dSiirtym\u00e4 kohti hiilineutraalia toimintaa\u201d -vertaisverkostossa, jossa tavoittelemme festivaalien hiilineutraaliutta.<\/li>\n\n\n\n<li>Teemme tiivist\u00e4 yhteisty\u00f6t\u00e4 Jyv\u00e4skyl\u00e4n yliopiston resurssiviisausyhteis\u00f6 JYU.WISDOMin kanssa. Ohjelmistossamme k\u00e4sitell\u00e4\u00e4n ajankohtaisia ymp\u00e4rist\u00f6aiheita akateemiseen, tutkittuun tietoon perustuen. Festivaali on mahdollisuus tuoda n\u00e4it\u00e4 aiheita n\u00e4kyviksi ja yhteiskunnalliseen keskusteluun my\u00f6s akateemisen maailman ulkopuolella.<\/li>\n<\/ul>\n\n\n\n<p>Otamme vastaan palautetta ja kehitysehdotuksia vastuullisuuteen, yhdenvertaisuuteen ja muihin teemoihin liittyen. Voit l\u00e4hett\u00e4\u00e4 palautetta s\u00e4hk\u00f6postilla osoitteeseen&nbsp;<a href=\"mailto:kesa@jyvaskylankesa.fi\">kesa@jyvaskylankesa.fi<\/a>. Avaamme t\u00e4lle sivulle my\u00f6s palautelomakkeen, jonka kautta voit j\u00e4tt\u00e4\u00e4 palautetta tai raportoida ep\u00e4kohdasta halutessasi my\u00f6s anonyymisti.<\/p>\n\n<\/div>\n            <\/div>\n        <\/div>\n\n        <\/div>\n<\/div>","protected":false},"excerpt":{"rendered":"<p>Info Jyv\u00e4skyl\u00e4n Kes\u00e4 on Pohjoismaiden vanhin yht\u00e4jaksoisesti j\u00e4rjestetty kaupunkifestivaali. Vuonna 1955 keksitty tapahtuma nousi pian perustamisensa j\u00e4lkeen koko Euroopan merkitt\u00e4vimpien kes\u00e4tapahtumien joukkoon. Jyv\u00e4skyl\u00e4ss\u00e4 ovat k\u00e4yneet maailman johtavat s\u00e4velt\u00e4j\u00e4t, arkkitehdit, muusikot, elokuvantekij\u00e4t, filosofit, tutkijat, tanssijat ja teatterintekij\u00e4t. Festivaalin ydin on ollut perustamisesta saakka korkeatasoisissa taidesis\u00e4ll\u00f6iss\u00e4, uusien teosten ja tekij\u00f6iden esiintuomisessa, yhteiskunnallisissa teemoissa ja yleis\u00f6j\u00e4 osallistavassa j\u00e4rjest\u00e4misfilosofiassa. [&hellip;]<\/p>\n","protected":false},"author":2,"featured_media":0,"parent":0,"menu_order":8,"comment_status":"closed","ping_status":"closed","template":"","meta":{"_acf_changed":false,"footnotes":""},"class_list":["post-1637","page","type-page","status-publish","hentry"],"acf":[],"_links":{"self":[{"href":"https:\/\/jyvaskylankesa.fi\/en\/wp-json\/wp\/v2\/pages\/1637","targetHints":{"allow":["GET"]}}],"collection":[{"href":"https:\/\/jyvaskylankesa.fi\/en\/wp-json\/wp\/v2\/pages"}],"about":[{"href":"https:\/\/jyvaskylankesa.fi\/en\/wp-json\/wp\/v2\/types\/page"}],"author":[{"embeddable":true,"href":"https:\/\/jyvaskylankesa.fi\/en\/wp-json\/wp\/v2\/users\/2"}],"replies":[{"embeddable":true,"href":"https:\/\/jyvaskylankesa.fi\/en\/wp-json\/wp\/v2\/comments?post=1637"}],"version-history":[{"count":46,"href":"https:\/\/jyvaskylankesa.fi\/en\/wp-json\/wp\/v2\/pages\/1637\/revisions"}],"predecessor-version":[{"id":12591,"href":"https:\/\/jyvaskylankesa.fi\/en\/wp-json\/wp\/v2\/pages\/1637\/revisions\/12591"}],"wp:attachment":[{"href":"https:\/\/jyvaskylankesa.fi\/en\/wp-json\/wp\/v2\/media?parent=1637"}],"curies":[{"name":"wp","href":"https:\/\/api.w.org\/{rel}","templated":true}]}}