{"id":10707,"date":"2025-11-21T11:43:11","date_gmt":"2025-11-21T09:43:11","guid":{"rendered":"https:\/\/jyvaskylankesa.fi\/?page_id=10707"},"modified":"2026-02-18T19:17:42","modified_gmt":"2026-02-18T17:17:42","slug":"yhdistys","status":"publish","type":"page","link":"https:\/\/jyvaskylankesa.fi\/en\/yhdistys\/","title":{"rendered":"Yhdistys"},"content":{"rendered":"<div class=\"wp-block-group width-small is-layout-constrained wp-block-group-is-layout-constrained\">\n<h1 class=\"wp-block-heading has-text-align-center\">Liity yhdistyksen j\u00e4seneksi<\/h1>\n\n\n\n<p><strong>Jyv\u00e4skyl\u00e4n Kes\u00e4n j\u00e4rjest\u00e4\u00e4 Jyv\u00e4skyl\u00e4n festivaaliyhdistys ry. Liittym\u00e4ll\u00e4 yhdistyksen j\u00e4seneksi tuet suoraan keskisuomalaista festivaalikulttuuria.<\/strong><\/p>\n\n\n\n<p>Yhdistyksen syyskokous pidettiin 18.11.2025. Hallituksen puheenjohtajaksi valittiin<strong> Leena Hautsalo<\/strong>. Hallituksen j\u00e4seniksi valittiin&nbsp;<strong>Marietta Kunnas<\/strong>,&nbsp;<strong>Anu Mustonen<\/strong>, <strong>Emmi Hyv\u00f6nen<\/strong>,&nbsp;<strong>Jarmo Kivel\u00e4<\/strong>,&nbsp;<strong>Tuuli Kirsikka Pirttiaho<\/strong>,&nbsp;<strong>Susanne Rasmus<\/strong>&nbsp;yes<strong>&nbsp;Jarmo Sallinen<\/strong>.<\/p>\n\n\n\n<p>J\u00e4senmaksu vuodelle 2026 on henkil\u00f6j\u00e4senilt\u00e4 15 euroa. Maksuohjeet saat liittymislomakkeen l\u00e4hetetty\u00e4si.<\/p>\n\n\n\n<p>Yhteis\u00f6j\u00e4senilt\u00e4 liittymismaksu on 100 euroa, joka laskutetaan erikseen. Yhteis\u00f6j\u00e4seneksi liittyvi\u00e4 pyydet\u00e4\u00e4n t\u00e4m\u00e4n lomakkeen t\u00e4ytt\u00e4misen sijaan ottamaan yhteytt\u00e4 s\u00e4hk\u00f6postitse&nbsp;<a href=\"mailto:kyosti.ylikulju@jyvaskylankesa.fi\">kyosti.ylikulju@jyvaskylankesa.fi<\/a>.<\/p>\n\n\n\n<p>Tutustu ennen liittymist\u00e4 yhdistyksen s\u00e4\u00e4nt\u00f6ihin:<br><a href=\"https:\/\/jyvaskylankesa.fi\/wp-content\/uploads\/2025\/11\/jyvaskylan_festivaaliyhdistys_ry-saannot.pdf\" data-type=\"attachment\" data-id=\"10709\" target=\"_blank\" rel=\"noreferrer noopener\">Jyv\u00e4skyl\u00e4n Festivaaliyhdistys ry \u2013&nbsp;S\u00e4\u00e4nn\u00f6t<\/a><\/p>\n\n\n\n<p><strong>Tervetuloa mukaan!<\/strong><\/p>\n\n\n\n<div style=\"height:4em\" aria-hidden=\"true\" class=\"wp-block-spacer\"><\/div>\n\n\n\n<div class=\"forminator-guttenberg\"><div class=\"forminator-ui forminator-custom-form forminator-custom-form-10712 forminator-design--default  forminator_ajax\" data-forminator-render=\"0\" data-form=\"forminator-module-10712\" data-uid=\"6a03d9e6107c2\"><br\/><\/div><form\n\t\t\t\tid=\"forminator-module-10712\"\n\t\t\t\tclass=\"forminator-ui forminator-custom-form forminator-custom-form-10712 forminator-design--default  forminator_ajax\"\n\t\t\t\tmethod=\"post\"\n\t\t\t\tdata-forminator-render=\"0\"\n\t\t\t\tdata-form-id=\"10712\"\n\t\t\t\t data-color-option=\"theme\" data-design=\"default\" data-grid=\"open\" style=\"display: none;\"\n\t\t\t\tdata-uid=\"6a03d9e6107c2\" action=\"\"\n\t\t\t><div role=\"alert\" aria-live=\"polite\" class=\"forminator-response-message forminator-error\" aria-hidden=\"true\"><\/div><div class=\"forminator-row\"><div id=\"name-1\" class=\"forminator-field-name forminator-col forminator-col-12\"><div class=\"forminator-field\"><label for=\"forminator-field-name-1_6a03d9e6107c2\" id=\"forminator-field-name-1_6a03d9e6107c2-label\" class=\"forminator-label\">Name <span class=\"forminator-required\">*<\/span><\/label><input type=\"text\" name=\"name-1\" value=\"\" placeholder=\"\" id=\"forminator-field-name-1_6a03d9e6107c2\" class=\"forminator-input forminator-name--field\" aria-required=\"true\" autocomplete=\"name\" \/><\/div><\/div><\/div><div class=\"forminator-row\"><div id=\"email-1\" class=\"forminator-field-email forminator-col forminator-col-12\"><div class=\"forminator-field\"><label for=\"forminator-field-email-1_6a03d9e6107c2\" id=\"forminator-field-email-1_6a03d9e6107c2-label\" class=\"forminator-label\">Email <span class=\"forminator-required\">*<\/span><\/label><input type=\"email\" name=\"email-1\" value=\"\" placeholder=\"\" id=\"forminator-field-email-1_6a03d9e6107c2\" class=\"forminator-input forminator-email--field\" data-required=\"1\" aria-required=\"true\" autocomplete=\"email\" \/><\/div><\/div><\/div><div class=\"forminator-row\"><div id=\"text-1\" class=\"forminator-field-text forminator-col forminator-col-12\"><div class=\"forminator-field\"><label for=\"forminator-field-text-1_6a03d9e6107c2\" id=\"forminator-field-text-1_6a03d9e6107c2-label\" class=\"forminator-label\">Katuosoite <span class=\"forminator-required\">*<\/span><\/label><input type=\"text\" name=\"text-1\" value=\"\" placeholder=\"\" id=\"forminator-field-text-1_6a03d9e6107c2\" class=\"forminator-input forminator-name--field\" data-required=\"1\" \/><\/div><\/div><\/div><div class=\"forminator-row\"><div id=\"text-2\" class=\"forminator-field-text forminator-col forminator-col-12\"><div class=\"forminator-field\"><label for=\"forminator-field-text-2_6a03d9e6107c2\" id=\"forminator-field-text-2_6a03d9e6107c2-label\" class=\"forminator-label\">Postinumero <span class=\"forminator-required\">*<\/span><\/label><input type=\"text\" name=\"text-2\" value=\"\" placeholder=\"\" id=\"forminator-field-text-2_6a03d9e6107c2\" class=\"forminator-input forminator-name--field\" data-required=\"1\" \/><\/div><\/div><\/div><div class=\"forminator-row\"><div id=\"text-3\" class=\"forminator-field-text forminator-col forminator-col-12\"><div class=\"forminator-field\"><label for=\"forminator-field-text-3_6a03d9e6107c2\" id=\"forminator-field-text-3_6a03d9e6107c2-label\" class=\"forminator-label\">Postitoimipaikka <span class=\"forminator-required\">*<\/span><\/label><input type=\"text\" name=\"text-3\" value=\"\" placeholder=\"\" id=\"forminator-field-text-3_6a03d9e6107c2\" class=\"forminator-input forminator-name--field\" data-required=\"1\" \/><\/div><\/div><\/div><div class=\"forminator-row\"><div id=\"phone-1\" class=\"forminator-field-phone forminator-col forminator-col-12\"><div class=\"forminator-field\"><label for=\"forminator-field-phone-1_6a03d9e6107c2\" id=\"forminator-field-phone-1_6a03d9e6107c2-label\" class=\"forminator-label\">Puhelinnumero <span class=\"forminator-required\">*<\/span><\/label><input type=\"text\" name=\"phone-1\" value=\"\" placeholder=\"\" id=\"forminator-field-phone-1_6a03d9e6107c2\" class=\"forminator-input forminator-field--phone\" data-required=\"1\" aria-required=\"true\" autocomplete=\"off\" \/><\/div><\/div><\/div><div class=\"forminator-row\"><div id=\"textarea-1\" class=\"forminator-field-textarea forminator-col forminator-col-12\"><div class=\"forminator-field\"><label for=\"forminator-field-textarea-1_6a03d9e6107c2\" id=\"forminator-field-textarea-1_6a03d9e6107c2-label\" class=\"forminator-label\">Muut terveiset<\/label><textarea name=\"textarea-1\" placeholder=\"\" id=\"forminator-field-textarea-1_6a03d9e6107c2\" class=\"forminator-textarea\" rows=\"6\" style=\"min-height:140px;\" ><\/textarea><\/div><\/div><\/div><div class=\"forminator-row\"><div id=\"captcha-1\" class=\"forminator-field-captcha forminator-col forminator-col-12\"><div class=\"forminator-captcha-left forminator-hcaptcha\" data-theme=\"light\"  data-sitekey=\"d1080a26-18b2-4cec-925c-28f61c1e9f00\" data-size=\"normal\"><\/div> <\/div><\/div><input type=\"hidden\" name=\"referer_url\" value=\"\" \/><div class=\"forminator-row forminator-row-last\"><div class=\"forminator-col\"><div class=\"forminator-field\"><button class=\"forminator-button forminator-button-submit\">Send<\/button><\/div><\/div><\/div><input type=\"hidden\" id=\"forminator_nonce\" name=\"forminator_nonce\" value=\"ecccca080f\" \/><input type=\"hidden\" name=\"_wp_http_referer\" value=\"\/en\/wp-json\/wp\/v2\/pages\/10707\" \/><input type=\"hidden\" name=\"form_id\" value=\"10712\"><input type=\"hidden\" name=\"page_id\" value=\"10707\"><input type=\"hidden\" name=\"form_type\" value=\"default\"><input type=\"hidden\" name=\"current_url\" value=\"https:\/\/jyvaskylankesa.fi\/en\/yhdistys\/\"><input type=\"hidden\" name=\"render_id\" value=\"0\"><input type=\"hidden\" name=\"action\" value=\"forminator_submit_form_custom-forms\"><input type=\"hidden\" name=\"trp-form-language\" value=\"en\"\/><\/form><\/div>\n\n\n\n<div style=\"height:4em\" aria-hidden=\"true\" class=\"wp-block-spacer\"><\/div>\n\n\n\n<h2 class=\"wp-block-heading\">Tietosuojalauseke<\/h2>\n\n\n\n<p>Tietojasi k\u00e4sitell\u00e4\u00e4n ehdottomalla luottamuksella, eik\u00e4 niit\u00e4 luovuteta kolmansien osapuolien k\u00e4ytt\u00f6\u00f6n. Tiedot tallennetaan ainoastaan Jyv\u00e4skyl\u00e4n festivaaliyhdistys ry:n j\u00e4senrekisterin yll\u00e4pitoa ja j\u00e4senten kontaktointia varten.<\/p>\n<\/div>","protected":false},"excerpt":{"rendered":"<p>Liity yhdistyksen j\u00e4seneksi Jyv\u00e4skyl\u00e4n Kes\u00e4n j\u00e4rjest\u00e4\u00e4 Jyv\u00e4skyl\u00e4n festivaaliyhdistys ry. Liittym\u00e4ll\u00e4 yhdistyksen j\u00e4seneksi tuet suoraan keskisuomalaista festivaalikulttuuria. Yhdistyksen syyskokous pidettiin 18.11.2025. Hallituksen puheenjohtajaksi valittiin Leena Hautsalo. Hallituksen j\u00e4seniksi valittiin&nbsp;Marietta Kunnas,&nbsp;Anu Mustonen, Emmi Hyv\u00f6nen,&nbsp;Jarmo Kivel\u00e4,&nbsp;Tuuli Kirsikka Pirttiaho,&nbsp;Susanne Rasmus&nbsp;ja&nbsp;Jarmo Sallinen. J\u00e4senmaksu vuodelle 2026 on henkil\u00f6j\u00e4senilt\u00e4 15 euroa. Maksuohjeet saat liittymislomakkeen l\u00e4hetetty\u00e4si. Yhteis\u00f6j\u00e4senilt\u00e4 liittymismaksu on 100 euroa, joka laskutetaan [&hellip;]<\/p>\n","protected":false},"author":2,"featured_media":0,"parent":0,"menu_order":27,"comment_status":"closed","ping_status":"closed","template":"","meta":{"_acf_changed":false,"footnotes":""},"class_list":["post-10707","page","type-page","status-publish","hentry"],"acf":[],"_links":{"self":[{"href":"https:\/\/jyvaskylankesa.fi\/en\/wp-json\/wp\/v2\/pages\/10707","targetHints":{"allow":["GET"]}}],"collection":[{"href":"https:\/\/jyvaskylankesa.fi\/en\/wp-json\/wp\/v2\/pages"}],"about":[{"href":"https:\/\/jyvaskylankesa.fi\/en\/wp-json\/wp\/v2\/types\/page"}],"author":[{"embeddable":true,"href":"https:\/\/jyvaskylankesa.fi\/en\/wp-json\/wp\/v2\/users\/2"}],"replies":[{"embeddable":true,"href":"https:\/\/jyvaskylankesa.fi\/en\/wp-json\/wp\/v2\/comments?post=10707"}],"version-history":[{"count":4,"href":"https:\/\/jyvaskylankesa.fi\/en\/wp-json\/wp\/v2\/pages\/10707\/revisions"}],"predecessor-version":[{"id":10850,"href":"https:\/\/jyvaskylankesa.fi\/en\/wp-json\/wp\/v2\/pages\/10707\/revisions\/10850"}],"wp:attachment":[{"href":"https:\/\/jyvaskylankesa.fi\/en\/wp-json\/wp\/v2\/media?parent=10707"}],"curies":[{"name":"wp","href":"https:\/\/api.w.org\/{rel}","templated":true}]}}