{"id":10487,"date":"2025-11-20T12:21:41","date_gmt":"2025-11-20T10:21:41","guid":{"rendered":"https:\/\/jyvaskylankesa.fi\/?page_id=10487"},"modified":"2026-02-18T19:17:42","modified_gmt":"2026-02-18T17:17:42","slug":"media","status":"publish","type":"page","link":"https:\/\/jyvaskylankesa.fi\/en\/media\/","title":{"rendered":"Media"},"content":{"rendered":"<h1 class=\"wp-block-heading has-text-align-center\">Media<\/h1>\n\n\n\n<div class=\"wp-block-group width-small is-layout-constrained wp-block-group-is-layout-constrained\">\n<p>Next time we meet will be from July 1st to the 7th, 2026. Welcome!<\/p>\n\n\n\n<p>The summer lineup combines praised domestic, talked-about local, and top international performers. The stages will feature young and fresh acts, while also celebrating anniversaries and the experience that comes with age!<\/p>\n\n\n\n<p>The festival director Ky\u00f6sti Ylikulju will be responsible for the software, performer connections, and communication during the autumn and winter season (<a href=\"mailto:kyosti.ylikulju@jyvaskylankesa.fi\">kyosti.ylikulju@jyvaskylankesa.fi<\/a>).<\/p>\n\n\n\n<div style=\"height:4em\" aria-hidden=\"true\" class=\"wp-block-spacer\"><\/div>\n\n\n\n<h2 class=\"wp-block-heading\">Festival image bank<\/h2>\n\n\n\n<p>From the image bank, you can find print-quality photos of performers and performances, as well as festival logos.<\/p>\n\n\n\n<div class=\"wp-block-buttons is-layout-flex wp-block-buttons-is-layout-flex\">\n<div class=\"wp-block-button\"><a class=\"wp-block-button__link wp-element-button\" href=\"https:\/\/jyvaskylankesa.kuvat.fi\/\" target=\"_blank\" rel=\"noreferrer noopener\">Festival image bank<\/a><\/div>\n<\/div>\n\n\n\n<div style=\"height:4em\" aria-hidden=\"true\" class=\"wp-block-spacer\"><\/div>\n\n\n\n<h2 class=\"wp-block-heading\">Median accreditation<\/h2>\n\n\n\n<div class=\"forminator-guttenberg\"><div class=\"forminator-ui forminator-custom-form forminator-custom-form-10648 forminator-design--default  forminator_ajax\" data-forminator-render=\"0\" data-form=\"forminator-module-10648\" data-uid=\"6a03d9e6113d1\"><br\/><\/div><form\n\t\t\t\tid=\"forminator-module-10648\"\n\t\t\t\tclass=\"forminator-ui forminator-custom-form forminator-custom-form-10648 forminator-design--default  forminator_ajax\"\n\t\t\t\tmethod=\"post\"\n\t\t\t\tdata-forminator-render=\"0\"\n\t\t\t\tdata-form-id=\"10648\"\n\t\t\t\t data-color-option=\"theme\" data-design=\"default\" data-grid=\"open\" style=\"display: none;\"\n\t\t\t\tdata-uid=\"6a03d9e6113d1\" action=\"\"\n\t\t\t><div role=\"alert\" aria-live=\"polite\" class=\"forminator-response-message forminator-error\" aria-hidden=\"true\"><\/div><div class=\"forminator-row\"><div id=\"name-1\" class=\"forminator-field-name forminator-col forminator-col-12\"><div class=\"forminator-field\"><label for=\"forminator-field-name-1_6a03d9e6113d1\" id=\"forminator-field-name-1_6a03d9e6113d1-label\" class=\"forminator-label\">Name <span class=\"forminator-required\">*<\/span><\/label><input type=\"text\" name=\"name-1\" value=\"\" placeholder=\"\" id=\"forminator-field-name-1_6a03d9e6113d1\" class=\"forminator-input forminator-name--field\" aria-required=\"true\" autocomplete=\"name\" \/><\/div><\/div><\/div><div class=\"forminator-row\"><div id=\"name-2\" class=\"forminator-field-name forminator-col forminator-col-12\"><div class=\"forminator-field\"><label for=\"forminator-field-name-2_6a03d9e6113d1\" id=\"forminator-field-name-2_6a03d9e6113d1-label\" class=\"forminator-label\">Median name <span class=\"forminator-required\">*<\/span><\/label><input type=\"text\" name=\"name-2\" value=\"\" placeholder=\"\" id=\"forminator-field-name-2_6a03d9e6113d1\" class=\"forminator-input forminator-name--field\" aria-required=\"true\" autocomplete=\"name\" \/><\/div><\/div><\/div><div class=\"forminator-row\"><div id=\"text-2\" class=\"forminator-field-text forminator-col forminator-col-12\"><div class=\"forminator-field\"><label for=\"forminator-field-text-2_6a03d9e6113d1\" id=\"forminator-field-text-2_6a03d9e6113d1-label\" class=\"forminator-label\">Asema <span class=\"forminator-required\">*<\/span><\/label><input type=\"text\" name=\"text-2\" value=\"\" placeholder=\"\" id=\"forminator-field-text-2_6a03d9e6113d1\" class=\"forminator-input forminator-name--field\" data-required=\"1\" \/><\/div><\/div><\/div><div class=\"forminator-row\"><div id=\"phone-1\" class=\"forminator-field-phone forminator-col forminator-col-12\"><div class=\"forminator-field\"><label for=\"forminator-field-phone-1_6a03d9e6113d1\" id=\"forminator-field-phone-1_6a03d9e6113d1-label\" class=\"forminator-label\">Phone <span class=\"forminator-required\">*<\/span><\/label><input type=\"text\" name=\"phone-1\" value=\"\" placeholder=\"\" id=\"forminator-field-phone-1_6a03d9e6113d1\" class=\"forminator-input forminator-field--phone\" data-required=\"1\" aria-required=\"true\" autocomplete=\"off\" \/><\/div><\/div><\/div><div class=\"forminator-row\"><div id=\"email-1\" class=\"forminator-field-email forminator-col forminator-col-12\"><div class=\"forminator-field\"><label for=\"forminator-field-email-1_6a03d9e6113d1\" id=\"forminator-field-email-1_6a03d9e6113d1-label\" class=\"forminator-label\">Email <span class=\"forminator-required\">*<\/span><\/label><input type=\"email\" name=\"email-1\" value=\"\" placeholder=\"\" id=\"forminator-field-email-1_6a03d9e6113d1\" class=\"forminator-input forminator-email--field\" data-required=\"1\" aria-required=\"true\" autocomplete=\"email\" \/><\/div><\/div><\/div><div class=\"forminator-row\"><div id=\"text-1\" class=\"forminator-field-text forminator-col forminator-col-12\"><div class=\"forminator-field\"><label for=\"forminator-field-text-1_6a03d9e6113d1\" id=\"forminator-field-text-1_6a03d9e6113d1-label\" class=\"forminator-label\">Work address<\/label><input type=\"text\" name=\"text-1\" value=\"\" placeholder=\"\" id=\"forminator-field-text-1_6a03d9e6113d1\" class=\"forminator-input forminator-name--field\" data-required=\"\" \/><\/div><\/div><\/div><div class=\"forminator-row\"><div id=\"checkbox-1\" class=\"forminator-field-checkbox forminator-col forminator-col-12\"><div role=\"group\" class=\"forminator-field\" aria-labelledby=\"forminator-checkbox-group-forminator-field-checkbox-1-6a03d9e6113d1-label\"><span id=\"forminator-checkbox-group-forminator-field-checkbox-1-6a03d9e6113d1-label\" class=\"forminator-label\">Industry<\/span><label id=\"forminator-field-checkbox-1-1-6a03d9e6113d1-label\" for=\"forminator-field-checkbox-1-1-6a03d9e6113d1\" class=\"forminator-checkbox\" title=\"Press\"><input type=\"checkbox\" name=\"checkbox-1[]\" value=\"one\" id=\"forminator-field-checkbox-1-1-6a03d9e6113d1\" aria-labelledby=\"forminator-field-checkbox-1-1-6a03d9e6113d1-label\" data-calculation=\"0\"   data-hidden-behavior=\"zero\"\/><span class=\"forminator-checkbox-box\" aria-hidden=\"true\"><\/span><span class=\"forminator-checkbox-label\">Press<\/span><\/label><label id=\"forminator-field-checkbox-1-2-6a03d9e6113d1-label\" for=\"forminator-field-checkbox-1-2-6a03d9e6113d1\" class=\"forminator-checkbox\" title=\"Radio\"><input type=\"checkbox\" name=\"checkbox-1[]\" value=\"two\" id=\"forminator-field-checkbox-1-2-6a03d9e6113d1\" aria-labelledby=\"forminator-field-checkbox-1-2-6a03d9e6113d1-label\" data-calculation=\"0\"   data-hidden-behavior=\"zero\"\/><span class=\"forminator-checkbox-box\" aria-hidden=\"true\"><\/span><span class=\"forminator-checkbox-label\">Radio<\/span><\/label><label id=\"forminator-field-checkbox-1-3-6a03d9e6113d1-label\" for=\"forminator-field-checkbox-1-3-6a03d9e6113d1\" class=\"forminator-checkbox\" title=\"TV\"><input type=\"checkbox\" name=\"checkbox-1[]\" value=\"TV\" id=\"forminator-field-checkbox-1-3-6a03d9e6113d1\" aria-labelledby=\"forminator-field-checkbox-1-3-6a03d9e6113d1-label\" data-calculation=\"0\"   data-hidden-behavior=\"zero\"\/><span class=\"forminator-checkbox-box\" aria-hidden=\"true\"><\/span><span class=\"forminator-checkbox-label\">TV<\/span><\/label><label id=\"forminator-field-checkbox-1-4-6a03d9e6113d1-label\" for=\"forminator-field-checkbox-1-4-6a03d9e6113d1\" class=\"forminator-checkbox\" title=\"Online magazine\"><input type=\"checkbox\" name=\"checkbox-1[]\" value=\"Verkkolehti\" id=\"forminator-field-checkbox-1-4-6a03d9e6113d1\" aria-labelledby=\"forminator-field-checkbox-1-4-6a03d9e6113d1-label\" data-calculation=\"0\"   data-hidden-behavior=\"zero\"\/><span class=\"forminator-checkbox-box\" aria-hidden=\"true\"><\/span><span class=\"forminator-checkbox-label\">Online magazine<\/span><\/label><label id=\"forminator-field-checkbox-1-5-6a03d9e6113d1-label\" for=\"forminator-field-checkbox-1-5-6a03d9e6113d1\" class=\"forminator-checkbox\" title=\"Other, what?\"><input type=\"checkbox\" name=\"checkbox-1[]\" value=\"custom_option\" id=\"forminator-field-checkbox-1-5-6a03d9e6113d1\" aria-labelledby=\"forminator-field-checkbox-1-5-6a03d9e6113d1-label\" data-calculation=\"0\"   data-hidden-behavior=\"zero\"\/><span class=\"forminator-checkbox-box\" aria-hidden=\"true\"><\/span><span class=\"forminator-checkbox-label\">Other, what?<\/span><\/label><div class=\"forminator-field forminator-custom-input\"><input id=\"custom-forminator-field-checkbox-1-5-6a03d9e6113d1\" name=\"custom-checkbox-1\" aria-labelledby=\"forminator-field-checkbox-1-5-6a03d9e6113d1-label\" class=\"forminator-input\" value=\"\" \/><\/div><\/div><\/div><\/div><div class=\"forminator-row\"><div id=\"textarea-1\" class=\"forminator-field-textarea forminator-col forminator-col-12\"><div class=\"forminator-field\"><label for=\"forminator-field-textarea-1_6a03d9e6113d1\" id=\"forminator-field-textarea-1_6a03d9e6113d1-label\" class=\"forminator-label\">Ticket requests<\/label><textarea name=\"textarea-1\" placeholder=\"\" id=\"forminator-field-textarea-1_6a03d9e6113d1\" class=\"forminator-textarea\" rows=\"6\" style=\"min-height:140px;\" ><\/textarea><\/div><\/div><\/div><div class=\"forminator-row\"><div id=\"textarea-2\" class=\"forminator-field-textarea forminator-col forminator-col-12\"><div class=\"forminator-field\"><label for=\"forminator-field-textarea-2_6a03d9e6113d1\" id=\"forminator-field-textarea-2_6a03d9e6113d1-label\" class=\"forminator-label\">Topic of the story<\/label><textarea name=\"textarea-2\" placeholder=\"\" id=\"forminator-field-textarea-2_6a03d9e6113d1\" class=\"forminator-textarea\" rows=\"6\" style=\"min-height:140px;\" ><\/textarea><\/div><\/div><\/div><div class=\"forminator-row\"><div id=\"textarea-3\" class=\"forminator-field-textarea forminator-col forminator-col-12\"><div class=\"forminator-field\"><label for=\"forminator-field-textarea-3_6a03d9e6113d1\" id=\"forminator-field-textarea-3_6a03d9e6113d1-label\" class=\"forminator-label\">Special requests<\/label><textarea name=\"textarea-3\" placeholder=\"\" id=\"forminator-field-textarea-3_6a03d9e6113d1\" class=\"forminator-textarea\" rows=\"6\" style=\"min-height:140px;\" ><\/textarea><\/div><\/div><\/div><div class=\"forminator-row\"><div id=\"name-3\" class=\"forminator-field-name forminator-col forminator-col-12\"><div class=\"forminator-field\"><label for=\"forminator-field-name-3_6a03d9e6113d1\" id=\"forminator-field-name-3_6a03d9e6113d1-label\" class=\"forminator-label\">Name of Delivery Manager\/Editor-in-Chief <span class=\"forminator-required\">*<\/span><\/label><input type=\"text\" name=\"name-3\" value=\"\" placeholder=\"\" id=\"forminator-field-name-3_6a03d9e6113d1\" class=\"forminator-input forminator-name--field\" aria-required=\"true\" autocomplete=\"name\" \/><\/div><\/div><\/div><div class=\"forminator-row\"><div id=\"phone-2\" class=\"forminator-field-phone forminator-col forminator-col-12\"><div class=\"forminator-field\"><label for=\"forminator-field-phone-2_6a03d9e6113d1\" id=\"forminator-field-phone-2_6a03d9e6113d1-label\" class=\"forminator-label\">Delivery Manager\/Editor-in-Chief's phone <span class=\"forminator-required\">*<\/span><\/label><input type=\"text\" name=\"phone-2\" value=\"\" placeholder=\"\" id=\"forminator-field-phone-2_6a03d9e6113d1\" class=\"forminator-input forminator-field--phone\" data-required=\"1\" aria-required=\"true\" autocomplete=\"off\" \/><\/div><\/div><\/div><div class=\"forminator-row\"><div id=\"email-2\" class=\"forminator-field-email forminator-col forminator-col-12\"><div class=\"forminator-field\"><label for=\"forminator-field-email-2_6a03d9e6113d1\" id=\"forminator-field-email-2_6a03d9e6113d1-label\" class=\"forminator-label\">Managing Editor\/Editor-in-Chief's email <span class=\"forminator-required\">*<\/span><\/label><input type=\"email\" name=\"email-2\" value=\"\" placeholder=\"\" id=\"forminator-field-email-2_6a03d9e6113d1\" class=\"forminator-input forminator-email--field\" data-required=\"1\" aria-required=\"true\" autocomplete=\"email\" \/><\/div><\/div><\/div><div class=\"forminator-row\"><div id=\"captcha-1\" class=\"forminator-field-captcha forminator-col forminator-col-12\"><div class=\"forminator-captcha-left forminator-hcaptcha\" data-theme=\"light\"  data-sitekey=\"d1080a26-18b2-4cec-925c-28f61c1e9f00\" data-size=\"normal\"><\/div> <\/div><\/div><input type=\"hidden\" name=\"referer_url\" value=\"\" \/><div class=\"forminator-row forminator-row-last\"><div class=\"forminator-col\"><div class=\"forminator-field\"><button class=\"forminator-button forminator-button-submit\">Send<\/button><\/div><\/div><\/div><input type=\"hidden\" id=\"forminator_nonce\" name=\"forminator_nonce\" value=\"30611813d6\" \/><input type=\"hidden\" name=\"_wp_http_referer\" value=\"\/en\/wp-json\/wp\/v2\/pages\/10487\" \/><input type=\"hidden\" name=\"form_id\" value=\"10648\"><input type=\"hidden\" name=\"page_id\" value=\"10487\"><input type=\"hidden\" name=\"form_type\" value=\"default\"><input type=\"hidden\" name=\"current_url\" value=\"https:\/\/jyvaskylankesa.fi\/en\/media\/\"><input type=\"hidden\" name=\"render_id\" value=\"0\"><input type=\"hidden\" name=\"action\" value=\"forminator_submit_form_custom-forms\"><input type=\"hidden\" name=\"trp-form-language\" value=\"en\"\/><\/form><\/div>\n<\/div>","protected":false},"excerpt":{"rendered":"<p>Media Seuraavan kerran tapaamme 1.\u20137.7.2026. Tervetuloa! Kes\u00e4n kattauksessa yhdistyv\u00e4t kiitellyt kotimaiset, puhutut paikalliset ja kovat kansainv\u00e4liset esiintyj\u00e4t. Esiintymislavoilla n\u00e4hd\u00e4\u00e4n nuoria ja tuoreita kokoonpanoja mutta toisaalta juhlitaan my\u00f6s merkkivuosia ja i\u00e4n tuomaa kokemusta! Ohjelmistosta, esiintyj\u00e4yhteyksist\u00e4 ja viestinn\u00e4st\u00e4 vastaa syys- ja talvikaudella festivaalijohtaja Ky\u00f6sti Ylikulju (kyosti.ylikulju@jyvaskylankesa.fi). Festivaalin kuvapankki Kuvapankista l\u00f6yd\u00e4t painolaatuisia kuvia esiintyjist\u00e4 ja esityksist\u00e4 sek\u00e4 festivaalin [&hellip;]<\/p>\n","protected":false},"author":2,"featured_media":0,"parent":0,"menu_order":13,"comment_status":"closed","ping_status":"closed","template":"","meta":{"_acf_changed":false,"footnotes":""},"class_list":["post-10487","page","type-page","status-publish","hentry"],"acf":[],"_links":{"self":[{"href":"https:\/\/jyvaskylankesa.fi\/en\/wp-json\/wp\/v2\/pages\/10487","targetHints":{"allow":["GET"]}}],"collection":[{"href":"https:\/\/jyvaskylankesa.fi\/en\/wp-json\/wp\/v2\/pages"}],"about":[{"href":"https:\/\/jyvaskylankesa.fi\/en\/wp-json\/wp\/v2\/types\/page"}],"author":[{"embeddable":true,"href":"https:\/\/jyvaskylankesa.fi\/en\/wp-json\/wp\/v2\/users\/2"}],"replies":[{"embeddable":true,"href":"https:\/\/jyvaskylankesa.fi\/en\/wp-json\/wp\/v2\/comments?post=10487"}],"version-history":[{"count":5,"href":"https:\/\/jyvaskylankesa.fi\/en\/wp-json\/wp\/v2\/pages\/10487\/revisions"}],"predecessor-version":[{"id":10849,"href":"https:\/\/jyvaskylankesa.fi\/en\/wp-json\/wp\/v2\/pages\/10487\/revisions\/10849"}],"wp:attachment":[{"href":"https:\/\/jyvaskylankesa.fi\/en\/wp-json\/wp\/v2\/media?parent=10487"}],"curies":[{"name":"wp","href":"https:\/\/api.w.org\/{rel}","templated":true}]}}